{"id":45,"date":"2023-01-30T12:52:01","date_gmt":"2023-01-30T11:52:01","guid":{"rendered":""},"modified":"2026-03-12T20:43:19","modified_gmt":"2026-03-12T19:43:19","slug":"versand_lieferung","status":"publish","type":"page","link":"https:\/\/www.agraritaeten-shop.com\/en\/versand_lieferung\/","title":{"rendered":"Shipping &amp; Delivery"},"content":{"rendered":"<div class=\"row align-center\"  id=\"row-1735003666\">\n\n\n\t<div id=\"col-560688274\" class=\"col medium-9 small-12 large-9\"  >\n\t\t\t\t<div class=\"col-inner\"  >\n\t\t\t\n\t\t\t\n\n<h2 style=\"font-size: 200%;\">Shipping &amp; Delivery<\/h2>\n<h3><span style=\"color: #107938;\">Shipping<\/span><\/h3>\n<p>In addition to the prices stated, we charge flat-rate shipping costs depending on the delivery region. Please refer to the table below for the applicable shipping costs.\u00a0<\/p>\n<p>We currently ship within <strong>Austria <\/strong>and to all <strong>EU Member States<\/strong>, except Spain. In addition, we also ship to the following non-EU countries: <strong>Switzerland<\/strong>, to <strong>Canada<\/strong> and the <strong>United States of America<\/strong>.<\/p>\n<p>Shipping costs are charged only once per order, even if your order is shipped in multiple parcels.<\/p>\n\t<div id=\"text-3286692795\" class=\"text hidden\">\n\t\t\n\n<h2 style=\"font-size: 200%;\">Shipping &amp; Delivery<\/h2>\n<h3><span style=\"color: #107938;\">Shipping<\/span><\/h3>\n<p>In addition to the prices stated, we charge flat-rate shipping costs depending on the delivery region. Please refer to the table below for the applicable shipping costs.\u00a0<\/p>\n<p>Derzeit liefern wir innerhalb \u00d6sterreichs.<\/p>\n<p>Shipping costs are charged only once per order, even if your order is shipped in multiple parcels.\u00a0<\/p>\n<p>All prices and shipping costs listed on the page are excl. VAT due to the small business regulation according to \u00a7 6 para. 1 no. 27 UStG.\u00a0<\/p>\n\t\t\t<\/div>\n\t\n\n\t\t<\/div>\n\t\t\t\t\t<\/div>\n\n\t\n\n\t<div id=\"col-1686568726\" class=\"col medium-9 small-12 large-9\"  >\n\t\t\t\t<div class=\"col-inner text-left\"  >\n\t\t\t\n\t\t\t\n\n<div class=\"row\"  id=\"row-1484325772\">\n\n\n\t<div id=\"col-305906380\" class=\"col medium-10 small-12 large-10\"  >\n\t\t\t\t<div class=\"col-inner\"  >\n\t\t\t\n\t<div class=\"is-border\"\n\t\tstyle=\"border-width:0px 0px 0px 0px;margin:0px 0px 0px 0px;\">\n\t<\/div>\n\t\t\t\n\n\t<div id=\"text-3484510492\" class=\"text\">\n\t\t\n\n<table style=\"height: 215px;\" width=\"410\">\n<tbody>\n<tr>\n<td>\n<p><span style=\"color: #107938; font-size: 110%;\"><strong>AUSTRIA<\/strong><\/span><\/p>\n<\/td>\n<\/tr>\n<tr>\n<td><strong>Shipping AT:<\/strong> 4,50 \u20ac<\/td>\n<\/tr>\n<tr>\n<td><strong>Free Shipping: <\/strong>for orders over \u20ac100<\/td>\n<\/tr>\n<tr>\n<td>\n<p>\u00a0<\/p>\n<p><span style=\"font-size: 110%;\"><strong><span style=\"color: #107938;\">Other EU Countries<\/span><\/strong><\/span><\/p>\n<\/td>\n<\/tr>\n<tr>\n<td><strong>Shipping EU: <\/strong>9,00 \u20ac<\/td>\n<\/tr>\n<tr>\n<td><strong>Free Shipping: <\/strong>for orders over \u20ac100<\/td>\n<\/tr>\n<tr>\n<td>\n<p>\u00a0<\/p>\n<p><span style=\"font-size: 110%;\"><strong><span style=\"color: #107938;\">Switzerland<\/span><\/strong><\/span><\/p>\n<\/td>\n<\/tr>\n<tr>\n<td><strong>Shipping CH: <\/strong>11,50 \u20ac<\/td>\n<\/tr>\n<tr>\n<td><strong>Free Shipping: <\/strong>for orders over \u20ac100<\/td>\n<\/tr>\n<tr>\n<td>\n<p>\u00a0<\/p>\n<p><span style=\"font-size: 110%;\"><strong><span style=\"color: #107938;\">USA\/Canada<\/span><\/strong><\/span><\/p>\n<\/td>\n<\/tr>\n<tr>\n<td><strong>Shipping US\/CA: <\/strong>21,00 \u20ac<\/td>\n<\/tr>\n<\/tbody>\n<\/table>\n\t\t\n<style>\n#text-3484510492 {\n  text-align: center;\n}\n<\/style>\n\t<\/div>\n\t\n\t<div id=\"text-2749224497\" class=\"text hidden\">\n\t\t\n\n<table>\n<tbody>\n<tr>\n<td><span style=\"color: #107938;\"><strong>AUSTRIA<\/strong><\/span><\/td>\n<td>\u00a0<\/td>\n<\/tr>\n<tr>\n<td><strong>AT Shipping<\/strong><\/td>\n<td><strong>free of charge<\/strong><\/td>\n<\/tr>\n<tr>\n<td>4,50 \u20ac<\/td>\n<td>for orders over \u20ac100<\/td>\n<\/tr>\n<tr>\n<td>\n<p>\u00a0<\/p>\n<p>Other EU Countries<\/p>\n<\/td>\n<td>\n<p>\u00a0<\/p>\n<\/td>\n<\/tr>\n<tr>\n<td><strong>EU Shipping<\/strong><\/td>\n<td><strong>aktuell ist kein Versand au\u00dferhalb \u00d6sterreichs m\u00f6glich!<\/strong><\/td>\n<\/tr>\n<tr>\n<td>\u00a0<\/td>\n<td>\u00a0<\/td>\n<\/tr>\n<\/tbody>\n<\/table>\n\t\t\n<style>\n#text-2749224497 {\n  text-align: center;\n}\n<\/style>\n\t<\/div>\n\t\n\n\t\t<\/div>\n\t\t\t\t\n<style>\n#col-305906380 > .col-inner {\n  padding: 0px 0px 0px 0px;\n  margin: 0px 0px 0px 0px;\n}\n<\/style>\n\t<\/div>\n\n\t\n\n\n<style>\n#row-1484325772 > .col > .col-inner {\n  padding: 0px 0px 0px 0px;\n}\n<\/style>\n<\/div>\n\n\t\t<\/div>\n\t\t\t\t\n<style>\n#col-1686568726 > .col-inner {\n  padding: 0px 0px 0px 0px;\n}\n<\/style>\n\t<\/div>\n\n\t\n\n\t<div id=\"col-647732576\" class=\"col medium-9 small-12 large-9\"  >\n\t\t\t\t<div class=\"col-inner\"  >\n\t\t\t\n\t\t\t\n\n\t<div id=\"text-1473719457\" class=\"text hidden\">\n\t\t\n\n<h3><span style=\"color: #107938;\">Delivery<\/span><\/h3>\n<p>Die Lieferzeit betr\u00e4gt in der Regel 3-5 Werktage innerhalb \u00d6sterreichs. Sollte Ihre Sendung nicht ankommen, so <a style=\"color: #107938;\" href=\"https:\/\/www.agraritaeten-shop.com\/en\/kontakt\/\">contact<\/a> us. All shipments are sent with tracking, allowing us to investigate the matter.\u00a0<\/p>\n<p>Shipping is carried out via Austrian Post. However, we reserve the right to use other delivery service providers if necessary. Shipping costs remain the same.\u00a0<\/p>\n<p>Wir versuchen, die Ware so gut es geht zu verpacken und verwenden dazu mit Karton verst\u00e4rkte Versandtaschen und Folien, um auch vor Feuchtigkeit zu sch\u00fctzen. Sollte dennoch einmal etwas am Postweg passieren, so nehmen Sie bitte mit uns <a style=\"color: #107938;\" href=\"https:\/\/www.agraritaeten-shop.com\/en\/kontakt\/\">Contact<\/a> us and we will do our best to find a suitable solution.\u00a0<\/p>\n<p>If you have chosen bank transfer as your payment method, delivery time depends on the date your payment is received. Orders will be dispatched only after receipt of payment, which may extend the delivery time accordingly.\u00a0<\/p>\n\t\t\t<\/div>\n\t\n<h3><span style=\"color: #107938;\">Delivery<\/span><\/h3>\n<p>We deliver your order quickly and reliably! Within Austria, you can usually expect your items within 5\u20137 business days. For other EU countries and Switzerland, delivery typically takes 7\u201310 business days. For our customers in Canada and the United States of America, delivery may take up to 15 business days.<\/p>\n<p>If your order does not arrive, please\u00a0<a href=\"https:\/\/www.agraritaeten-shop.com\/en\/kontakt\/\">contact<\/a>\u00a0us. All shipments are sent with tracking, allowing us to investigate the matter.\u00a0<\/p>\n<p>Shipping is carried out via Austrian Post. However, we reserve the right to use other delivery service providers if necessary. Shipping costs remain the same.\u00a0<\/p>\n<p>We make every effort to pack our goods carefully, using reinforced cardboard shipping envelopes and reusable protective films to prevent damage and moisture. Should any damage occur during shipping, please <a style=\"color: #107938;\" href=\"https:\/\/www.agraritaeten-shop.com\/en\/kontakt\/\">Contact<\/a> us and we will do our best to find a suitable solution.\u00a0<\/p>\n<p>If you have chosen bank transfer as your payment method, delivery time depends on the date your payment is received. Orders will be dispatched only after receipt of payment, which may extend the delivery time accordingly.\u00a0<\/p>\n\n\t\t<\/div>\n\t\t\t\t\t<\/div>\n\n\t\n\n\t<div id=\"col-1729613570\" class=\"col medium-9 small-12 large-9\"  >\n\t\t\t\t<div class=\"col-inner\"  >\n\t\t\t\n\t\t\t\n\n\t<div id=\"text-344704308\" class=\"text hidden\">\n\t\t\n\n<h3><span style=\"color: #107938;\">Delivery<\/span><\/h3>\n<p>Die Lieferzeit betr\u00e4gt in der Regel 3-5 Werktage innerhalb \u00d6sterreichs. Sollte Ihre Sendung nicht ankommen, so <a style=\"color: #107938;\" href=\"https:\/\/www.agraritaeten-shop.com\/en\/kontakt\/\">contact<\/a> us. All shipments are sent with tracking, allowing us to investigate the matter.\u00a0<\/p>\n<p>Shipping is carried out via Austrian Post. However, we reserve the right to use other delivery service providers if necessary. Shipping costs remain the same.\u00a0<\/p>\n<p>Wir versuchen, die Ware so gut es geht zu verpacken und verwenden dazu mit Karton verst\u00e4rkte Versandtaschen und Folien, um auch vor Feuchtigkeit zu sch\u00fctzen. Sollte dennoch einmal etwas am Postweg passieren, so nehmen Sie bitte mit uns <a style=\"color: #107938;\" href=\"https:\/\/www.agraritaeten-shop.com\/en\/kontakt\/\">Contact<\/a> us and we will do our best to find a suitable solution.\u00a0<\/p>\n<p>If you have chosen bank transfer as your payment method, delivery time depends on the date your payment is received. Orders will be dispatched only after receipt of payment, which may extend the delivery time accordingly.\u00a0<\/p>\n\t\t\t<\/div>\n\t\n<h3><span style=\"color: #107938;\">Customs and Import Regulations<\/span><\/h3>\n<p>For deliveries to non-EU countries, in particular to Switzerland, the United States of America, and Canada, additional customs duties, taxes, and other import charges may apply.<\/p>\n<p>These charges are not included in the purchase price or shipping costs and must be borne by the customer or recipient. The amount of such charges is determined by the applicable laws and regulations of the destination country.<\/p>\n<p>Please note that customs clearance procedures may result in delivery delays beyond our control.<\/p>\n\n\t\t<\/div>\n\t\t\t\t\t<\/div>\n\n\t\n\n\t<div id=\"col-742340958\" class=\"col medium-9 small-12 large-9\"  >\n\t\t\t\t<div class=\"col-inner\"  >\n\t\t\t\n\t\t\t\n\n\t<div id=\"text-3977003863\" class=\"text hidden\">\n\t\t\n\n<h3><span style=\"color: #107938;\">Delivery<\/span><\/h3>\n<p>Die Lieferzeit betr\u00e4gt in der Regel 3-5 Werktage innerhalb \u00d6sterreichs. Sollte Ihre Sendung nicht ankommen, so <a style=\"color: #107938;\" href=\"https:\/\/www.agraritaeten-shop.com\/en\/kontakt\/\">contact<\/a> us. All shipments are sent with tracking, allowing us to investigate the matter.\u00a0<\/p>\n<p>Shipping is carried out via Austrian Post. However, we reserve the right to use other delivery service providers if necessary. Shipping costs remain the same.\u00a0<\/p>\n<p>Wir versuchen, die Ware so gut es geht zu verpacken und verwenden dazu mit Karton verst\u00e4rkte Versandtaschen und Folien, um auch vor Feuchtigkeit zu sch\u00fctzen. Sollte dennoch einmal etwas am Postweg passieren, so nehmen Sie bitte mit uns <a style=\"color: #107938;\" href=\"https:\/\/www.agraritaeten-shop.com\/en\/kontakt\/\">Contact<\/a> us and we will do our best to find a suitable solution.\u00a0<\/p>\n<p>If you have chosen bank transfer as your payment method, delivery time depends on the date your payment is received. Orders will be dispatched only after receipt of payment, which may extend the delivery time accordingly.\u00a0<\/p>\n\t\t\t<\/div>\n\t\n<h3><span style=\"color: #107938;\">Value \/ Gift Vouchers<\/span><\/h3>\n<p>Value vouchers are sent by email immediately after completion of the payment process. In the case of payment by bank transfer, the voucher will be issued after receipt of payment on our account.<\/p>\n<p>No shipping costs apply.\u00a0<\/p>\n\n\t\t<\/div>\n\t\t\t\t\t<\/div>\n\n\t\n\n<\/div>","protected":false},"excerpt":{"rendered":"","protected":false},"author":1,"featured_media":0,"parent":0,"menu_order":0,"comment_status":"closed","ping_status":"closed","template":"","meta":{"footnotes":""},"class_list":["post-45","page","type-page","status-publish","hentry"],"_links":{"self":[{"href":"https:\/\/www.agraritaeten-shop.com\/en\/wp-json\/wp\/v2\/pages\/45","targetHints":{"allow":["GET"]}}],"collection":[{"href":"https:\/\/www.agraritaeten-shop.com\/en\/wp-json\/wp\/v2\/pages"}],"about":[{"href":"https:\/\/www.agraritaeten-shop.com\/en\/wp-json\/wp\/v2\/types\/page"}],"author":[{"embeddable":true,"href":"https:\/\/www.agraritaeten-shop.com\/en\/wp-json\/wp\/v2\/users\/1"}],"replies":[{"embeddable":true,"href":"https:\/\/www.agraritaeten-shop.com\/en\/wp-json\/wp\/v2\/comments?post=45"}],"version-history":[{"count":46,"href":"https:\/\/www.agraritaeten-shop.com\/en\/wp-json\/wp\/v2\/pages\/45\/revisions"}],"predecessor-version":[{"id":25558,"href":"https:\/\/www.agraritaeten-shop.com\/en\/wp-json\/wp\/v2\/pages\/45\/revisions\/25558"}],"wp:attachment":[{"href":"https:\/\/www.agraritaeten-shop.com\/en\/wp-json\/wp\/v2\/media?parent=45"}],"curies":[{"name":"wp","href":"https:\/\/api.w.org\/{rel}","templated":true}]}}