{"id":800,"date":"2023-02-11T13:52:34","date_gmt":"2023-02-11T12:52:34","guid":{"rendered":"https:\/\/www.agraritaeten-shop.com\/?page_id=800"},"modified":"2026-04-04T12:59:59","modified_gmt":"2026-04-04T10:59:59","slug":"kontakt","status":"publish","type":"page","link":"https:\/\/www.agraritaeten-shop.com\/en\/kontakt\/","title":{"rendered":"Contact"},"content":{"rendered":"\n<div class=\"row align-center\"  id=\"row-876115043\">\n\n\n\t<div id=\"col-562225360\" class=\"col medium-9 small-12 large-9\"  >\n\t\t\t\t<div class=\"col-inner text-left\"  >\n\t\t\t\n\t\t\t\n\n<h2 style=\"font-size: 200%;\">Haben Sie Fragen?<\/h2>\n<p>Dann schreiben Sie uns eine Nachricht. Wir werden versuchen, Ihr Anliegen so rasch als m\u00f6glich zu bearbeiten.<br \/>Jedes St\u00fcck, das wir verkaufen ist etwas Besonderes f\u00fcr uns. Wir verkaufen nur, was wir doppelt haben. Daher ist es uns wichtig, dass Sie mit Ihrem neuen Sammlerst\u00fcck ebenso viel Freude haben, wie wir.\u00a0<br \/>Haben Sie Anregungen f\u00fcr uns? K\u00f6nnen wir etwas Verbessern? Schreiben Sie uns und helfen Sie mit diesen Webshop st\u00e4ndig zu verbessern!<\/p>\n<p><span style=\"color: #cd9a2d;\">Wir freuen uns aber auch immer \u00fcber nette Worte. Wenn Sie mit unserem Service zufrieden sind, dann teilen Sie uns das bitte mit. Mit Ihrer Erlaubnis, ver\u00f6ffentlichen wir das dann auch gerne auf unserer Seite.<\/span>\u00a0<\/p>\n\n\t\t<\/div>\n\t\t\t\t\n<style>\n#col-562225360 > .col-inner {\n  margin: 10px 0px 0px 0px;\n}\n<\/style>\n\t<\/div>\n\n\t\n\n\n<style>\n#row-876115043 > .col > .col-inner {\n  padding: 0px 0px 0px 0px;\n}\n<\/style>\n<\/div>\n<div class=\"row align-center\"  id=\"row-1029110032\">\n\n\n\t<div id=\"col-515789169\" class=\"col medium-9 small-12 large-9\"  >\n\t\t\t\t<div class=\"col-inner\" style=\"background-color:rgba(131, 131, 69, 0.413);\" >\n\t\t\t\n\t\t\t\n\n\n\t<section class=\"section\" id=\"section_1012436268\">\n\t\t<div class=\"section-bg fill\" >\n\t\t\t\t\t\t\t\t\t\n\t\t\t\n\t<div class=\"is-border\"\n\t\tstyle=\"border-color:rgb(235, 235, 235);border-width:1px 1px 1px 1px;\">\n\t<\/div>\n\n\t\t<\/div>\n\n\t\t\n\n\t\t<div class=\"section-content relative\">\n\t\t\t\n\n<div class=\"row row-large\"  id=\"row-1901062134\">\n\n\n\t<div id=\"col-1645839490\" class=\"col medium-7 small-12 large-7\"  >\n\t\t\t\t<div class=\"col-inner\"  >\n\t\t\t\n\t\t\t\n\n<div class=\"wpforms-container wpforms-container-full\" id=\"wpforms-1030\"><form id=\"wpforms-form-1030\" class=\"wpforms-validate wpforms-form wpforms-ajax-form\" data-formid=\"1030\" method=\"post\" enctype=\"multipart\/form-data\" action=\"\/en\/wp-json\/wp\/v2\/pages\/800\" data-token=\"224087cd68989ac4a98a5da7ca765efa\" data-token-time=\"1776949505\"><noscript class=\"wpforms-error-noscript\">Please enable JavaScript in your browser to complete this form.<\/noscript><div class=\"wpforms-field-container\"><div id=\"wpforms-1030-field_0-container\" class=\"wpforms-field wpforms-field-name\" data-field-id=\"0\"><label class=\"wpforms-field-label\">Name <span class=\"wpforms-required-label\">*<\/span><\/label><div class=\"wpforms-field-row wpforms-field-large\"><div class=\"wpforms-field-row-block wpforms-first wpforms-one-half\"><input type=\"text\" id=\"wpforms-1030-field_0\" class=\"wpforms-field-name-first wpforms-field-required\" name=\"wpforms[fields][0][first]\" required><label for=\"wpforms-1030-field_0\" class=\"wpforms-field-sublabel after\">First<\/label><\/div><div class=\"wpforms-field-row-block wpforms-one-half\"><input type=\"text\" id=\"wpforms-1030-field_0-last\" class=\"wpforms-field-name-last wpforms-field-required\" name=\"wpforms[fields][0][last]\" required><label for=\"wpforms-1030-field_0-last\" class=\"wpforms-field-sublabel after\">Last<\/label><\/div><\/div><\/div><div id=\"wpforms-1030-field_1-container\" class=\"wpforms-field wpforms-field-email\" data-field-id=\"1\"><label class=\"wpforms-field-label\" for=\"wpforms-1030-field_1\">E-Mail <span class=\"wpforms-required-label\">*<\/span><\/label><input type=\"email\" id=\"wpforms-1030-field_1\" class=\"wpforms-field-large wpforms-field-required\" name=\"wpforms[fields][1]\" spellcheck=\"false\" required><\/div><div id=\"wpforms-1030-field_2-container\" class=\"wpforms-field wpforms-field-textarea\" data-field-id=\"2\"><label class=\"wpforms-field-label\" for=\"wpforms-1030-field_2\">Ihre Nachricht <span class=\"wpforms-required-label\">*<\/span><\/label><textarea id=\"wpforms-1030-field_2\" class=\"wpforms-field-medium wpforms-field-required wpforms-limit-characters-enabled\" data-form-id=\"1030\" data-field-id=\"2\" data-text-limit=\"1000\" name=\"wpforms[fields][2]\" maxlength=\"1000\" required><\/textarea><\/div><div id=\"wpforms-1030-field_9-container\" class=\"wpforms-field wpforms-field-gdpr-checkbox\" data-field-id=\"9\"><label class=\"wpforms-field-label\">DSGVO-Einverst\u00e4ndnis <span class=\"wpforms-required-label\">*<\/span><\/label><ul id=\"wpforms-1030-field_9\" class=\"wpforms-field-required\"><li class=\"choice-1\"><input type=\"checkbox\" id=\"wpforms-1030-field_9_1\" name=\"wpforms[fields][9][]\" value=\"Ich best\u00e4tige, dass ich den &lt;a href=&quot;https:\/\/www.agraritaeten-shop.com\/datenschutzerklaerung\/&quot;&gt;Datenschutzbestimmungen&lt;\/a&gt; zustimme und willige ein, dass meine \u00fcbermittelten Informationen zur Beantwortung dieser Anfrage verarbeitet werden d\u00fcrfen.\" required ><label class=\"wpforms-field-label-inline\" for=\"wpforms-1030-field_9_1\">Ich best\u00e4tige, dass ich den <a href=\"https:\/\/www.agraritaeten-shop.com\/datenschutzerklaerung\/\">Datenschutzbestimmungen<\/a> zustimme und willige ein, dass meine \u00fcbermittelten Informationen zur Beantwortung dieser Anfrage verarbeitet werden d\u00fcrfen.<\/label><\/li><\/ul><\/div><\/div><!-- .wpforms-field-container --><div class=\"wpforms-submit-container\" ><input type=\"hidden\" name=\"wpforms[id]\" value=\"1030\"><input type=\"hidden\" name=\"page_title\" value=\"\"><input type=\"hidden\" name=\"page_url\" value=\"https:\/\/www.agraritaeten-shop.com\/en\/wp-json\/wp\/v2\/pages\/800\"><input type=\"hidden\" name=\"url_referer\" value=\"\"><button type=\"submit\" name=\"wpforms[submit]\" id=\"wpforms-submit-1030\" class=\"wpforms-submit\" data-alt-text=\"Senden\u2026\" data-submit-text=\"Absenden\" aria-live=\"assertive\" value=\"wpforms-submit\">Absenden<\/button><img loading=\"lazy\" decoding=\"async\" src=\"https:\/\/www.agraritaeten-shop.com\/wp-content\/plugins\/wpforms-lite\/assets\/images\/submit-spin.svg\" class=\"wpforms-submit-spinner\" style=\"display: none;\" width=\"26\" height=\"26\" alt=\"Loading\"><\/div><\/form><\/div>  <!-- .wpforms-container -->\n\n\n\t\t<\/div>\n\t\t\t\t\t<\/div>\n\n\t\n\n\t<div id=\"col-1222375645\" class=\"col medium-5 small-12 large-5\"  >\n\t\t\t\t<div class=\"col-inner\"  >\n\t\t\t\n\t\t\t\n\n\t<div class=\"img has-hover x md-x lg-x y md-y lg-y\" id=\"image_488546151\">\n\t\t\t\t\t\t\t\t<div class=\"img-inner dark\" >\n\t\t\t<img loading=\"lazy\" decoding=\"async\" width=\"600\" height=\"187\" src=\"https:\/\/www.agraritaeten-shop.com\/wp-content\/uploads\/Logo_clean_4.png\" class=\"attachment-medium_large size-medium_large\" alt=\"Agrarit\u00e4ten Shop\" srcset=\"https:\/\/www.agraritaeten-shop.com\/wp-content\/uploads\/Logo_clean_4.png 600w, https:\/\/www.agraritaeten-shop.com\/wp-content\/uploads\/Logo_clean_4-510x159.png 510w, https:\/\/www.agraritaeten-shop.com\/wp-content\/uploads\/Logo_clean_4-300x94.png 300w\" sizes=\"auto, (max-width: 600px) 100vw, 600px\" \/>\t\t\t\t\t\t\n\t\t\t\t\t<\/div>\n\t\t\t\t\t\t\t\t\n<style>\n#image_488546151 {\n  width: 70%;\n}\n<\/style>\n\t<\/div>\n\t\n\n\t<div id=\"text-761466844\" class=\"text\">\n\t\t\n\n<p><span style=\"color: #555;\">der Shop f\u00fcr Sammler und Traktor Freunde<\/span><\/p>\n<p><span style=\"color: #555;\">AgRarit\u00e4ten Shop e.U.<br \/>Einwanggasse 19\/1\/13<\/span><br \/><span style=\"color: #555;\">1140 Wien<\/span><br \/><span style=\"color: #555;\">\u00d6sterreich<\/span><\/p>\n<p><span style=\"color: #555;\">Inhaberin:<\/span><br \/><span style=\"color: #555;\">Mag.<sup>a<\/sup> Maria Prillinger<\/span><\/p>\n\t\t\n<style>\n#text-761466844 {\n  font-size: 0.9rem;\n  line-height: 1.3;\n}\n<\/style>\n\t<\/div>\n\t\n\t<div id=\"gap-1736727493\" class=\"gap-element clearfix\" style=\"display:block; height:auto;\">\n\t\t\n<style>\n#gap-1736727493 {\n  padding-top: 20px;\n}\n<\/style>\n\t<\/div>\n\t\n\n<div class=\"social-icons follow-icons\" style=\"font-size:93%\"><a href=\"https:\/\/www.facebook.com\/people\/AgRarit%C3%A4ten-Shop\/100090205178568\/\" target=\"_blank\" data-label=\"Facebook\" class=\"icon plain tooltip facebook\" title=\"Follow on Facebook\" aria-label=\"Follow on Facebook\" rel=\"noopener nofollow\"><i class=\"icon-facebook\" aria-hidden=\"true\"><\/i><\/a><a href=\"https:\/\/www.instagram.com\/agraritaeten_shop\/\" target=\"_blank\" data-label=\"Instagram\" class=\"icon plain tooltip instagram\" title=\"Follow on Instagram\" aria-label=\"Follow on Instagram\" rel=\"noopener nofollow\"><i class=\"icon-instagram\" aria-hidden=\"true\"><\/i><\/a><a href=\"https:\/\/www.linkedin.com\/company\/agraritaeten-shop\/\" data-label=\"LinkedIn\" target=\"_blank\" class=\"icon plain tooltip linkedin\" title=\"Follow on LinkedIn\" aria-label=\"Follow on LinkedIn\" rel=\"noopener nofollow\"><i class=\"icon-linkedin\" aria-hidden=\"true\"><\/i><\/a><\/div>\n\n\n\t\t<\/div>\n\t\t\t\t\n<style>\n#col-1222375645 > .col-inner {\n  padding: 0px 0px 0px 0px;\n  margin: 15px 0px 0px 0px;\n}\n<\/style>\n\t<\/div>\n\n\t\n\n\n<style>\n#row-1901062134 > .col > .col-inner {\n  padding: 10px 10px 10px 10px;\n}\n@media (min-width:550px) {\n  #row-1901062134 > .col > .col-inner {\n    padding: 20px 30px 0px 10px;\n  }\n}\n<\/style>\n<\/div>\n\n\t\t<\/div>\n\n\t\t\n<style>\n#section_1012436268 {\n  padding-top: 0px;\n  padding-bottom: 0px;\n}\n<\/style>\n\t<\/section>\n\t\n\n\t\t<\/div>\n\t\t\t\t\n<style>\n#col-515789169 > .col-inner {\n  margin: 0px 0px 0px 0px;\n}\n<\/style>\n\t<\/div>\n\n\t\n\n<\/div>\n\n","protected":false},"excerpt":{"rendered":"","protected":false},"author":1,"featured_media":0,"parent":0,"menu_order":0,"comment_status":"closed","ping_status":"closed","template":"","meta":{"footnotes":""},"class_list":["post-800","page","type-page","status-publish","hentry"],"_links":{"self":[{"href":"https:\/\/www.agraritaeten-shop.com\/en\/wp-json\/wp\/v2\/pages\/800","targetHints":{"allow":["GET"]}}],"collection":[{"href":"https:\/\/www.agraritaeten-shop.com\/en\/wp-json\/wp\/v2\/pages"}],"about":[{"href":"https:\/\/www.agraritaeten-shop.com\/en\/wp-json\/wp\/v2\/types\/page"}],"author":[{"embeddable":true,"href":"https:\/\/www.agraritaeten-shop.com\/en\/wp-json\/wp\/v2\/users\/1"}],"replies":[{"embeddable":true,"href":"https:\/\/www.agraritaeten-shop.com\/en\/wp-json\/wp\/v2\/comments?post=800"}],"version-history":[{"count":50,"href":"https:\/\/www.agraritaeten-shop.com\/en\/wp-json\/wp\/v2\/pages\/800\/revisions"}],"predecessor-version":[{"id":26177,"href":"https:\/\/www.agraritaeten-shop.com\/en\/wp-json\/wp\/v2\/pages\/800\/revisions\/26177"}],"wp:attachment":[{"href":"https:\/\/www.agraritaeten-shop.com\/en\/wp-json\/wp\/v2\/media?parent=800"}],"curies":[{"name":"wp","href":"https:\/\/api.w.org\/{rel}","templated":true}]}}