{"id":10553,"date":"2024-02-15T19:46:59","date_gmt":"2024-02-15T18:46:59","guid":{"rendered":"https:\/\/www.agraritaeten-shop.com\/?post_type=product&#038;p=10553"},"modified":"2026-04-01T14:56:15","modified_gmt":"2026-04-01T12:56:15","slug":"ihc-deering-prospekt-lieferprogramm-traktoren-und-anhaengergeraete","status":"publish","type":"product","link":"https:\/\/www.agraritaeten-shop.com\/en\/shop\/prospekte\/prospekte_ihc-international\/ihc-deering-prospekt-lieferprogramm-traktoren-und-anhaengergeraete\/","title":{"rendered":"IHC Deering Prospekt Lieferprogramm Traktoren und Anh\u00e4ngerger\u00e4te"},"content":{"rendered":"<h1><strong>original brochure<br \/>\n<\/strong><\/h1>\n<h2>IHC Deering Lieferprogramm<br \/>\n<span style=\"font-size: 75%;\">Traktoren und Anh\u00e4ngerger\u00e4te, Binder, Grasm\u00e4her, Getreideerntemaschinen<\/span><br \/>\n<span style=\"font-size: 75%;\">Heuwender, Drillmaschinen, D\u00fcngerstreuer, Kartoffelroder, Lastwagen, Motoren, Maisbinder<\/span><\/h2>\n<ul>\n<li>approx. A6 Format<\/li>\n<li>16 pages<\/li>\n<li>German<\/li>\n<li>punched<\/li>\n<li>used<\/li>\n<li>good condition<\/li>\n<li>100% original<\/li>\n<li>Print No.: <em>D 167-D<\/em><\/li>\n<\/ul>","protected":false},"excerpt":{"rendered":"<p>original Prospekt IHC Deering Lieferprogramm Traktoren und Anh\u00e4ngerger\u00e4te, Binder, Grasm\u00e4her, Getreideerntemaschinen Heuwender, Drillmaschinen, D\u00fcngerstreuer, Kartoffelroder, Lastwagen, Motoren, Maisbinder ca. A6 Format 16 Seiten Deutsch gelocht gebraucht guter Zustand 100% original DruckNr. D 167-D<\/p>","protected":false},"featured_media":10480,"template":"","meta":[],"product_brand":[],"product_cat":[42,122,45],"product_tag":[1413,512,477,860,210,971,185,187,1034,1414,1415,441,186,256,249],"class_list":{"0":"post-10553","1":"product","2":"type-product","3":"status-publish","4":"has-post-thumbnail","6":"product_cat-ihc_international","7":"product_cat-prospekte_ihc-international","8":"product_cat-prospekte","9":"product_tag-anhaengergeraete","10":"product_tag-binder","11":"product_tag-deering","12":"product_tag-drillmaschinen","13":"product_tag-duengerstreuer","14":"product_tag-grasmaeher","15":"product_tag-ihc","16":"product_tag-international","17":"product_tag-kartoffelroder","18":"product_tag-lastwagen","19":"product_tag-maisbinder","20":"product_tag-motoren","21":"product_tag-prospekt","22":"product_tag-schlepper","23":"product_tag-traktoren","25":"first","26":"instock","27":"shipping-taxable","28":"purchasable","29":"product-type-simple"},"_links":{"self":[{"href":"https:\/\/www.agraritaeten-shop.com\/en\/wp-json\/wp\/v2\/product\/10553","targetHints":{"allow":["GET"]}}],"collection":[{"href":"https:\/\/www.agraritaeten-shop.com\/en\/wp-json\/wp\/v2\/product"}],"about":[{"href":"https:\/\/www.agraritaeten-shop.com\/en\/wp-json\/wp\/v2\/types\/product"}],"wp:featuredmedia":[{"embeddable":true,"href":"https:\/\/www.agraritaeten-shop.com\/en\/wp-json\/wp\/v2\/media\/10480"}],"wp:attachment":[{"href":"https:\/\/www.agraritaeten-shop.com\/en\/wp-json\/wp\/v2\/media?parent=10553"}],"wp:term":[{"taxonomy":"product_brand","embeddable":true,"href":"https:\/\/www.agraritaeten-shop.com\/en\/wp-json\/wp\/v2\/product_brand?post=10553"},{"taxonomy":"product_cat","embeddable":true,"href":"https:\/\/www.agraritaeten-shop.com\/en\/wp-json\/wp\/v2\/product_cat?post=10553"},{"taxonomy":"product_tag","embeddable":true,"href":"https:\/\/www.agraritaeten-shop.com\/en\/wp-json\/wp\/v2\/product_tag?post=10553"}],"curies":[{"name":"wp","href":"https:\/\/api.w.org\/{rel}","templated":true}]}}