{"id":10798,"date":"2024-02-26T08:46:02","date_gmt":"2024-02-26T07:46:02","guid":{"rendered":"https:\/\/www.agraritaeten-shop.com\/?post_type=product&#038;p=10798"},"modified":"2024-09-04T10:03:16","modified_gmt":"2024-09-04T08:03:16","slug":"h-faehse-prospekt-unterblatt-bandspritzgeraet-ubb","status":"publish","type":"product","link":"https:\/\/www.agraritaeten-shop.com\/en\/shop\/prospekte\/sonstige-prospekte\/h-faehse-prospekt-unterblatt-bandspritzgeraet-ubb\/","title":{"rendered":"H. F\u00c4HSE Prospekt Unterblatt-Bandspritzger\u00e4t UBB"},"content":{"rendered":"<h1><strong>original brochure<br \/>\n<\/strong><\/h1>\n<h2>H. F\u00c4HSE Unterblatt-Bandspritzger\u00e4t UBB<br \/>\nim Zuckerr\u00fcbenanbau<\/h2>\n<ul>\n<li>A4 format<\/li>\n<li>1 sheet, printed on both sides<\/li>\n<li>German<\/li>\n<li>punched<\/li>\n<li>used<\/li>\n<li>top edge creased with a small tear<\/li>\n<li>otherwise in good condition<\/li>\n<li>100% original<\/li>\n<\/ul>","protected":false},"excerpt":{"rendered":"<p>original Prospekt H. F\u00c4HSE Unterblatt-Bandspritzger\u00e4t UBB im Zuckerr\u00fcbenanbau A4 Format 1 Blatt, beidseitig bedruckt Deutsch gelocht gebraucht obere Kante geknickt und kleiner Riss ansonsten gut erhalten 100% original<\/p>","protected":false},"featured_media":10692,"template":"","meta":[],"product_brand":[],"product_cat":[45,132,123],"product_tag":[1472,186,1473,1474],"class_list":{"0":"post-10798","1":"product","2":"type-product","3":"status-publish","4":"has-post-thumbnail","6":"product_cat-prospekte","7":"product_cat-sonstige-prospekte","8":"product_cat-sonstige","9":"product_tag-faehse","10":"product_tag-prospekt","11":"product_tag-unterblatt-bandspritzgeraet","12":"product_tag-zuckerruebenanbau","14":"first","15":"instock","16":"shipping-taxable","17":"purchasable","18":"product-type-simple"},"_links":{"self":[{"href":"https:\/\/www.agraritaeten-shop.com\/en\/wp-json\/wp\/v2\/product\/10798","targetHints":{"allow":["GET"]}}],"collection":[{"href":"https:\/\/www.agraritaeten-shop.com\/en\/wp-json\/wp\/v2\/product"}],"about":[{"href":"https:\/\/www.agraritaeten-shop.com\/en\/wp-json\/wp\/v2\/types\/product"}],"wp:featuredmedia":[{"embeddable":true,"href":"https:\/\/www.agraritaeten-shop.com\/en\/wp-json\/wp\/v2\/media\/10692"}],"wp:attachment":[{"href":"https:\/\/www.agraritaeten-shop.com\/en\/wp-json\/wp\/v2\/media?parent=10798"}],"wp:term":[{"taxonomy":"product_brand","embeddable":true,"href":"https:\/\/www.agraritaeten-shop.com\/en\/wp-json\/wp\/v2\/product_brand?post=10798"},{"taxonomy":"product_cat","embeddable":true,"href":"https:\/\/www.agraritaeten-shop.com\/en\/wp-json\/wp\/v2\/product_cat?post=10798"},{"taxonomy":"product_tag","embeddable":true,"href":"https:\/\/www.agraritaeten-shop.com\/en\/wp-json\/wp\/v2\/product_tag?post=10798"}],"curies":[{"name":"wp","href":"https:\/\/api.w.org\/{rel}","templated":true}]}}