{"id":11024,"date":"2024-03-18T16:10:38","date_gmt":"2024-03-18T15:10:38","guid":{"rendered":"https:\/\/www.agraritaeten-shop.com\/?post_type=product&#038;p=11024"},"modified":"2025-10-27T14:25:55","modified_gmt":"2025-10-27T13:25:55","slug":"klausing-rabewerk-prospekt-schael-saat-pfluege","status":"publish","type":"product","link":"https:\/\/www.agraritaeten-shop.com\/en\/shop\/sonstige\/klausing-rabewerk-prospekt-schael-saat-pfluege\/","title":{"rendered":"KLAUSING-RABEWERK Prospekt Sch\u00e4l-Saat-Pfl\u00fcge"},"content":{"rendered":"<h1><span style=\"font-size: 100%;\"><strong>original brochure<\/strong><\/span><\/h1>\n<h1>KLAUSING-RABEWERK-RABBER<br \/>\nSch\u00e4l-Saat-Pfl\u00fcge<\/h1>\n<ul>\n<li>A4 format<\/li>\n<li>4 pages<\/li>\n<li>German<\/li>\n<li>punched<\/li>\n<li>used<\/li>\n<li>worn condition, minor damage, torn halfway along the spine<\/li>\n<li>100% original<\/li>\n<li>ProspektNr.: 535\/A<\/li>\n<\/ul>","protected":false},"excerpt":{"rendered":"<p>original Prospekt KLAUSING-RABEWERK-RABBER Sch\u00e4l-Saat-Pfl\u00fcge A4 Format 4 Seiten Deutsch gelocht gebraucht abgegriffener Zustand, leichte Besch\u00e4digung, am Bug bis zur H\u00e4lfte eingerissen 100% original ProspektNr.: 535\/A<\/p>","protected":false},"featured_media":10920,"template":"","meta":[],"product_brand":[],"product_cat":[123,45,132],"product_tag":[1508,369,186,994,996,1509],"class_list":{"0":"post-11024","1":"product","2":"type-product","3":"status-publish","4":"has-post-thumbnail","6":"product_cat-sonstige","7":"product_cat-prospekte","8":"product_cat-sonstige-prospekte","9":"product_tag-klausing","10":"product_tag-pfluege","11":"product_tag-prospekt","12":"product_tag-rabe","13":"product_tag-rabe-werk","14":"product_tag-rabewerk","16":"first","17":"outofstock","18":"shipping-taxable","19":"purchasable","20":"product-type-simple"},"_links":{"self":[{"href":"https:\/\/www.agraritaeten-shop.com\/en\/wp-json\/wp\/v2\/product\/11024","targetHints":{"allow":["GET"]}}],"collection":[{"href":"https:\/\/www.agraritaeten-shop.com\/en\/wp-json\/wp\/v2\/product"}],"about":[{"href":"https:\/\/www.agraritaeten-shop.com\/en\/wp-json\/wp\/v2\/types\/product"}],"wp:featuredmedia":[{"embeddable":true,"href":"https:\/\/www.agraritaeten-shop.com\/en\/wp-json\/wp\/v2\/media\/10920"}],"wp:attachment":[{"href":"https:\/\/www.agraritaeten-shop.com\/en\/wp-json\/wp\/v2\/media?parent=11024"}],"wp:term":[{"taxonomy":"product_brand","embeddable":true,"href":"https:\/\/www.agraritaeten-shop.com\/en\/wp-json\/wp\/v2\/product_brand?post=11024"},{"taxonomy":"product_cat","embeddable":true,"href":"https:\/\/www.agraritaeten-shop.com\/en\/wp-json\/wp\/v2\/product_cat?post=11024"},{"taxonomy":"product_tag","embeddable":true,"href":"https:\/\/www.agraritaeten-shop.com\/en\/wp-json\/wp\/v2\/product_tag?post=11024"}],"curies":[{"name":"wp","href":"https:\/\/api.w.org\/{rel}","templated":true}]}}