{"id":11158,"date":"2024-04-06T21:19:29","date_gmt":"2024-04-06T19:19:29","guid":{"rendered":"https:\/\/www.agraritaeten-shop.com\/?post_type=product&#038;p=11158"},"modified":"2024-04-06T21:22:02","modified_gmt":"2024-04-06T19:22:02","slug":"krueger-prospekt-brueckenkransystem","status":"publish","type":"product","link":"https:\/\/www.agraritaeten-shop.com\/en\/shop\/prospekte\/sonstige-prospekte\/krueger-prospekt-brueckenkransystem\/","title":{"rendered":"KR\u00dcGER Prospekt Br\u00fcckenkransystem"},"content":{"rendered":"<h1><strong>original brochure<br \/>\n<\/strong><\/h1>\n<h2>KR\u00dcGER Br\u00fcckenkransystem<\/h2>\n<ul>\n<li>A4 format<\/li>\n<li>1 sheet, printed on both sides<\/li>\n<li>German<\/li>\n<li>not punched<\/li>\n<li>used<\/li>\n<li>top corner minimally damaged, likely from stapling<\/li>\n<li>otherwise very good condition<\/li>\n<li>100% original<\/li>\n<\/ul>","protected":false},"excerpt":{"rendered":"<p>original Prospekt KR\u00dcGER Br\u00fcckenkransystem A4 Format 1 Blatt, beidseitig bedruckt Deutsch nicht gelocht gebraucht obere Ecke minimal besch\u00e4digt, vermutlich durch eine Klammerung ansonsten sehr guter Zustand 100% original<\/p>","protected":false},"featured_media":11054,"template":"","meta":[],"product_brand":[],"product_cat":[45,123,132],"product_tag":[1397,1528,186],"class_list":{"0":"post-11158","1":"product","2":"type-product","3":"status-publish","4":"has-post-thumbnail","6":"product_cat-prospekte","7":"product_cat-sonstige","8":"product_cat-sonstige-prospekte","9":"product_tag-kran","10":"product_tag-krueger","11":"product_tag-prospekt","13":"first","14":"instock","15":"shipping-taxable","16":"purchasable","17":"product-type-simple"},"_links":{"self":[{"href":"https:\/\/www.agraritaeten-shop.com\/en\/wp-json\/wp\/v2\/product\/11158","targetHints":{"allow":["GET"]}}],"collection":[{"href":"https:\/\/www.agraritaeten-shop.com\/en\/wp-json\/wp\/v2\/product"}],"about":[{"href":"https:\/\/www.agraritaeten-shop.com\/en\/wp-json\/wp\/v2\/types\/product"}],"wp:featuredmedia":[{"embeddable":true,"href":"https:\/\/www.agraritaeten-shop.com\/en\/wp-json\/wp\/v2\/media\/11054"}],"wp:attachment":[{"href":"https:\/\/www.agraritaeten-shop.com\/en\/wp-json\/wp\/v2\/media?parent=11158"}],"wp:term":[{"taxonomy":"product_brand","embeddable":true,"href":"https:\/\/www.agraritaeten-shop.com\/en\/wp-json\/wp\/v2\/product_brand?post=11158"},{"taxonomy":"product_cat","embeddable":true,"href":"https:\/\/www.agraritaeten-shop.com\/en\/wp-json\/wp\/v2\/product_cat?post=11158"},{"taxonomy":"product_tag","embeddable":true,"href":"https:\/\/www.agraritaeten-shop.com\/en\/wp-json\/wp\/v2\/product_tag?post=11158"}],"curies":[{"name":"wp","href":"https:\/\/api.w.org\/{rel}","templated":true}]}}