{"id":11177,"date":"2024-04-07T11:03:24","date_gmt":"2024-04-07T09:03:24","guid":{"rendered":"https:\/\/www.agraritaeten-shop.com\/?post_type=product&#038;p=11177"},"modified":"2026-03-22T17:04:05","modified_gmt":"2026-03-22T16:04:05","slug":"boehmwerk-prospekt-ladewagen-luxor-landsberg","status":"publish","type":"product","link":"https:\/\/www.agraritaeten-shop.com\/en\/shop\/prospekte\/sonstige-prospekte\/boehmwerk-prospekt-ladewagen-luxor-landsberg\/","title":{"rendered":"B\u00d6HMWERK Prospekt Ladewagen Luxor Landsberg"},"content":{"rendered":"<h1><strong>original brochure<br \/>\n<\/strong><\/h1>\n<h2>B\u00d6HMWERK Ladewagen<br \/>\nLuxor Landsberg<br \/>\n<span style=\"font-size: 75%;\">B\u00f6hm &amp; Co.KG. Wels-Lichtenegg, \u00d6sterreich<\/span><\/h2>\n<ul>\n<li>A4 format<\/li>\n<li>Fold-out brochure with 6 pages<\/li>\n<li>German<\/li>\n<li>not punched<\/li>\n<li>used<\/li>\n<li>very good condition<\/li>\n<li>100% original<\/li>\n<li>Print No.: <em>686 10.66 3000 HDM<\/em><\/li>\n<\/ul>","protected":false},"excerpt":{"rendered":"<p>original Prospekt B\u00d6HMWERK Ladewagen Luxor Landsberg B\u00f6hm &amp; Co.KG. Wels-Lichtenegg, \u00d6sterreich A4 Format 6 Seiten ausklappbar Deutsch nicht gelocht gebraucht sehr guter Zustand 100% original DruckNr.: 686 10.66 3000 HDM<\/p>","protected":false},"featured_media":11071,"template":"","meta":[],"product_brand":[],"product_cat":[45,123,132],"product_tag":[1216,307,1532,1531,186],"class_list":{"0":"post-11177","1":"product","2":"type-product","3":"status-publish","4":"has-post-thumbnail","6":"product_cat-prospekte","7":"product_cat-sonstige","8":"product_cat-sonstige-prospekte","9":"product_tag-boehmwerk","10":"product_tag-ladewagen","11":"product_tag-landsberg","12":"product_tag-luxor","13":"product_tag-prospekt","15":"first","16":"instock","17":"shipping-taxable","18":"purchasable","19":"product-type-simple"},"_links":{"self":[{"href":"https:\/\/www.agraritaeten-shop.com\/en\/wp-json\/wp\/v2\/product\/11177","targetHints":{"allow":["GET"]}}],"collection":[{"href":"https:\/\/www.agraritaeten-shop.com\/en\/wp-json\/wp\/v2\/product"}],"about":[{"href":"https:\/\/www.agraritaeten-shop.com\/en\/wp-json\/wp\/v2\/types\/product"}],"wp:featuredmedia":[{"embeddable":true,"href":"https:\/\/www.agraritaeten-shop.com\/en\/wp-json\/wp\/v2\/media\/11071"}],"wp:attachment":[{"href":"https:\/\/www.agraritaeten-shop.com\/en\/wp-json\/wp\/v2\/media?parent=11177"}],"wp:term":[{"taxonomy":"product_brand","embeddable":true,"href":"https:\/\/www.agraritaeten-shop.com\/en\/wp-json\/wp\/v2\/product_brand?post=11177"},{"taxonomy":"product_cat","embeddable":true,"href":"https:\/\/www.agraritaeten-shop.com\/en\/wp-json\/wp\/v2\/product_cat?post=11177"},{"taxonomy":"product_tag","embeddable":true,"href":"https:\/\/www.agraritaeten-shop.com\/en\/wp-json\/wp\/v2\/product_tag?post=11177"}],"curies":[{"name":"wp","href":"https:\/\/api.w.org\/{rel}","templated":true}]}}