{"id":11195,"date":"2024-04-07T14:51:49","date_gmt":"2024-04-07T12:51:49","guid":{"rendered":"https:\/\/www.agraritaeten-shop.com\/?post_type=product&#038;p=11195"},"modified":"2026-03-22T16:54:31","modified_gmt":"2026-03-22T15:54:31","slug":"sfv-prospekt-traktor-super-202","status":"publish","type":"product","link":"https:\/\/www.agraritaeten-shop.com\/en\/shop\/prospekte\/sonstige-prospekte\/sfv-prospekt-traktor-super-202\/","title":{"rendered":"SFV Prospekt Traktor super 202"},"content":{"rendered":"<h1><strong>original brochure<br \/>\n<\/strong><\/h1>\n<h2>SFV &#8211; La SOCI\u00c9T\u00c9 FRANCAISE VIERZON<br \/>\nTraktor super 202<\/h2>\n<ul>\n<li>approx. A4 Format<\/li>\n<li>8 pages<\/li>\n<li><strong>FRENCH<\/strong>!<\/li>\n<li>not punched<\/li>\n<li>folded in the middle<\/li>\n<li>used<\/li>\n<li>used condition, foxing<\/li>\n<li>visible signs of use<\/li>\n<li>but complete<\/li>\n<li>100% original<\/li>\n<li>Print No.: <em>S 202 &#8211;\u00a0 A1001 &#8211; 5707<\/em><\/li>\n<\/ul>","protected":false},"excerpt":{"rendered":"<p>original Prospekt SFV &#8211; La SOCI\u00c9T\u00c9 FRANCAISE VIERZON Traktor super 202 ca. A4 Format 8 Seiten FRANZ\u00d6SISCH! nicht gelocht in der Mitte geknickt gebraucht abgegriffener Zustand, Stockflecken erkennbare Gebrauchsspuren aber vollst\u00e4ndig erhalten 100% original DruckNr.: S 202 &#8211;\u00a0 A1001 &#8211; 5707<\/p>","protected":false},"featured_media":11058,"template":"","meta":[],"product_brand":[],"product_cat":[45,123,132],"product_tag":[186,256,1534,1535,188],"class_list":{"0":"post-11195","1":"product","2":"type-product","3":"status-publish","4":"has-post-thumbnail","6":"product_cat-prospekte","7":"product_cat-sonstige","8":"product_cat-sonstige-prospekte","9":"product_tag-prospekt","10":"product_tag-schlepper","11":"product_tag-sfv","12":"product_tag-societe-francaise-vierzon","13":"product_tag-traktor","15":"first","16":"instock","17":"shipping-taxable","18":"purchasable","19":"product-type-simple"},"_links":{"self":[{"href":"https:\/\/www.agraritaeten-shop.com\/en\/wp-json\/wp\/v2\/product\/11195","targetHints":{"allow":["GET"]}}],"collection":[{"href":"https:\/\/www.agraritaeten-shop.com\/en\/wp-json\/wp\/v2\/product"}],"about":[{"href":"https:\/\/www.agraritaeten-shop.com\/en\/wp-json\/wp\/v2\/types\/product"}],"wp:featuredmedia":[{"embeddable":true,"href":"https:\/\/www.agraritaeten-shop.com\/en\/wp-json\/wp\/v2\/media\/11058"}],"wp:attachment":[{"href":"https:\/\/www.agraritaeten-shop.com\/en\/wp-json\/wp\/v2\/media?parent=11195"}],"wp:term":[{"taxonomy":"product_brand","embeddable":true,"href":"https:\/\/www.agraritaeten-shop.com\/en\/wp-json\/wp\/v2\/product_brand?post=11195"},{"taxonomy":"product_cat","embeddable":true,"href":"https:\/\/www.agraritaeten-shop.com\/en\/wp-json\/wp\/v2\/product_cat?post=11195"},{"taxonomy":"product_tag","embeddable":true,"href":"https:\/\/www.agraritaeten-shop.com\/en\/wp-json\/wp\/v2\/product_tag?post=11195"}],"curies":[{"name":"wp","href":"https:\/\/api.w.org\/{rel}","templated":true}]}}