{"id":11257,"date":"2024-04-10T09:44:54","date_gmt":"2024-04-10T07:44:54","guid":{"rendered":"https:\/\/www.agraritaeten-shop.com\/?post_type=product&#038;p=11257"},"modified":"2024-04-10T09:46:37","modified_gmt":"2024-04-10T07:46:37","slug":"pz-zweegers-prospekt-kreiselmaeher","status":"publish","type":"product","link":"https:\/\/www.agraritaeten-shop.com\/en\/shop\/prospekte\/sonstige-prospekte\/pz-zweegers-prospekt-kreiselmaeher\/","title":{"rendered":"PZ ZWEEGERS Prospekt Kreiselm\u00e4her"},"content":{"rendered":"<h1><strong>original brochure<\/strong><\/h1>\n<h1>PZ ZWEEGERS Kreiselm\u00e4her<br \/>\n<span style=\"font-size: 75%;\">P.J. Zweegers en Zonen, Holland<\/span><\/h1>\n<ul>\n<li>A4 format<\/li>\n<li>4 pages<\/li>\n<li><strong>FRENCH<\/strong>!<\/li>\n<li>punched<\/li>\n<li>used<\/li>\n<li>bottom edge slightly damaged, the rest in good condition<\/li>\n<li>100% original<\/li>\n<\/ul>","protected":false},"excerpt":{"rendered":"<p>original Prospekt PZ ZWEEGERS Kreiselm\u00e4her P.J. Zweegers en Zonen, Holland A4 Format 4 Seiten FRANZ\u00d6SISCH! gelocht gebraucht unter Kante etwas besch\u00e4digt, der Rest in gutem Zustand 100% original<\/p>","protected":false},"featured_media":11218,"template":"","meta":[],"product_brand":[],"product_cat":[45,123,132],"product_tag":[1539,186,1537,1538],"class_list":{"0":"post-11257","1":"product","2":"type-product","3":"status-publish","4":"has-post-thumbnail","6":"product_cat-prospekte","7":"product_cat-sonstige","8":"product_cat-sonstige-prospekte","9":"product_tag-kreiselmaeher","10":"product_tag-prospekt","11":"product_tag-pz","12":"product_tag-zweegers","14":"first","15":"instock","16":"shipping-taxable","17":"purchasable","18":"product-type-simple"},"_links":{"self":[{"href":"https:\/\/www.agraritaeten-shop.com\/en\/wp-json\/wp\/v2\/product\/11257","targetHints":{"allow":["GET"]}}],"collection":[{"href":"https:\/\/www.agraritaeten-shop.com\/en\/wp-json\/wp\/v2\/product"}],"about":[{"href":"https:\/\/www.agraritaeten-shop.com\/en\/wp-json\/wp\/v2\/types\/product"}],"wp:featuredmedia":[{"embeddable":true,"href":"https:\/\/www.agraritaeten-shop.com\/en\/wp-json\/wp\/v2\/media\/11218"}],"wp:attachment":[{"href":"https:\/\/www.agraritaeten-shop.com\/en\/wp-json\/wp\/v2\/media?parent=11257"}],"wp:term":[{"taxonomy":"product_brand","embeddable":true,"href":"https:\/\/www.agraritaeten-shop.com\/en\/wp-json\/wp\/v2\/product_brand?post=11257"},{"taxonomy":"product_cat","embeddable":true,"href":"https:\/\/www.agraritaeten-shop.com\/en\/wp-json\/wp\/v2\/product_cat?post=11257"},{"taxonomy":"product_tag","embeddable":true,"href":"https:\/\/www.agraritaeten-shop.com\/en\/wp-json\/wp\/v2\/product_tag?post=11257"}],"curies":[{"name":"wp","href":"https:\/\/api.w.org\/{rel}","templated":true}]}}