{"id":11487,"date":"2024-04-24T17:32:16","date_gmt":"2024-04-24T15:32:16","guid":{"rendered":"https:\/\/www.agraritaeten-shop.com\/?post_type=product&#038;p=11487"},"modified":"2026-03-22T15:37:50","modified_gmt":"2026-03-22T14:37:50","slug":"oliver-prospekt-maehdrescher","status":"publish","type":"product","link":"https:\/\/www.agraritaeten-shop.com\/en\/shop\/prospekte\/sonstige-prospekte\/oliver-prospekt-maehdrescher\/","title":{"rendered":"OLIVER Prospekt M\u00e4hdrescher"},"content":{"rendered":"<h1><strong>original brochure<br \/>\n<\/strong><\/h1>\n<h2>The OLIVER Corporation<br \/>\nCombine Harvesters<\/h2>\n<ul>\n<li>approx. A4 Format<\/li>\n<li>24 pages plus insert sheet (<strong>FRENCH<\/strong>!)<\/li>\n<li>der Rest <strong>ENGLISH!<\/strong><\/li>\n<li>punched<\/li>\n<li>used<\/li>\n<li>heavy signs of use, damaged, soiling<br \/>\nsigns of moisture, resulting in pages sticking together<\/li>\n<li>100% original<\/li>\n<li>Print No.: <em>A-1115<\/em><\/li>\n<\/ul>","protected":false},"excerpt":{"rendered":"<p>original Prospekt The OLIVER Corporation M\u00e4hdrescher ca. A4 Format 24 Seiten + Einlegeblatt (FRANZ\u00d6SISCH!) der Rest ENGLISCH! gelocht gebraucht gr\u00f6bere Gebrauchsspuren, Risse, Verschmutzungen Spuren von Feuchtigkeit, dadurch zusammengeklebte Seiten 100% original DruckNr.: A-1115<\/p>","protected":false},"featured_media":11474,"template":"","meta":[],"product_brand":[],"product_cat":[45,123,132],"product_tag":[189,1521,186],"class_list":{"0":"post-11487","1":"product","2":"type-product","3":"status-publish","4":"has-post-thumbnail","6":"product_cat-prospekte","7":"product_cat-sonstige","8":"product_cat-sonstige-prospekte","9":"product_tag-maehdrescher","10":"product_tag-oliver","11":"product_tag-prospekt","13":"first","14":"instock","15":"shipping-taxable","16":"purchasable","17":"product-type-simple"},"_links":{"self":[{"href":"https:\/\/www.agraritaeten-shop.com\/en\/wp-json\/wp\/v2\/product\/11487","targetHints":{"allow":["GET"]}}],"collection":[{"href":"https:\/\/www.agraritaeten-shop.com\/en\/wp-json\/wp\/v2\/product"}],"about":[{"href":"https:\/\/www.agraritaeten-shop.com\/en\/wp-json\/wp\/v2\/types\/product"}],"wp:featuredmedia":[{"embeddable":true,"href":"https:\/\/www.agraritaeten-shop.com\/en\/wp-json\/wp\/v2\/media\/11474"}],"wp:attachment":[{"href":"https:\/\/www.agraritaeten-shop.com\/en\/wp-json\/wp\/v2\/media?parent=11487"}],"wp:term":[{"taxonomy":"product_brand","embeddable":true,"href":"https:\/\/www.agraritaeten-shop.com\/en\/wp-json\/wp\/v2\/product_brand?post=11487"},{"taxonomy":"product_cat","embeddable":true,"href":"https:\/\/www.agraritaeten-shop.com\/en\/wp-json\/wp\/v2\/product_cat?post=11487"},{"taxonomy":"product_tag","embeddable":true,"href":"https:\/\/www.agraritaeten-shop.com\/en\/wp-json\/wp\/v2\/product_tag?post=11487"}],"curies":[{"name":"wp","href":"https:\/\/api.w.org\/{rel}","templated":true}]}}