{"id":11563,"date":"2024-04-30T09:23:06","date_gmt":"2024-04-30T07:23:06","guid":{"rendered":"https:\/\/www.agraritaeten-shop.com\/?post_type=product&#038;p=11563"},"modified":"2026-03-22T15:31:22","modified_gmt":"2026-03-22T14:31:22","slug":"ihc-prospekt-schlepper-und-industriemaschinen","status":"publish","type":"product","link":"https:\/\/www.agraritaeten-shop.com\/en\/shop\/prospekte\/prospekte_ihc-international\/ihc-prospekt-schlepper-und-industriemaschinen\/","title":{"rendered":"IHC Prospekt Schlepper und Industriemaschinen"},"content":{"rendered":"<h1><strong>original brochure<\/strong><\/h1>\n<h1>IHC International Schlepper und Industriemaschinen<br \/>\n<span style=\"font-size: 75%;\">Schaufellader, Industrie-Dieselmotoren, Dieselschlepper\u00a0<\/span><br \/>\n<span style=\"font-size: 75%;\">Motorsch\u00fcrfwagen und Anh\u00e4ngesch\u00fcrfk\u00fcbel<\/span><\/h1>\n<ul>\n<li>A5 landscape format<\/li>\n<li>fold-out to 4 times its original size (A3 format)<\/li>\n<li>German<\/li>\n<li>not punched<\/li>\n<li>used<\/li>\n<li>very good condition<\/li>\n<li>100% original<\/li>\n<li>Print No.: <em>GER 247-F<\/em><\/li>\n<\/ul>","protected":false},"excerpt":{"rendered":"<p>original Prospekt IHC International Schlepper und Industriemaschinen Schaufellader, Industrie-Dieselmotoren, Dieselschlepper\u00a0 Motorsch\u00fcrfwagen und Anh\u00e4ngesch\u00fcrfk\u00fcbel A5 Querformat ausklappbar zur 4fachen Gr\u00f6\u00dfe (A3 Format) Deutsch nicht gelocht gebraucht sehr guter Zustand 100% original DruckNr.: GER 247-F<\/p>","protected":false},"featured_media":11558,"template":"","meta":[],"product_brand":[],"product_cat":[42,122,45],"product_tag":[185,1566,187,186,1565,249],"class_list":{"0":"post-11563","1":"product","2":"type-product","3":"status-publish","4":"has-post-thumbnail","6":"product_cat-ihc_international","7":"product_cat-prospekte_ihc-international","8":"product_cat-prospekte","9":"product_tag-ihc","10":"product_tag-industriemaschinen","11":"product_tag-international","12":"product_tag-prospekt","13":"product_tag-shlepper","14":"product_tag-traktoren","16":"first","17":"instock","18":"shipping-taxable","19":"purchasable","20":"product-type-simple"},"_links":{"self":[{"href":"https:\/\/www.agraritaeten-shop.com\/en\/wp-json\/wp\/v2\/product\/11563","targetHints":{"allow":["GET"]}}],"collection":[{"href":"https:\/\/www.agraritaeten-shop.com\/en\/wp-json\/wp\/v2\/product"}],"about":[{"href":"https:\/\/www.agraritaeten-shop.com\/en\/wp-json\/wp\/v2\/types\/product"}],"wp:featuredmedia":[{"embeddable":true,"href":"https:\/\/www.agraritaeten-shop.com\/en\/wp-json\/wp\/v2\/media\/11558"}],"wp:attachment":[{"href":"https:\/\/www.agraritaeten-shop.com\/en\/wp-json\/wp\/v2\/media?parent=11563"}],"wp:term":[{"taxonomy":"product_brand","embeddable":true,"href":"https:\/\/www.agraritaeten-shop.com\/en\/wp-json\/wp\/v2\/product_brand?post=11563"},{"taxonomy":"product_cat","embeddable":true,"href":"https:\/\/www.agraritaeten-shop.com\/en\/wp-json\/wp\/v2\/product_cat?post=11563"},{"taxonomy":"product_tag","embeddable":true,"href":"https:\/\/www.agraritaeten-shop.com\/en\/wp-json\/wp\/v2\/product_tag?post=11563"}],"curies":[{"name":"wp","href":"https:\/\/api.w.org\/{rel}","templated":true}]}}