{"id":11705,"date":"2024-05-11T19:02:28","date_gmt":"2024-05-11T17:02:28","guid":{"rendered":"https:\/\/www.agraritaeten-shop.com\/?post_type=product&#038;p=11705"},"modified":"2026-03-22T15:16:32","modified_gmt":"2026-03-22T14:16:32","slug":"ihc-prospekt-axialfluss-maedrescher-typ-1460-3","status":"publish","type":"product","link":"https:\/\/www.agraritaeten-shop.com\/en\/shop\/prospekte\/prospekte_ihc-international\/ihc-prospekt-axialfluss-maedrescher-typ-1460-3\/","title":{"rendered":"IHC Prospekt Axialflu\u00df-M\u00e4drescher Typ 1460"},"content":{"rendered":"<h1><strong>original brochure<br \/>\n<\/strong><\/h1>\n<h2>IHC Axialflu\u00df-M\u00e4drescher Typ 1460<\/h2>\n<ul>\n<li>A4 format<\/li>\n<li>4 pages<\/li>\n<li>German<\/li>\n<li>not punched<\/li>\n<li>used<\/li>\n<li>major damage at the upper left corner, presumably due to moisture<br \/>\ntorn along the edge<\/li>\n<li>100% original<\/li>\n<li>Print No.: <em>GER 53J<\/em><\/li>\n<\/ul>","protected":false},"excerpt":{"rendered":"<p>original Prospekt IHC Axialflu\u00df-M\u00e4drescher Typ 1460 A4 Format 4 Seiten Deutsch nicht gelocht gebraucht gr\u00f6bere Besch\u00e4digung an der Oberen linken Ecke, vermutlich auf Grund von Feuchtigkeit an der Kante eingerissen 100% original DruckNr. GER 53J<\/p>","protected":false},"featured_media":11639,"template":"","meta":[],"product_brand":[],"product_cat":[122,42,45],"product_tag":[1567,185,187,1568,186],"class_list":{"0":"post-11705","1":"product","2":"type-product","3":"status-publish","4":"has-post-thumbnail","6":"product_cat-prospekte_ihc-international","7":"product_cat-ihc_international","8":"product_cat-prospekte","9":"product_tag-axialfluss","10":"product_tag-ihc","11":"product_tag-international","12":"product_tag-maedrescher","13":"product_tag-prospekt","15":"first","16":"instock","17":"shipping-taxable","18":"purchasable","19":"product-type-simple"},"_links":{"self":[{"href":"https:\/\/www.agraritaeten-shop.com\/en\/wp-json\/wp\/v2\/product\/11705","targetHints":{"allow":["GET"]}}],"collection":[{"href":"https:\/\/www.agraritaeten-shop.com\/en\/wp-json\/wp\/v2\/product"}],"about":[{"href":"https:\/\/www.agraritaeten-shop.com\/en\/wp-json\/wp\/v2\/types\/product"}],"wp:featuredmedia":[{"embeddable":true,"href":"https:\/\/www.agraritaeten-shop.com\/en\/wp-json\/wp\/v2\/media\/11639"}],"wp:attachment":[{"href":"https:\/\/www.agraritaeten-shop.com\/en\/wp-json\/wp\/v2\/media?parent=11705"}],"wp:term":[{"taxonomy":"product_brand","embeddable":true,"href":"https:\/\/www.agraritaeten-shop.com\/en\/wp-json\/wp\/v2\/product_brand?post=11705"},{"taxonomy":"product_cat","embeddable":true,"href":"https:\/\/www.agraritaeten-shop.com\/en\/wp-json\/wp\/v2\/product_cat?post=11705"},{"taxonomy":"product_tag","embeddable":true,"href":"https:\/\/www.agraritaeten-shop.com\/en\/wp-json\/wp\/v2\/product_tag?post=11705"}],"curies":[{"name":"wp","href":"https:\/\/api.w.org\/{rel}","templated":true}]}}