{"id":11720,"date":"2024-06-04T21:21:04","date_gmt":"2024-06-04T19:21:04","guid":{"rendered":"https:\/\/www.agraritaeten-shop.com\/?post_type=product&#038;p=11720"},"modified":"2026-03-22T14:37:35","modified_gmt":"2026-03-22T13:37:35","slug":"moertl-prospekt-seiten-maehwerk-fuer-ferguson-schlepper","status":"publish","type":"product","link":"https:\/\/www.agraritaeten-shop.com\/en\/shop\/prospekte\/prospekte_massey_ferguson_harris\/moertl-prospekt-seiten-maehwerk-fuer-ferguson-schlepper\/","title":{"rendered":"M\u00d6RTL Prospekt Seiten-M\u00e4hwerk f\u00fcr Ferguson Schlepper"},"content":{"rendered":"<h1><strong>original brochure<br \/>\n<\/strong><\/h1>\n<h2>M\u00d6RTL Seiten-M\u00e4hwerk<br \/>\nf\u00fcr Ferguson Schlepper<\/h2>\n<ul>\n<li>A4 format<\/li>\n<li>4 pages<\/li>\n<li>German<\/li>\n<li>punched<\/li>\n<li>used<\/li>\n<li>very good condition<\/li>\n<li>100% original<\/li>\n<li>Print No.: <em>1861a<\/em><\/li>\n<\/ul>","protected":false},"excerpt":{"rendered":"<p>original Prospekt M\u00d6RTL Seiten-M\u00e4hwerk f\u00fcr Ferguson Schlepper A4 Format 4 Seiten Deutsch gelocht gebraucht sehr guter Zustand 100% original DruckNr.: 1861a<\/p>","protected":false},"featured_media":11674,"template":"","meta":[],"product_brand":[],"product_cat":[111,75,45,123,132],"product_tag":[1252,492,1581,186],"class_list":{"0":"post-11720","1":"product","2":"type-product","3":"status-publish","4":"has-post-thumbnail","6":"product_cat-prospekte_massey_ferguson_harris","7":"product_cat-massey-ferguson-harris","8":"product_cat-prospekte","9":"product_cat-sonstige","10":"product_cat-sonstige-prospekte","11":"product_tag-ferguson","12":"product_tag-maehwerk","13":"product_tag-moertl","14":"product_tag-prospekt","16":"first","17":"instock","18":"shipping-taxable","19":"purchasable","20":"product-type-simple"},"_links":{"self":[{"href":"https:\/\/www.agraritaeten-shop.com\/en\/wp-json\/wp\/v2\/product\/11720","targetHints":{"allow":["GET"]}}],"collection":[{"href":"https:\/\/www.agraritaeten-shop.com\/en\/wp-json\/wp\/v2\/product"}],"about":[{"href":"https:\/\/www.agraritaeten-shop.com\/en\/wp-json\/wp\/v2\/types\/product"}],"wp:featuredmedia":[{"embeddable":true,"href":"https:\/\/www.agraritaeten-shop.com\/en\/wp-json\/wp\/v2\/media\/11674"}],"wp:attachment":[{"href":"https:\/\/www.agraritaeten-shop.com\/en\/wp-json\/wp\/v2\/media?parent=11720"}],"wp:term":[{"taxonomy":"product_brand","embeddable":true,"href":"https:\/\/www.agraritaeten-shop.com\/en\/wp-json\/wp\/v2\/product_brand?post=11720"},{"taxonomy":"product_cat","embeddable":true,"href":"https:\/\/www.agraritaeten-shop.com\/en\/wp-json\/wp\/v2\/product_cat?post=11720"},{"taxonomy":"product_tag","embeddable":true,"href":"https:\/\/www.agraritaeten-shop.com\/en\/wp-json\/wp\/v2\/product_tag?post=11720"}],"curies":[{"name":"wp","href":"https:\/\/api.w.org\/{rel}","templated":true}]}}