{"id":11742,"date":"2024-05-21T14:59:24","date_gmt":"2024-05-21T12:59:24","guid":{"rendered":"https:\/\/www.agraritaeten-shop.com\/?post_type=product&#038;p=11742"},"modified":"2026-02-28T23:32:01","modified_gmt":"2026-02-28T22:32:01","slug":"a-moser-prospekt-kraene","status":"publish","type":"product","link":"https:\/\/www.agraritaeten-shop.com\/en\/shop\/prospekte\/sonstige-prospekte\/a-moser-prospekt-kraene\/","title":{"rendered":"A. MOSER Prospekt Kr\u00e4ne"},"content":{"rendered":"<h1><strong>original brochure<\/strong><\/h1>\n<h2>A. MOSER Kranbau<br \/>\nForstkr\u00e4ne, Forstanh\u00e4nger, Kombikr\u00e4ne, Heckbagger<\/h2>\n<ul>\n<li>A4 format<\/li>\n<li>20 pages<\/li>\n<li>German<\/li>\n<li>punched<\/li>\n<li>used<\/li>\n<li>one corner on the back minimally damaged, otherwise in good condition<\/li>\n<li>100% original<\/li>\n<\/ul>","protected":false},"excerpt":{"rendered":"<p>original Prospekt A. MOSER Kranbau Forstkr\u00e4ne, Forstanh\u00e4nger, Kombikr\u00e4ne, Heckbagger A4 Format 20 Seiten Deutsch gelocht gebraucht eine Ecke auf der R\u00fcckseite minimal besch\u00e4digt, ansonsten guter Zustand 100% original<\/p>","protected":false},"featured_media":11675,"template":"","meta":[],"product_brand":[],"product_cat":[45,132,123],"product_tag":[1586,1587,1588,186],"class_list":{"0":"post-11742","1":"product","2":"type-product","3":"status-publish","4":"has-post-thumbnail","6":"product_cat-prospekte","7":"product_cat-sonstige-prospekte","8":"product_cat-sonstige","9":"product_tag-a-moser","10":"product_tag-kraene","11":"product_tag-moser","12":"product_tag-prospekt","14":"first","15":"outofstock","16":"shipping-taxable","17":"purchasable","18":"product-type-simple"},"_links":{"self":[{"href":"https:\/\/www.agraritaeten-shop.com\/en\/wp-json\/wp\/v2\/product\/11742","targetHints":{"allow":["GET"]}}],"collection":[{"href":"https:\/\/www.agraritaeten-shop.com\/en\/wp-json\/wp\/v2\/product"}],"about":[{"href":"https:\/\/www.agraritaeten-shop.com\/en\/wp-json\/wp\/v2\/types\/product"}],"wp:featuredmedia":[{"embeddable":true,"href":"https:\/\/www.agraritaeten-shop.com\/en\/wp-json\/wp\/v2\/media\/11675"}],"wp:attachment":[{"href":"https:\/\/www.agraritaeten-shop.com\/en\/wp-json\/wp\/v2\/media?parent=11742"}],"wp:term":[{"taxonomy":"product_brand","embeddable":true,"href":"https:\/\/www.agraritaeten-shop.com\/en\/wp-json\/wp\/v2\/product_brand?post=11742"},{"taxonomy":"product_cat","embeddable":true,"href":"https:\/\/www.agraritaeten-shop.com\/en\/wp-json\/wp\/v2\/product_cat?post=11742"},{"taxonomy":"product_tag","embeddable":true,"href":"https:\/\/www.agraritaeten-shop.com\/en\/wp-json\/wp\/v2\/product_tag?post=11742"}],"curies":[{"name":"wp","href":"https:\/\/api.w.org\/{rel}","templated":true}]}}