{"id":11842,"date":"2024-05-27T21:32:05","date_gmt":"2024-05-27T19:32:05","guid":{"rendered":"https:\/\/www.agraritaeten-shop.com\/?post_type=product&#038;p=11842"},"modified":"2026-03-22T14:49:17","modified_gmt":"2026-03-22T13:49:17","slug":"moertl-prospekt-dungfraesmischer-fraemix","status":"publish","type":"product","link":"https:\/\/www.agraritaeten-shop.com\/en\/shop\/prospekte\/sonstige-prospekte\/moertl-prospekt-dungfraesmischer-fraemix\/","title":{"rendered":"M\u00d6RTL Prospekt Dungfr\u00e4smischer &#8222;Fr\u00e4mix&#8220;"},"content":{"rendered":"<h1><strong>original brochure<br \/>\n<\/strong><\/h1>\n<h2>M\u00d6RTL Dungfr\u00e4smischer &#8222;Fr\u00e4mix&#8220;<\/h2>\n<ul>\n<li>A4 format<\/li>\n<li>1 sheet, printed on both sides<\/li>\n<li>German<\/li>\n<li>not punched<\/li>\n<li>used<\/li>\n<li>folded in the middle<\/li>\n<li>good condition<\/li>\n<li>100% original<\/li>\n<li>Print No.: <em>1818V62<\/em><\/li>\n<\/ul>","protected":false},"excerpt":{"rendered":"<p>original Prospekt M\u00d6RTL Dungfr\u00e4smischer &#8222;Fr\u00e4mix&#8220; A4 Format 1 Blatt, beidseitig bedruckt Deutsch nicht gelocht gebraucht in der Mitte geknickt guter Zustand 100% original DruckNr.: 1818V62<\/p>","protected":false},"featured_media":11768,"template":"","meta":[],"product_brand":[],"product_cat":[45,123,132],"product_tag":[1597,1581,186],"class_list":{"0":"post-11842","1":"product","2":"type-product","3":"status-publish","4":"has-post-thumbnail","6":"product_cat-prospekte","7":"product_cat-sonstige","8":"product_cat-sonstige-prospekte","9":"product_tag-dungfraesmischer","10":"product_tag-moertl","11":"product_tag-prospekt","13":"first","14":"instock","15":"shipping-taxable","16":"purchasable","17":"product-type-simple"},"_links":{"self":[{"href":"https:\/\/www.agraritaeten-shop.com\/en\/wp-json\/wp\/v2\/product\/11842","targetHints":{"allow":["GET"]}}],"collection":[{"href":"https:\/\/www.agraritaeten-shop.com\/en\/wp-json\/wp\/v2\/product"}],"about":[{"href":"https:\/\/www.agraritaeten-shop.com\/en\/wp-json\/wp\/v2\/types\/product"}],"wp:featuredmedia":[{"embeddable":true,"href":"https:\/\/www.agraritaeten-shop.com\/en\/wp-json\/wp\/v2\/media\/11768"}],"wp:attachment":[{"href":"https:\/\/www.agraritaeten-shop.com\/en\/wp-json\/wp\/v2\/media?parent=11842"}],"wp:term":[{"taxonomy":"product_brand","embeddable":true,"href":"https:\/\/www.agraritaeten-shop.com\/en\/wp-json\/wp\/v2\/product_brand?post=11842"},{"taxonomy":"product_cat","embeddable":true,"href":"https:\/\/www.agraritaeten-shop.com\/en\/wp-json\/wp\/v2\/product_cat?post=11842"},{"taxonomy":"product_tag","embeddable":true,"href":"https:\/\/www.agraritaeten-shop.com\/en\/wp-json\/wp\/v2\/product_tag?post=11842"}],"curies":[{"name":"wp","href":"https:\/\/api.w.org\/{rel}","templated":true}]}}