{"id":11868,"date":"2024-05-30T09:54:02","date_gmt":"2024-05-30T07:54:02","guid":{"rendered":"https:\/\/www.agraritaeten-shop.com\/?post_type=product&#038;p=11868"},"modified":"2024-05-30T09:57:09","modified_gmt":"2024-05-30T07:57:09","slug":"morra-prospekt-ballenwickler","status":"publish","type":"product","link":"https:\/\/www.agraritaeten-shop.com\/en\/shop\/prospekte\/sonstige-prospekte\/morra-prospekt-ballenwickler\/","title":{"rendered":"MORRA Prospekt Ballenwickler"},"content":{"rendered":"<h1><strong>original brochure<br \/>\n<\/strong><\/h1>\n<h2>MORRA Ballenwickler<\/h2>\n<ul>\n<li>A4 format<\/li>\n<li>4 pages<\/li>\n<li><strong>Italian, French, English<\/strong><\/li>\n<li>not punched<\/li>\n<li>used<\/li>\n<li>back page damaged (a piece was cut out)<\/li>\n<li>100% original<\/li>\n<\/ul>","protected":false},"excerpt":{"rendered":"<p>original Prospekt MORRA Ballenwickler A4 Format 4 Seiten Italienisch, Franz\u00f6sisch, Englisch! nicht gelocht gebraucht R\u00fcckseite besch\u00e4digt (es wurde ein St\u00fcck rausgeschnitten) 100% original<\/p>","protected":false},"featured_media":11809,"template":"","meta":[],"product_brand":[],"product_cat":[45,132,123],"product_tag":[895,1579,186],"class_list":{"0":"post-11868","1":"product","2":"type-product","3":"status-publish","4":"has-post-thumbnail","6":"product_cat-prospekte","7":"product_cat-sonstige-prospekte","8":"product_cat-sonstige","9":"product_tag-ballenwickler","10":"product_tag-morra","11":"product_tag-prospekt","13":"first","14":"instock","15":"shipping-taxable","16":"purchasable","17":"product-type-simple"},"_links":{"self":[{"href":"https:\/\/www.agraritaeten-shop.com\/en\/wp-json\/wp\/v2\/product\/11868","targetHints":{"allow":["GET"]}}],"collection":[{"href":"https:\/\/www.agraritaeten-shop.com\/en\/wp-json\/wp\/v2\/product"}],"about":[{"href":"https:\/\/www.agraritaeten-shop.com\/en\/wp-json\/wp\/v2\/types\/product"}],"wp:featuredmedia":[{"embeddable":true,"href":"https:\/\/www.agraritaeten-shop.com\/en\/wp-json\/wp\/v2\/media\/11809"}],"wp:attachment":[{"href":"https:\/\/www.agraritaeten-shop.com\/en\/wp-json\/wp\/v2\/media?parent=11868"}],"wp:term":[{"taxonomy":"product_brand","embeddable":true,"href":"https:\/\/www.agraritaeten-shop.com\/en\/wp-json\/wp\/v2\/product_brand?post=11868"},{"taxonomy":"product_cat","embeddable":true,"href":"https:\/\/www.agraritaeten-shop.com\/en\/wp-json\/wp\/v2\/product_cat?post=11868"},{"taxonomy":"product_tag","embeddable":true,"href":"https:\/\/www.agraritaeten-shop.com\/en\/wp-json\/wp\/v2\/product_tag?post=11868"}],"curies":[{"name":"wp","href":"https:\/\/api.w.org\/{rel}","templated":true}]}}