{"id":11902,"date":"2024-07-01T15:17:52","date_gmt":"2024-07-01T13:17:52","guid":{"rendered":"https:\/\/www.agraritaeten-shop.com\/?post_type=product&#038;p=11902"},"modified":"2024-06-30T18:09:54","modified_gmt":"2024-06-30T16:09:54","slug":"moessbauer-prospekt-grossvieh-anhaenger","status":"publish","type":"product","link":"https:\/\/www.agraritaeten-shop.com\/en\/shop\/prospekte\/sonstige-prospekte\/moessbauer-prospekt-grossvieh-anhaenger\/","title":{"rendered":"M\u00d6SSBAUER Prospekt Gro\u00dfvieh-Anh\u00e4nger"},"content":{"rendered":"<h1><strong>original brochure<br \/>\n<\/strong><\/h1>\n<h2>M\u00d6SSBAUER Gro\u00dfvieh-Anh\u00e4nger<\/h2>\n<ul>\n<li>A4 landscape format<\/li>\n<li>1 sheet, printed on both sides<\/li>\n<li>German<\/li>\n<li>not punched<\/li>\n<li>used<\/li>\n<li>good condition<\/li>\n<li>100% original<\/li>\n<\/ul>","protected":false},"excerpt":{"rendered":"<p>original Prospekt M\u00d6SSBAUER Gro\u00dfvieh-Anh\u00e4nger A4 Querformat 1 Blatt, beidseitig bedruckt Deutsch nicht gelocht gebraucht guter Zustand 100% original<\/p>","protected":false},"featured_media":11779,"template":"","meta":[],"product_brand":[],"product_cat":[45,123,132],"product_tag":[767,1580,929,186],"class_list":{"0":"post-11902","1":"product","2":"type-product","3":"status-publish","4":"has-post-thumbnail","6":"product_cat-prospekte","7":"product_cat-sonstige","8":"product_cat-sonstige-prospekte","9":"product_tag-anhaenger","10":"product_tag-lkw","11":"product_tag-moessbauer","12":"product_tag-prospekt","14":"first","15":"instock","16":"shipping-taxable","17":"purchasable","18":"product-type-simple"},"_links":{"self":[{"href":"https:\/\/www.agraritaeten-shop.com\/en\/wp-json\/wp\/v2\/product\/11902","targetHints":{"allow":["GET"]}}],"collection":[{"href":"https:\/\/www.agraritaeten-shop.com\/en\/wp-json\/wp\/v2\/product"}],"about":[{"href":"https:\/\/www.agraritaeten-shop.com\/en\/wp-json\/wp\/v2\/types\/product"}],"wp:featuredmedia":[{"embeddable":true,"href":"https:\/\/www.agraritaeten-shop.com\/en\/wp-json\/wp\/v2\/media\/11779"}],"wp:attachment":[{"href":"https:\/\/www.agraritaeten-shop.com\/en\/wp-json\/wp\/v2\/media?parent=11902"}],"wp:term":[{"taxonomy":"product_brand","embeddable":true,"href":"https:\/\/www.agraritaeten-shop.com\/en\/wp-json\/wp\/v2\/product_brand?post=11902"},{"taxonomy":"product_cat","embeddable":true,"href":"https:\/\/www.agraritaeten-shop.com\/en\/wp-json\/wp\/v2\/product_cat?post=11902"},{"taxonomy":"product_tag","embeddable":true,"href":"https:\/\/www.agraritaeten-shop.com\/en\/wp-json\/wp\/v2\/product_tag?post=11902"}],"curies":[{"name":"wp","href":"https:\/\/api.w.org\/{rel}","templated":true}]}}