{"id":12084,"date":"2024-06-29T19:57:55","date_gmt":"2024-06-29T17:57:55","guid":{"rendered":"https:\/\/www.agraritaeten-shop.com\/?post_type=product&#038;p=12084"},"modified":"2026-03-22T14:24:10","modified_gmt":"2026-03-22T13:24:10","slug":"john-deere-lanz-prospekt-schlepper-710-3","status":"publish","type":"product","link":"https:\/\/www.agraritaeten-shop.com\/en\/shop\/prospekte\/prospekte_john-deere\/john-deere-lanz-prospekt-schlepper-710-3\/","title":{"rendered":"JOHN DEERE LANZ Prospekt Schlepper 710"},"content":{"rendered":"<h1><strong>original brochure<br \/>\n<\/strong><\/h1>\n<h2>f\u00fcr JOHN DEERE LANZ Schlepper 710<\/h2>\n<ul>\n<li>approx. 21cm x 20cm<\/li>\n<li>16 pages<\/li>\n<li>German<\/li>\n<li>not punched<\/li>\n<li>used<\/li>\n<li>major damage to the cover pages, interior well preserved<\/li>\n<li>100% original<\/li>\n<li>Print No.: <em>50051\/mas<\/em><\/li>\n<\/ul>","protected":false},"excerpt":{"rendered":"<p>original Prospekt f\u00fcr JOHN DEERE LANZ Schlepper 710 ca. 21cm x 20cm 16 Seiten Deutsch nicht gelocht gebraucht gr\u00f6bere Besch\u00e4digungen auf den Deckseiten, im Inneren gut erhalten 100% original DruckNr. 50051\/mas<\/p>","protected":false},"featured_media":12059,"template":"","meta":[],"product_brand":[],"product_cat":[93,95,94,96,45],"product_tag":[197,250,186,256],"class_list":{"0":"post-12084","1":"product","2":"type-product","3":"status-publish","4":"has-post-thumbnail","6":"product_cat-john-deere","7":"product_cat-prospekte_john-deere","8":"product_cat-lanz","9":"product_cat-prospekte_lanz","10":"product_cat-prospekte","11":"product_tag-john-deere","12":"product_tag-lanz","13":"product_tag-prospekt","14":"product_tag-schlepper","16":"first","17":"instock","18":"shipping-taxable","19":"purchasable","20":"product-type-simple"},"_links":{"self":[{"href":"https:\/\/www.agraritaeten-shop.com\/en\/wp-json\/wp\/v2\/product\/12084","targetHints":{"allow":["GET"]}}],"collection":[{"href":"https:\/\/www.agraritaeten-shop.com\/en\/wp-json\/wp\/v2\/product"}],"about":[{"href":"https:\/\/www.agraritaeten-shop.com\/en\/wp-json\/wp\/v2\/types\/product"}],"wp:featuredmedia":[{"embeddable":true,"href":"https:\/\/www.agraritaeten-shop.com\/en\/wp-json\/wp\/v2\/media\/12059"}],"wp:attachment":[{"href":"https:\/\/www.agraritaeten-shop.com\/en\/wp-json\/wp\/v2\/media?parent=12084"}],"wp:term":[{"taxonomy":"product_brand","embeddable":true,"href":"https:\/\/www.agraritaeten-shop.com\/en\/wp-json\/wp\/v2\/product_brand?post=12084"},{"taxonomy":"product_cat","embeddable":true,"href":"https:\/\/www.agraritaeten-shop.com\/en\/wp-json\/wp\/v2\/product_cat?post=12084"},{"taxonomy":"product_tag","embeddable":true,"href":"https:\/\/www.agraritaeten-shop.com\/en\/wp-json\/wp\/v2\/product_tag?post=12084"}],"curies":[{"name":"wp","href":"https:\/\/api.w.org\/{rel}","templated":true}]}}