{"id":12183,"date":"2024-07-17T20:50:53","date_gmt":"2024-07-17T18:50:53","guid":{"rendered":"https:\/\/www.agraritaeten-shop.com\/?post_type=product&#038;p=12183"},"modified":"2024-06-13T20:55:06","modified_gmt":"2024-06-13T18:55:06","slug":"nodet-gougis-prospekt-einzelkornsaegeraet","status":"publish","type":"product","link":"https:\/\/www.agraritaeten-shop.com\/en\/shop\/prospekte\/sonstige-prospekte\/nodet-gougis-prospekt-einzelkornsaegeraet\/","title":{"rendered":"NODET GOUGIS Prospekt Einzelkorns\u00e4ger\u00e4t"},"content":{"rendered":"<h1><strong>original brochure<br \/>\n<\/strong><\/h1>\n<h2>NODET GOUGIS<br \/>\npneumatisches Gem\u00fcse Einzelkorns\u00e4ger\u00e4t<\/h2>\n<ul>\n<li>A4 format<\/li>\n<li>6 pages, fold-out<\/li>\n<li>German<\/li>\n<li>punched<\/li>\n<li>used<\/li>\n<li>very good condition<\/li>\n<li>100% original<\/li>\n<\/ul>","protected":false},"excerpt":{"rendered":"<p>original Prospekt NODET GOUGIS pneumatisches Gem\u00fcse Einzelkorns\u00e4ger\u00e4t A4 Format 6 Seiten, ausklappbar Deutsch gelocht gebraucht sehr guter Zustand 100% original<\/p>","protected":false},"featured_media":12134,"template":"","meta":[],"product_brand":[],"product_cat":[45,123,132],"product_tag":[281,280,186],"class_list":{"0":"post-12183","1":"product","2":"type-product","3":"status-publish","4":"has-post-thumbnail","6":"product_cat-prospekte","7":"product_cat-sonstige","8":"product_cat-sonstige-prospekte","9":"product_tag-einzelkornsaemaschine","10":"product_tag-nodet-gougis","11":"product_tag-prospekt","13":"first","14":"instock","15":"shipping-taxable","16":"purchasable","17":"product-type-simple"},"_links":{"self":[{"href":"https:\/\/www.agraritaeten-shop.com\/en\/wp-json\/wp\/v2\/product\/12183","targetHints":{"allow":["GET"]}}],"collection":[{"href":"https:\/\/www.agraritaeten-shop.com\/en\/wp-json\/wp\/v2\/product"}],"about":[{"href":"https:\/\/www.agraritaeten-shop.com\/en\/wp-json\/wp\/v2\/types\/product"}],"wp:featuredmedia":[{"embeddable":true,"href":"https:\/\/www.agraritaeten-shop.com\/en\/wp-json\/wp\/v2\/media\/12134"}],"wp:attachment":[{"href":"https:\/\/www.agraritaeten-shop.com\/en\/wp-json\/wp\/v2\/media?parent=12183"}],"wp:term":[{"taxonomy":"product_brand","embeddable":true,"href":"https:\/\/www.agraritaeten-shop.com\/en\/wp-json\/wp\/v2\/product_brand?post=12183"},{"taxonomy":"product_cat","embeddable":true,"href":"https:\/\/www.agraritaeten-shop.com\/en\/wp-json\/wp\/v2\/product_cat?post=12183"},{"taxonomy":"product_tag","embeddable":true,"href":"https:\/\/www.agraritaeten-shop.com\/en\/wp-json\/wp\/v2\/product_tag?post=12183"}],"curies":[{"name":"wp","href":"https:\/\/api.w.org\/{rel}","templated":true}]}}