{"id":12234,"date":"2024-07-25T18:59:52","date_gmt":"2024-07-25T16:59:52","guid":{"rendered":"https:\/\/www.agraritaeten-shop.com\/?post_type=product&#038;p=12234"},"modified":"2026-03-15T21:32:06","modified_gmt":"2026-03-15T20:32:06","slug":"ihc-mccormick-prospekt-maschinen-und-geraete-fuer-die-heu-u-getreideernte","status":"publish","type":"product","link":"https:\/\/www.agraritaeten-shop.com\/en\/shop\/prospekte\/prospekte_ihc-international\/ihc-mccormick-prospekt-maschinen-und-geraete-fuer-die-heu-u-getreideernte\/","title":{"rendered":"IHC McCormick Prospekt &#8222;Maschinen und Ger\u00e4te f\u00fcr die Heu- u. Getreideernte&#8220;"},"content":{"rendered":"<h1><strong>original Preisliste<\/strong><\/h1>\n<h1>IHC McCormick<br \/>\n&#8222;Maschinen und Ger\u00e4te f\u00fcr die Heu- u. Getreideernte&#8220;<\/h1>\n<h2>Bindem\u00e4her, Bindegarn, Zapfwellenbinder, Getreidem\u00e4her, Grasm\u00e4her, Pferderechen, Gabelheuwender, Schwadenrechen, D\u00fcngerstreuer, Ausr\u00fcstungen<\/h2>\n<ul>\n<li>approx. A4 Format<\/li>\n<li><em>16<\/em> pages<\/li>\n<li><em>German<\/em> (\u00fcberwiegend in Kurrent-Schrift)<\/li>\n<li>punched<\/li>\n<li>used<\/li>\n<li>folded in the middle<\/li>\n<li>signs of use corresponding to its age<\/li>\n<li>inside paper slightly wavy, likely due to moisture<\/li>\n<li>at two spots the pages were stuck together, causing more significant damage in those areas<\/li>\n<li>small tears along the lower edges<\/li>\n<li>mainly good condition and complete<\/li>\n<li>100% original<\/li>\n<li>Print No.: <em>D21-H<\/em><\/li>\n<\/ul>","protected":false},"excerpt":{"rendered":"<p>original Preisliste IHC McCormick &#8222;Maschinen und Ger\u00e4te f\u00fcr die Heu- u. Getreideernte&#8220; Bindem\u00e4her, Bindegarn, Zapfwellenbinder, Getreidem\u00e4her, Grasm\u00e4her, Pferderechen, Gabelheuwender, Schwadenrechen, D\u00fcngerstreuer, Ausr\u00fcstungen ca. A4 Format 16 Seiten Deutsch (\u00fcberwiegend in Kurrent-Schrift) gelocht gebraucht in der Mitte geknickt dem Alter entsprechende Gebrauchsspuren im Inneren Papier etwas aufgewellt vermutlich auf Grund von Feuchtigkeit an 2 Stellen waren [&#8230;]\n","protected":false},"featured_media":12056,"template":"","meta":[],"product_brand":[],"product_cat":[122,42,138,82,45],"product_tag":[1680,1678,265,210,981,1676,1679,971,1677,185,184,970,186,1637,264],"class_list":{"0":"post-12234","1":"product","2":"type-product","3":"status-publish","4":"has-post-thumbnail","6":"product_cat-prospekte_ihc-international","7":"product_cat-ihc_international","8":"product_cat-mccormick-prospekte","9":"product_cat-mccormick","10":"product_cat-prospekte","11":"product_tag-ausruestungen","12":"product_tag-bindegarn","13":"product_tag-bindemaeher","14":"product_tag-duengerstreuer","15":"product_tag-gabelheuwender","16":"product_tag-getreideernte","17":"product_tag-getreidemaeher","18":"product_tag-grasmaeher","19":"product_tag-heuernte","20":"product_tag-ihc","21":"product_tag-mccormick","22":"product_tag-pferderechen","23":"product_tag-prospekt","24":"product_tag-schwadenrechen","25":"product_tag-zapfwellenbinder","27":"first","28":"instock","29":"shipping-taxable","30":"purchasable","31":"product-type-simple"},"_links":{"self":[{"href":"https:\/\/www.agraritaeten-shop.com\/en\/wp-json\/wp\/v2\/product\/12234","targetHints":{"allow":["GET"]}}],"collection":[{"href":"https:\/\/www.agraritaeten-shop.com\/en\/wp-json\/wp\/v2\/product"}],"about":[{"href":"https:\/\/www.agraritaeten-shop.com\/en\/wp-json\/wp\/v2\/types\/product"}],"wp:featuredmedia":[{"embeddable":true,"href":"https:\/\/www.agraritaeten-shop.com\/en\/wp-json\/wp\/v2\/media\/12056"}],"wp:attachment":[{"href":"https:\/\/www.agraritaeten-shop.com\/en\/wp-json\/wp\/v2\/media?parent=12234"}],"wp:term":[{"taxonomy":"product_brand","embeddable":true,"href":"https:\/\/www.agraritaeten-shop.com\/en\/wp-json\/wp\/v2\/product_brand?post=12234"},{"taxonomy":"product_cat","embeddable":true,"href":"https:\/\/www.agraritaeten-shop.com\/en\/wp-json\/wp\/v2\/product_cat?post=12234"},{"taxonomy":"product_tag","embeddable":true,"href":"https:\/\/www.agraritaeten-shop.com\/en\/wp-json\/wp\/v2\/product_tag?post=12234"}],"curies":[{"name":"wp","href":"https:\/\/api.w.org\/{rel}","templated":true}]}}