{"id":12320,"date":"2024-07-19T21:20:30","date_gmt":"2024-07-19T19:20:30","guid":{"rendered":"https:\/\/www.agraritaeten-shop.com\/?post_type=product&#038;p=12320"},"modified":"2024-07-19T21:24:21","modified_gmt":"2024-07-19T19:24:21","slug":"rustica-bleinroth-prospekt-koepfroder-rk1","status":"publish","type":"product","link":"https:\/\/www.agraritaeten-shop.com\/en\/shop\/prospekte\/sonstige-prospekte\/rustica-bleinroth-prospekt-koepfroder-rk1\/","title":{"rendered":"RUSTICA Bleinroth Prospekt K\u00f6pfroder RK1"},"content":{"rendered":"<h1><strong>original brochure<br \/>\n<\/strong><\/h1>\n<h2>RUSTICA K\u00f6pfroder RK1<br \/>\n<span style=\"font-size: 80%;\">Vertrieb: Heinrich Bleinroth Landmaschinenfabrik<\/span><\/h2>\n<ul>\n<li>approx. A4 Format<\/li>\n<li>fold-out along the length to 4 times its original size<\/li>\n<li>German<\/li>\n<li>punched<\/li>\n<li>used<\/li>\n<li>slightly used, but well-preserved<\/li>\n<li>100% original<\/li>\n<\/ul>","protected":false},"excerpt":{"rendered":"<p>original Prospekt RUSTICA K\u00f6pfroder RK1 Vertrieb: Heinrich Bleinroth Landmaschinenfabrik ca. A4 Format der L\u00e4nge nach ausklappbar zur 4fachen Gr\u00f6\u00dfe Deutsch gelocht gebraucht minimal abgegriffen, aber gut erhalten 100% original<\/p>","protected":false},"featured_media":12282,"template":"","meta":[],"product_brand":[],"product_cat":[45,132,123],"product_tag":[418,186,223],"class_list":{"0":"post-12320","1":"product","2":"type-product","3":"status-publish","4":"has-post-thumbnail","6":"product_cat-prospekte","7":"product_cat-sonstige-prospekte","8":"product_cat-sonstige","9":"product_tag-koepfroder","10":"product_tag-prospekt","11":"product_tag-rustica","13":"first","14":"instock","15":"shipping-taxable","16":"purchasable","17":"product-type-simple"},"_links":{"self":[{"href":"https:\/\/www.agraritaeten-shop.com\/en\/wp-json\/wp\/v2\/product\/12320","targetHints":{"allow":["GET"]}}],"collection":[{"href":"https:\/\/www.agraritaeten-shop.com\/en\/wp-json\/wp\/v2\/product"}],"about":[{"href":"https:\/\/www.agraritaeten-shop.com\/en\/wp-json\/wp\/v2\/types\/product"}],"wp:featuredmedia":[{"embeddable":true,"href":"https:\/\/www.agraritaeten-shop.com\/en\/wp-json\/wp\/v2\/media\/12282"}],"wp:attachment":[{"href":"https:\/\/www.agraritaeten-shop.com\/en\/wp-json\/wp\/v2\/media?parent=12320"}],"wp:term":[{"taxonomy":"product_brand","embeddable":true,"href":"https:\/\/www.agraritaeten-shop.com\/en\/wp-json\/wp\/v2\/product_brand?post=12320"},{"taxonomy":"product_cat","embeddable":true,"href":"https:\/\/www.agraritaeten-shop.com\/en\/wp-json\/wp\/v2\/product_cat?post=12320"},{"taxonomy":"product_tag","embeddable":true,"href":"https:\/\/www.agraritaeten-shop.com\/en\/wp-json\/wp\/v2\/product_tag?post=12320"}],"curies":[{"name":"wp","href":"https:\/\/api.w.org\/{rel}","templated":true}]}}