{"id":12588,"date":"2025-03-29T11:22:35","date_gmt":"2025-03-29T10:22:35","guid":{"rendered":"https:\/\/www.agraritaeten-shop.com\/?post_type=product&#038;p=12588"},"modified":"2025-02-24T23:12:51","modified_gmt":"2025-02-24T22:12:51","slug":"mueller-mitteltal-prospekt-spezial-unimog-kippanhaenger","status":"publish","type":"product","link":"https:\/\/www.agraritaeten-shop.com\/en\/shop\/prospekte\/prospekte_mercedes-unimog\/mueller-mitteltal-prospekt-spezial-unimog-kippanhaenger\/","title":{"rendered":"M\u00dcLLER MITTELTAL Preisliste f\u00fcr Spezial-UNIMOG-Zweiachs- Einachs- Tandem-Anh\u00e4nger"},"content":{"rendered":"<h1><strong>original brochure\/price list<br \/>\n<\/strong><\/h1>\n<h2>Karl M\u00dcLLER Fahrzeugfabrik, Mitteltal<br \/>\nPreisliste f\u00fcr<br \/>\nSpezial-UNIMOG-Zweiachs- Einachs- Tandem-Anh\u00e4nger<br \/>\nmit Pritschen -und Kippaufbau<br \/>\n<span style=\"font-size: 75%;\">M\u00e4rz 1969<\/span><\/h2>\n<ul>\n<li>A5 format<\/li>\n<li>16 pages<\/li>\n<li>German<\/li>\n<li>punched<\/li>\n<li>used<\/li>\n<li>very good condition<\/li>\n<li>100% original<\/li>\n<\/ul>","protected":false},"excerpt":{"rendered":"<p>original Prospekt\/Preisliste Karl M\u00dcLLER Fahrzeugfabrik, Mitteltal Preisliste f\u00fcr Spezial-UNIMOG-Zweiachs- Einachs- Tandem-Anh\u00e4nger mit Pritschen -und Kippaufbau M\u00e4rz 1969 A5 Format 16 Seiten Deutsch gelocht gebraucht sehr guter Zustand 100% original<\/p>","protected":false},"featured_media":15842,"template":"","meta":[],"product_brand":[],"product_cat":[134,190,45,132,123],"product_tag":[767,568,307,1675,507,186,331],"class_list":{"0":"post-12588","1":"product","2":"type-product","3":"status-publish","4":"has-post-thumbnail","6":"product_cat-mercedes_unimog","7":"product_cat-prospekte_mercedes-unimog","8":"product_cat-prospekte","9":"product_cat-sonstige-prospekte","10":"product_cat-sonstige","11":"product_tag-anhaenger","12":"product_tag-kipper","13":"product_tag-ladewagen","14":"product_tag-mueller","15":"product_tag-preisliste","16":"product_tag-prospekt","17":"product_tag-unimog","19":"first","20":"instock","21":"shipping-taxable","22":"purchasable","23":"product-type-simple"},"_links":{"self":[{"href":"https:\/\/www.agraritaeten-shop.com\/en\/wp-json\/wp\/v2\/product\/12588","targetHints":{"allow":["GET"]}}],"collection":[{"href":"https:\/\/www.agraritaeten-shop.com\/en\/wp-json\/wp\/v2\/product"}],"about":[{"href":"https:\/\/www.agraritaeten-shop.com\/en\/wp-json\/wp\/v2\/types\/product"}],"wp:featuredmedia":[{"embeddable":true,"href":"https:\/\/www.agraritaeten-shop.com\/en\/wp-json\/wp\/v2\/media\/15842"}],"wp:attachment":[{"href":"https:\/\/www.agraritaeten-shop.com\/en\/wp-json\/wp\/v2\/media?parent=12588"}],"wp:term":[{"taxonomy":"product_brand","embeddable":true,"href":"https:\/\/www.agraritaeten-shop.com\/en\/wp-json\/wp\/v2\/product_brand?post=12588"},{"taxonomy":"product_cat","embeddable":true,"href":"https:\/\/www.agraritaeten-shop.com\/en\/wp-json\/wp\/v2\/product_cat?post=12588"},{"taxonomy":"product_tag","embeddable":true,"href":"https:\/\/www.agraritaeten-shop.com\/en\/wp-json\/wp\/v2\/product_tag?post=12588"}],"curies":[{"name":"wp","href":"https:\/\/api.w.org\/{rel}","templated":true}]}}