{"id":12808,"date":"2024-08-12T17:32:13","date_gmt":"2024-08-12T15:32:13","guid":{"rendered":"https:\/\/www.agraritaeten-shop.com\/?post_type=product&#038;p=12808"},"modified":"2025-06-19T13:31:42","modified_gmt":"2025-06-19T11:31:42","slug":"koemag-prospekt-elektro-mehrzweck-geraet","status":"publish","type":"product","link":"https:\/\/www.agraritaeten-shop.com\/en\/shop\/prospekte\/sonstige-prospekte\/koemag-prospekt-elektro-mehrzweck-geraet\/","title":{"rendered":"K\u00d6MAG Prospekt Elektro-Mehrzweck-Ger\u00e4t"},"content":{"rendered":"<h1><strong>original brochure<br \/>\n<\/strong><\/h1>\n<h2>K\u00d6MAG Elektro-Mehrzweck-Ger\u00e4t<br \/>\nA. K\u00f6hler &amp; Co. GmbH., Landmaschinenfabrik, Gefrees<\/h2>\n<ul>\n<li>A4 format<\/li>\n<li>4 pages<\/li>\n<li>German<\/li>\n<li>not punched<\/li>\n<li>used<\/li>\n<li>a piece torn off at the side, otherwise well-preserved<\/li>\n<li>100% original<\/li>\n<\/ul>","protected":false},"excerpt":{"rendered":"<p>original Prospekt K\u00d6MAG Elektro-Mehrzweck-Ger\u00e4t A. K\u00f6hler &amp; Co. GmbH., Landmaschinenfabrik, Gefrees A4 Format 4 Seiten Deutsch nicht gelocht gebraucht seitlich ein St\u00fcck weggerissen, ansonsten gut erhalten 100% original<\/p>","protected":false},"featured_media":12631,"template":"","meta":[],"product_brand":[],"product_cat":[45,132,123],"product_tag":[1122,1766,186],"class_list":{"0":"post-12808","1":"product","2":"type-product","3":"status-publish","4":"has-post-thumbnail","6":"product_cat-prospekte","7":"product_cat-sonstige-prospekte","8":"product_cat-sonstige","9":"product_tag-koemag","10":"product_tag-mehrzweck-geraet","11":"product_tag-prospekt","13":"first","14":"outofstock","15":"shipping-taxable","16":"purchasable","17":"product-type-simple"},"_links":{"self":[{"href":"https:\/\/www.agraritaeten-shop.com\/en\/wp-json\/wp\/v2\/product\/12808","targetHints":{"allow":["GET"]}}],"collection":[{"href":"https:\/\/www.agraritaeten-shop.com\/en\/wp-json\/wp\/v2\/product"}],"about":[{"href":"https:\/\/www.agraritaeten-shop.com\/en\/wp-json\/wp\/v2\/types\/product"}],"wp:featuredmedia":[{"embeddable":true,"href":"https:\/\/www.agraritaeten-shop.com\/en\/wp-json\/wp\/v2\/media\/12631"}],"wp:attachment":[{"href":"https:\/\/www.agraritaeten-shop.com\/en\/wp-json\/wp\/v2\/media?parent=12808"}],"wp:term":[{"taxonomy":"product_brand","embeddable":true,"href":"https:\/\/www.agraritaeten-shop.com\/en\/wp-json\/wp\/v2\/product_brand?post=12808"},{"taxonomy":"product_cat","embeddable":true,"href":"https:\/\/www.agraritaeten-shop.com\/en\/wp-json\/wp\/v2\/product_cat?post=12808"},{"taxonomy":"product_tag","embeddable":true,"href":"https:\/\/www.agraritaeten-shop.com\/en\/wp-json\/wp\/v2\/product_tag?post=12808"}],"curies":[{"name":"wp","href":"https:\/\/api.w.org\/{rel}","templated":true}]}}