{"id":12812,"date":"2024-08-12T17:48:01","date_gmt":"2024-08-12T15:48:01","guid":{"rendered":"https:\/\/www.agraritaeten-shop.com\/?post_type=product&#038;p=12812"},"modified":"2024-08-11T17:50:44","modified_gmt":"2024-08-11T15:50:44","slug":"koemag-prospekt-elektro-mehrzweckgeraet","status":"publish","type":"product","link":"https:\/\/www.agraritaeten-shop.com\/en\/shop\/prospekte\/sonstige-prospekte\/koemag-prospekt-elektro-mehrzweckgeraet\/","title":{"rendered":"K\u00d6MAG Prospekt Elektro-Mehrzweckger\u00e4t"},"content":{"rendered":"<h1><strong>original brochure<br \/>\n<\/strong><\/h1>\n<h2>K\u00d6MAG Elektro-Mehrzweckger\u00e4t<br \/>\nA. K\u00f6hler &amp; Co. GmbH., Landmaschinenfabrik, Gefrees<\/h2>\n<ul>\n<li>A4 format<\/li>\n<li>1 sheet, printed on both sides<\/li>\n<li>German<\/li>\n<li>punched<\/li>\n<li>used<\/li>\n<li>slightly folded in the middle<\/li>\n<li>signs of stapling, otherwise in good condition<\/li>\n<li>100% original<\/li>\n<\/ul>","protected":false},"excerpt":{"rendered":"<p>original Prospekt K\u00d6MAG Elektro-Mehrzweckger\u00e4t A. K\u00f6hler &amp; Co. GmbH., Landmaschinenfabrik, Gefrees A4 Format 1 Blatt, beidseitig bedruckt Deutsch gelocht gebraucht Leichter Knick in der Mitte Spuren einer Klammerung, ansonsten guter Zustand 100% original<\/p>","protected":false},"featured_media":12628,"template":"","meta":[],"product_brand":[],"product_cat":[45,132,123],"product_tag":[1122,1768,186],"class_list":{"0":"post-12812","1":"product","2":"type-product","3":"status-publish","4":"has-post-thumbnail","6":"product_cat-prospekte","7":"product_cat-sonstige-prospekte","8":"product_cat-sonstige","9":"product_tag-koemag","10":"product_tag-mehrzweckgeraet","11":"product_tag-prospekt","13":"first","14":"instock","15":"shipping-taxable","16":"purchasable","17":"product-type-simple"},"_links":{"self":[{"href":"https:\/\/www.agraritaeten-shop.com\/en\/wp-json\/wp\/v2\/product\/12812","targetHints":{"allow":["GET"]}}],"collection":[{"href":"https:\/\/www.agraritaeten-shop.com\/en\/wp-json\/wp\/v2\/product"}],"about":[{"href":"https:\/\/www.agraritaeten-shop.com\/en\/wp-json\/wp\/v2\/types\/product"}],"wp:featuredmedia":[{"embeddable":true,"href":"https:\/\/www.agraritaeten-shop.com\/en\/wp-json\/wp\/v2\/media\/12628"}],"wp:attachment":[{"href":"https:\/\/www.agraritaeten-shop.com\/en\/wp-json\/wp\/v2\/media?parent=12812"}],"wp:term":[{"taxonomy":"product_brand","embeddable":true,"href":"https:\/\/www.agraritaeten-shop.com\/en\/wp-json\/wp\/v2\/product_brand?post=12812"},{"taxonomy":"product_cat","embeddable":true,"href":"https:\/\/www.agraritaeten-shop.com\/en\/wp-json\/wp\/v2\/product_cat?post=12812"},{"taxonomy":"product_tag","embeddable":true,"href":"https:\/\/www.agraritaeten-shop.com\/en\/wp-json\/wp\/v2\/product_tag?post=12812"}],"curies":[{"name":"wp","href":"https:\/\/api.w.org\/{rel}","templated":true}]}}