{"id":12815,"date":"2024-08-11T18:12:27","date_gmt":"2024-08-11T16:12:27","guid":{"rendered":"https:\/\/www.agraritaeten-shop.com\/?post_type=product&#038;p=12815"},"modified":"2024-08-11T18:21:28","modified_gmt":"2024-08-11T16:21:28","slug":"rh-prospekt-foerderbaender-foerderanlagen","status":"publish","type":"product","link":"https:\/\/www.agraritaeten-shop.com\/en\/shop\/prospekte\/sonstige-prospekte\/rh-prospekt-foerderbaender-foerderanlagen\/","title":{"rendered":"RH Prospekt F\u00f6rderb\u00e4nder, F\u00f6rderanlagen"},"content":{"rendered":"<h1><strong>original brochure<br \/>\n<\/strong><\/h1>\n<h2>RH F\u00f6rderb\u00e4nder und F\u00f6rderanlagen<br \/>\n<span style=\"font-size: 75%;\">Friedr. Trunkenpolz, Landmaschinen Gro\u00df- u. Einzelhandel, Altheim\/Ober\u00f6sterreich<\/span><\/h2>\n<ul>\n<li>A4 format<\/li>\n<li>16 pages<\/li>\n<li>German<\/li>\n<li>not punched<\/li>\n<li>folded in the middle<\/li>\n<li>used<\/li>\n<li>very good condition<\/li>\n<li>100% original<\/li>\n<\/ul>","protected":false},"excerpt":{"rendered":"<p>original Prospekt RH F\u00f6rderb\u00e4nder und F\u00f6rderanlagen Friedr. Trunkenpolz, Landmaschinen Gro\u00df- u. Einzelhandel, Altheim\/Ober\u00f6sterreich A4 Format 16 Seiten Deutsch nicht gelocht in der Mitte geknickt gebraucht sehr guter Zustand 100% original<\/p>","protected":false},"featured_media":12602,"template":"","meta":[],"product_brand":[],"product_cat":[45,123,132],"product_tag":[1346,848,186,1750],"class_list":{"0":"post-12815","1":"product","2":"type-product","3":"status-publish","4":"has-post-thumbnail","6":"product_cat-prospekte","7":"product_cat-sonstige","8":"product_cat-sonstige-prospekte","9":"product_tag-foerderanlagen","10":"product_tag-foerderbaender","11":"product_tag-prospekt","12":"product_tag-rh","14":"first","15":"instock","16":"shipping-taxable","17":"purchasable","18":"product-type-simple"},"_links":{"self":[{"href":"https:\/\/www.agraritaeten-shop.com\/en\/wp-json\/wp\/v2\/product\/12815","targetHints":{"allow":["GET"]}}],"collection":[{"href":"https:\/\/www.agraritaeten-shop.com\/en\/wp-json\/wp\/v2\/product"}],"about":[{"href":"https:\/\/www.agraritaeten-shop.com\/en\/wp-json\/wp\/v2\/types\/product"}],"wp:featuredmedia":[{"embeddable":true,"href":"https:\/\/www.agraritaeten-shop.com\/en\/wp-json\/wp\/v2\/media\/12602"}],"wp:attachment":[{"href":"https:\/\/www.agraritaeten-shop.com\/en\/wp-json\/wp\/v2\/media?parent=12815"}],"wp:term":[{"taxonomy":"product_brand","embeddable":true,"href":"https:\/\/www.agraritaeten-shop.com\/en\/wp-json\/wp\/v2\/product_brand?post=12815"},{"taxonomy":"product_cat","embeddable":true,"href":"https:\/\/www.agraritaeten-shop.com\/en\/wp-json\/wp\/v2\/product_cat?post=12815"},{"taxonomy":"product_tag","embeddable":true,"href":"https:\/\/www.agraritaeten-shop.com\/en\/wp-json\/wp\/v2\/product_tag?post=12815"}],"curies":[{"name":"wp","href":"https:\/\/api.w.org\/{rel}","templated":true}]}}