{"id":13005,"date":"2025-01-07T09:27:52","date_gmt":"2025-01-07T08:27:52","guid":{"rendered":"https:\/\/www.agraritaeten-shop.com\/?post_type=product&#038;p=13005"},"modified":"2025-06-15T22:09:47","modified_gmt":"2025-06-15T20:09:47","slug":"kiwa-prospekt-dung-brueckenkran-robot","status":"publish","type":"product","link":"https:\/\/www.agraritaeten-shop.com\/en\/shop\/prospekte\/sonstige-prospekte\/kiwa-prospekt-dung-brueckenkran-robot\/","title":{"rendered":"KIWA Prospekt Dung-Br\u00fcckenkran &#8222;ROBOT&#8220;"},"content":{"rendered":"<h1><strong><span style=\"font-size: 100%;\">original <\/span>brochure<br \/>\n<\/strong><\/h1>\n<h2>KIWA Dung-Br\u00fcckenkran &#8222;ROBOT&#8220;<br \/>\n<span style=\"font-size: 75%;\">Franz Xaver Kibler Spezialfabrik landwirt. F\u00f6rderanlagen, Bad Waldsee-W\u00fcrtt.<\/span><\/h2>\n<ul>\n<li>A4 format<\/li>\n<li>4 pages<\/li>\n<li>German<\/li>\n<li>punched<\/li>\n<li>folded in the middle<\/li>\n<li>used<\/li>\n<li>very good condition<\/li>\n<li>100% original<\/li>\n<li>DruckNr. R54<\/li>\n<\/ul>","protected":false},"excerpt":{"rendered":"<p>original Prospekt KIWA Dung-Br\u00fcckenkran &#8222;ROBOT&#8220; Franz Xaver Kibler Spezialfabrik landwirt. F\u00f6rderanlagen, Bad Waldsee-W\u00fcrtt. A4 Format 4 Seiten Deutsch gelocht in der Mitte geknickt gebraucht sehr guter Zustand 100% original DruckNr. R54<\/p>","protected":false},"featured_media":12952,"template":"","meta":[],"product_brand":[],"product_cat":[45,132,123],"product_tag":[1812,1811,1796,1397,186],"class_list":{"0":"post-13005","1":"product","2":"type-product","3":"status-publish","4":"has-post-thumbnail","6":"product_cat-prospekte","7":"product_cat-sonstige-prospekte","8":"product_cat-sonstige","9":"product_tag-brueckenkran","10":"product_tag-dunglader","11":"product_tag-kiwa","12":"product_tag-kran","13":"product_tag-prospekt","15":"first","16":"outofstock","17":"shipping-taxable","18":"purchasable","19":"product-type-simple"},"_links":{"self":[{"href":"https:\/\/www.agraritaeten-shop.com\/en\/wp-json\/wp\/v2\/product\/13005","targetHints":{"allow":["GET"]}}],"collection":[{"href":"https:\/\/www.agraritaeten-shop.com\/en\/wp-json\/wp\/v2\/product"}],"about":[{"href":"https:\/\/www.agraritaeten-shop.com\/en\/wp-json\/wp\/v2\/types\/product"}],"wp:featuredmedia":[{"embeddable":true,"href":"https:\/\/www.agraritaeten-shop.com\/en\/wp-json\/wp\/v2\/media\/12952"}],"wp:attachment":[{"href":"https:\/\/www.agraritaeten-shop.com\/en\/wp-json\/wp\/v2\/media?parent=13005"}],"wp:term":[{"taxonomy":"product_brand","embeddable":true,"href":"https:\/\/www.agraritaeten-shop.com\/en\/wp-json\/wp\/v2\/product_brand?post=13005"},{"taxonomy":"product_cat","embeddable":true,"href":"https:\/\/www.agraritaeten-shop.com\/en\/wp-json\/wp\/v2\/product_cat?post=13005"},{"taxonomy":"product_tag","embeddable":true,"href":"https:\/\/www.agraritaeten-shop.com\/en\/wp-json\/wp\/v2\/product_tag?post=13005"}],"curies":[{"name":"wp","href":"https:\/\/api.w.org\/{rel}","templated":true}]}}