{"id":13552,"date":"2025-01-04T11:05:01","date_gmt":"2025-01-04T10:05:01","guid":{"rendered":"https:\/\/www.agraritaeten-shop.com\/?post_type=product&#038;p=13552"},"modified":"2026-01-22T19:56:31","modified_gmt":"2026-01-22T18:56:31","slug":"ihc-international-prospekt-ihr-zuverlaessiger-partner","status":"publish","type":"product","link":"https:\/\/www.agraritaeten-shop.com\/en\/shop\/prospekte\/prospekte_ihc-international\/ihc-international-prospekt-ihr-zuverlaessiger-partner\/","title":{"rendered":"IHC International Prospekt &#8222;Ihr zuverl\u00e4ssiger Partner&#8220;"},"content":{"rendered":"<h1><strong>original brochure<br \/>\n<\/strong><\/h1>\n<h2>IHC International Harvester Company<br \/>\nWerkspr\u00e4sentation und Programm <strong>&#8222;Ihr zuverl\u00e4ssiger Partner&#8220;<\/strong><br \/>\n<span style=\"font-size: 80%;\">Schlepper 323, 353, 423, 453, 523(A), 624(A), 724(A), 824(A), 946(A), 1046(A)<\/span><br \/>\n<span style=\"font-size: 80%;\">M\u00e4hdrescher 8-51, 8-61, 8-71, 8-91, 8-31 Sampo<\/span><br \/>\n<span style=\"font-size: 80%;\">Ballenpressen 422, 430, 440<\/span><br \/>\n<span style=\"font-size: 80%;\">Frontlader, Kreiselm\u00e4her, D\u00fcngerstreuer, Anbaum\u00e4her, Maish\u00e4cksler<\/span><\/h2>\n<ul>\n<li>A4 landscape format<\/li>\n<li>32 pages<\/li>\n<li>German<\/li>\n<li>not punched<\/li>\n<li>used<\/li>\n<li>lower corner minimally worn, otherwise in very good condition<\/li>\n<li>100% original<\/li>\n<li>DruckNr. GER 82-Z<\/li>\n<\/ul>","protected":false},"excerpt":{"rendered":"<p>original Prospekt IHC International Harvester Company Werkspr\u00e4sentation und Programm &#8222;Ihr zuverl\u00e4ssiger Partner&#8220; Schlepper 323, 353, 423, 453, 523(A), 624(A), 724(A), 824(A), 946(A), 1046(A) M\u00e4hdrescher 8-51, 8-61, 8-71, 8-91, 8-31 Sampo Ballenpressen 422, 430, 440 Frontlader, Kreiselm\u00e4her, D\u00fcngerstreuer, Anbaum\u00e4her, Maish\u00e4cksler A4 Querformat 32 Seiten Deutsch nicht gelocht gebraucht Untere Ecke minimal abgegriffen, ansonsten sehr guter Zustand [&#8230;]\n","protected":false},"featured_media":13414,"template":"","meta":[],"product_brand":[],"product_cat":[122,42,45],"product_tag":[1911,414,210,480,185,187,1539,189,291,186,256,188],"class_list":{"0":"post-13552","1":"product","2":"type-product","3":"status-publish","4":"has-post-thumbnail","6":"product_cat-prospekte_ihc-international","7":"product_cat-ihc_international","8":"product_cat-prospekte","9":"product_tag-anbaumaeher","10":"product_tag-ballenpressen","11":"product_tag-duengerstreuer","12":"product_tag-frontlader","13":"product_tag-ihc","14":"product_tag-international","15":"product_tag-kreiselmaeher","16":"product_tag-maehdrescher","17":"product_tag-maishaecksler","18":"product_tag-prospekt","19":"product_tag-schlepper","20":"product_tag-traktor","22":"first","23":"outofstock","24":"shipping-taxable","25":"purchasable","26":"product-type-simple"},"_links":{"self":[{"href":"https:\/\/www.agraritaeten-shop.com\/en\/wp-json\/wp\/v2\/product\/13552","targetHints":{"allow":["GET"]}}],"collection":[{"href":"https:\/\/www.agraritaeten-shop.com\/en\/wp-json\/wp\/v2\/product"}],"about":[{"href":"https:\/\/www.agraritaeten-shop.com\/en\/wp-json\/wp\/v2\/types\/product"}],"wp:featuredmedia":[{"embeddable":true,"href":"https:\/\/www.agraritaeten-shop.com\/en\/wp-json\/wp\/v2\/media\/13414"}],"wp:attachment":[{"href":"https:\/\/www.agraritaeten-shop.com\/en\/wp-json\/wp\/v2\/media?parent=13552"}],"wp:term":[{"taxonomy":"product_brand","embeddable":true,"href":"https:\/\/www.agraritaeten-shop.com\/en\/wp-json\/wp\/v2\/product_brand?post=13552"},{"taxonomy":"product_cat","embeddable":true,"href":"https:\/\/www.agraritaeten-shop.com\/en\/wp-json\/wp\/v2\/product_cat?post=13552"},{"taxonomy":"product_tag","embeddable":true,"href":"https:\/\/www.agraritaeten-shop.com\/en\/wp-json\/wp\/v2\/product_tag?post=13552"}],"curies":[{"name":"wp","href":"https:\/\/api.w.org\/{rel}","templated":true}]}}