{"id":13558,"date":"2025-01-08T11:47:26","date_gmt":"2025-01-08T10:47:26","guid":{"rendered":"https:\/\/www.agraritaeten-shop.com\/?post_type=product&#038;p=13558"},"modified":"2026-03-13T22:32:23","modified_gmt":"2026-03-13T21:32:23","slug":"hoelz-prospekt-guellwerfer","status":"publish","type":"product","link":"https:\/\/www.agraritaeten-shop.com\/en\/shop\/prospekte\/sonstige-prospekte\/hoelz-prospekt-guellwerfer\/","title":{"rendered":"H\u00d6LZ Prospekt G\u00fcllwerfer"},"content":{"rendered":"<h1><strong>original brochure<\/strong><\/h1>\n<h1>Maschinenfabrik A. H\u00d6LZ, Allg\u00e4u<br \/>\nG\u00fcllwerfer<\/h1>\n<ul>\n<li>A5 format<\/li>\n<li>4 pages<\/li>\n<li>German<\/li>\n<li>not punched<\/li>\n<li>used<\/li>\n<li>very good condition<\/li>\n<li>100% original<\/li>\n<li>Print No.: <em>2.59.5000.<\/em><\/li>\n<\/ul>","protected":false},"excerpt":{"rendered":"<p>original Prospekt Maschinenfabrik A. H\u00d6LZ, Allg\u00e4u G\u00fcllwerfer A5 Format 4 Seiten Deutsch nicht gelocht gebraucht sehr guter Zustand 100% original DruckNr. 2.59.5000.<\/p>","protected":false},"featured_media":13351,"template":"","meta":[],"product_brand":[],"product_cat":[45,123,132],"product_tag":[1913,1375,186],"class_list":{"0":"post-13558","1":"product","2":"type-product","3":"status-publish","4":"has-post-thumbnail","6":"product_cat-prospekte","7":"product_cat-sonstige","8":"product_cat-sonstige-prospekte","9":"product_tag-guellwerfer","10":"product_tag-hoelz","11":"product_tag-prospekt","13":"first","14":"instock","15":"shipping-taxable","16":"purchasable","17":"product-type-simple"},"_links":{"self":[{"href":"https:\/\/www.agraritaeten-shop.com\/en\/wp-json\/wp\/v2\/product\/13558","targetHints":{"allow":["GET"]}}],"collection":[{"href":"https:\/\/www.agraritaeten-shop.com\/en\/wp-json\/wp\/v2\/product"}],"about":[{"href":"https:\/\/www.agraritaeten-shop.com\/en\/wp-json\/wp\/v2\/types\/product"}],"wp:featuredmedia":[{"embeddable":true,"href":"https:\/\/www.agraritaeten-shop.com\/en\/wp-json\/wp\/v2\/media\/13351"}],"wp:attachment":[{"href":"https:\/\/www.agraritaeten-shop.com\/en\/wp-json\/wp\/v2\/media?parent=13558"}],"wp:term":[{"taxonomy":"product_brand","embeddable":true,"href":"https:\/\/www.agraritaeten-shop.com\/en\/wp-json\/wp\/v2\/product_brand?post=13558"},{"taxonomy":"product_cat","embeddable":true,"href":"https:\/\/www.agraritaeten-shop.com\/en\/wp-json\/wp\/v2\/product_cat?post=13558"},{"taxonomy":"product_tag","embeddable":true,"href":"https:\/\/www.agraritaeten-shop.com\/en\/wp-json\/wp\/v2\/product_tag?post=13558"}],"curies":[{"name":"wp","href":"https:\/\/api.w.org\/{rel}","templated":true}]}}