{"id":13559,"date":"2024-10-28T11:51:10","date_gmt":"2024-10-28T10:51:10","guid":{"rendered":"https:\/\/www.agraritaeten-shop.com\/?post_type=product&#038;p=13559"},"modified":"2026-03-14T09:31:07","modified_gmt":"2026-03-14T08:31:07","slug":"jcb-prospekt-landpower-programm","status":"publish","type":"product","link":"https:\/\/www.agraritaeten-shop.com\/en\/shop\/prospekte\/sonstige-prospekte\/jcb-prospekt-landpower-programm\/","title":{"rendered":"JCB Prospekt Landpower-Programm"},"content":{"rendered":"<h1><strong>original brochure<br \/>\n<\/strong><\/h1>\n<h2>JCB Landpower-Programm<br \/>\nFastrac, Teleskoplader, Robot, Telemaster, Radlader<\/h2>\n<ul>\n<li>approx. 10cm x 21cm<\/li>\n<li>fold-out along the length to 5 times its original size<\/li>\n<li>German<\/li>\n<li>not punched<\/li>\n<li>used<\/li>\n<li>very good condition<\/li>\n<li>100% original<\/li>\n<li>Datums-Vermerk auf der R\u00fcckseite:<em> Nov 05<\/em><\/li>\n<\/ul>","protected":false},"excerpt":{"rendered":"<p>original Prospekt JCB Landpower-Programm Fastrac, Teleskoplader, Robot, Telemaster, Radlader ca. 10cm x 21cm der L\u00e4nge nach ausklappbar zur 5fachen Gr\u00f6\u00dfe Deutsch nicht gelocht gebraucht sehr guter Zustand 100% original Datums-Vermerk auf der R\u00fcckseite: Nov 05<\/p>","protected":false},"featured_media":13343,"template":"","meta":[],"product_brand":[],"product_cat":[45,123,132],"product_tag":[1779,1408,303,186,1514,1914,1915,427],"class_list":{"0":"post-13559","1":"product","2":"type-product","3":"status-publish","4":"has-post-thumbnail","6":"product_cat-prospekte","7":"product_cat-sonstige","8":"product_cat-sonstige-prospekte","9":"product_tag-fastrac","10":"product_tag-jcb","11":"product_tag-programm","12":"product_tag-prospekt","13":"product_tag-radlader","14":"product_tag-robot","15":"product_tag-telemaster","16":"product_tag-teleskoplader","18":"first","19":"instock","20":"shipping-taxable","21":"purchasable","22":"product-type-simple"},"_links":{"self":[{"href":"https:\/\/www.agraritaeten-shop.com\/en\/wp-json\/wp\/v2\/product\/13559","targetHints":{"allow":["GET"]}}],"collection":[{"href":"https:\/\/www.agraritaeten-shop.com\/en\/wp-json\/wp\/v2\/product"}],"about":[{"href":"https:\/\/www.agraritaeten-shop.com\/en\/wp-json\/wp\/v2\/types\/product"}],"wp:featuredmedia":[{"embeddable":true,"href":"https:\/\/www.agraritaeten-shop.com\/en\/wp-json\/wp\/v2\/media\/13343"}],"wp:attachment":[{"href":"https:\/\/www.agraritaeten-shop.com\/en\/wp-json\/wp\/v2\/media?parent=13559"}],"wp:term":[{"taxonomy":"product_brand","embeddable":true,"href":"https:\/\/www.agraritaeten-shop.com\/en\/wp-json\/wp\/v2\/product_brand?post=13559"},{"taxonomy":"product_cat","embeddable":true,"href":"https:\/\/www.agraritaeten-shop.com\/en\/wp-json\/wp\/v2\/product_cat?post=13559"},{"taxonomy":"product_tag","embeddable":true,"href":"https:\/\/www.agraritaeten-shop.com\/en\/wp-json\/wp\/v2\/product_tag?post=13559"}],"curies":[{"name":"wp","href":"https:\/\/api.w.org\/{rel}","templated":true}]}}