{"id":13639,"date":"2025-01-18T16:14:29","date_gmt":"2025-01-18T15:14:29","guid":{"rendered":"https:\/\/www.agraritaeten-shop.com\/?post_type=product&#038;p=13639"},"modified":"2024-10-28T16:18:22","modified_gmt":"2024-10-28T15:18:22","slug":"mercedes-benz-prospekt-anbaugeraete-zum-unimog","status":"publish","type":"product","link":"https:\/\/www.agraritaeten-shop.com\/en\/shop\/prospekte\/prospekte_mercedes-unimog\/mercedes-benz-prospekt-anbaugeraete-zum-unimog\/","title":{"rendered":"MERCEDES-BENZ Prospekt Anbauger\u00e4te zum UNIMOG"},"content":{"rendered":"<h1><strong>original brochure<\/strong><\/h1>\n<h1>MERCEDES Unimog<br \/>\nAnbauger\u00e4te zum UNIMOG<br \/>\n<span style=\"font-size: 75%;\">&#8222;Durch das ganze Jahr mit Unimog&#8220;<\/span><\/h1>\n<ul>\n<li>A4 format<\/li>\n<li>4 pages, with the back page half-sized<\/li>\n<li>German<\/li>\n<li>punched<\/li>\n<li>used<\/li>\n<li>creased corners, otherwise in good condition<\/li>\n<li>100% original<\/li>\n<\/ul>","protected":false},"excerpt":{"rendered":"<p>original Prospekt MERCEDES Unimog Anbauger\u00e4te zum UNIMOG &#8222;Durch das ganze Jahr mit Unimog&#8220; A4 Format 4 Seiten, wobei R\u00fcckseite nur halbe Gr\u00f6\u00dfe Deutsch gelocht gebraucht Knicke an den Ecken ansonsten guter Zustand 100% original<\/p>","protected":false},"featured_media":13564,"template":"","meta":[],"product_brand":[],"product_cat":[190,134,45],"product_tag":[547,192,323,191,186,188,331],"class_list":{"0":"post-13639","1":"product","2":"type-product","3":"status-publish","4":"has-post-thumbnail","6":"product_cat-prospekte_mercedes-unimog","7":"product_cat-mercedes_unimog","8":"product_cat-prospekte","9":"product_tag-anbau-geraete","10":"product_tag-benz","11":"product_tag-geraete","12":"product_tag-mercedes","13":"product_tag-prospekt","14":"product_tag-traktor","15":"product_tag-unimog","17":"first","18":"instock","19":"shipping-taxable","20":"purchasable","21":"product-type-simple"},"_links":{"self":[{"href":"https:\/\/www.agraritaeten-shop.com\/en\/wp-json\/wp\/v2\/product\/13639","targetHints":{"allow":["GET"]}}],"collection":[{"href":"https:\/\/www.agraritaeten-shop.com\/en\/wp-json\/wp\/v2\/product"}],"about":[{"href":"https:\/\/www.agraritaeten-shop.com\/en\/wp-json\/wp\/v2\/types\/product"}],"wp:featuredmedia":[{"embeddable":true,"href":"https:\/\/www.agraritaeten-shop.com\/en\/wp-json\/wp\/v2\/media\/13564"}],"wp:attachment":[{"href":"https:\/\/www.agraritaeten-shop.com\/en\/wp-json\/wp\/v2\/media?parent=13639"}],"wp:term":[{"taxonomy":"product_brand","embeddable":true,"href":"https:\/\/www.agraritaeten-shop.com\/en\/wp-json\/wp\/v2\/product_brand?post=13639"},{"taxonomy":"product_cat","embeddable":true,"href":"https:\/\/www.agraritaeten-shop.com\/en\/wp-json\/wp\/v2\/product_cat?post=13639"},{"taxonomy":"product_tag","embeddable":true,"href":"https:\/\/www.agraritaeten-shop.com\/en\/wp-json\/wp\/v2\/product_tag?post=13639"}],"curies":[{"name":"wp","href":"https:\/\/api.w.org\/{rel}","templated":true}]}}