{"id":13946,"date":"2025-01-07T18:50:20","date_gmt":"2025-01-07T17:50:20","guid":{"rendered":"https:\/\/www.agraritaeten-shop.com\/?post_type=product&#038;p=13946"},"modified":"2026-03-13T22:32:51","modified_gmt":"2026-03-13T21:32:51","slug":"holder-prospekt-allradschlepper-c500-mit-schneefraese","status":"publish","type":"product","link":"https:\/\/www.agraritaeten-shop.com\/en\/shop\/prospekte\/prospekte_holder\/holder-prospekt-allradschlepper-c500-mit-schneefraese\/","title":{"rendered":"HOLDER Prospekt Allradschlepper C500 mit Schneefr\u00e4se"},"content":{"rendered":"<h1><strong>original brochure<br \/>\n<\/strong><\/h1>\n<h2>HOLDER Allradschlepper C500 mit Schneefr\u00e4se<br \/>\n<span style=\"font-size: 80%;\"><em>distribution<\/em>: Kahlbacher Winterdienst- u. Stra\u00dfenerhaltungsger\u00e4te<\/span><\/h2>\n<ul>\n<li>A4 format<\/li>\n<li>1 sheet, printed on both sides<\/li>\n<li>German<\/li>\n<li>punched<\/li>\n<li>used<\/li>\n<li>edge minimally worn, otherwise in good condition<\/li>\n<li>100% original<\/li>\n<\/ul>","protected":false},"excerpt":{"rendered":"<p>original Prospekt HOLDER Allradschlepper C500 mit Schneefr\u00e4se Vertrieb: Kahlbacher Winterdienst- u. Stra\u00dfenerhaltungsger\u00e4te A4 Format 1 Blatt, beidseitig bedruckt Deutsch gelocht gebraucht Kante minimal bis kaum abgegriffen, ansonsten guter Zustand 100% original<\/p>","protected":false},"featured_media":13901,"template":"","meta":[],"product_brand":[],"product_cat":[155,156,45],"product_tag":[631,186,256,944,188],"class_list":{"0":"post-13946","1":"product","2":"type-product","3":"status-publish","4":"has-post-thumbnail","6":"product_cat-holder","7":"product_cat-prospekte_holder","8":"product_cat-prospekte","9":"product_tag-holder","10":"product_tag-prospekt","11":"product_tag-schlepper","12":"product_tag-schneefraese","13":"product_tag-traktor","15":"first","16":"instock","17":"shipping-taxable","18":"purchasable","19":"product-type-simple"},"_links":{"self":[{"href":"https:\/\/www.agraritaeten-shop.com\/en\/wp-json\/wp\/v2\/product\/13946","targetHints":{"allow":["GET"]}}],"collection":[{"href":"https:\/\/www.agraritaeten-shop.com\/en\/wp-json\/wp\/v2\/product"}],"about":[{"href":"https:\/\/www.agraritaeten-shop.com\/en\/wp-json\/wp\/v2\/types\/product"}],"wp:featuredmedia":[{"embeddable":true,"href":"https:\/\/www.agraritaeten-shop.com\/en\/wp-json\/wp\/v2\/media\/13901"}],"wp:attachment":[{"href":"https:\/\/www.agraritaeten-shop.com\/en\/wp-json\/wp\/v2\/media?parent=13946"}],"wp:term":[{"taxonomy":"product_brand","embeddable":true,"href":"https:\/\/www.agraritaeten-shop.com\/en\/wp-json\/wp\/v2\/product_brand?post=13946"},{"taxonomy":"product_cat","embeddable":true,"href":"https:\/\/www.agraritaeten-shop.com\/en\/wp-json\/wp\/v2\/product_cat?post=13946"},{"taxonomy":"product_tag","embeddable":true,"href":"https:\/\/www.agraritaeten-shop.com\/en\/wp-json\/wp\/v2\/product_tag?post=13946"}],"curies":[{"name":"wp","href":"https:\/\/api.w.org\/{rel}","templated":true}]}}