{"id":13949,"date":"2025-01-12T11:59:22","date_gmt":"2025-01-12T10:59:22","guid":{"rendered":"https:\/\/www.agraritaeten-shop.com\/?post_type=product&#038;p=13949"},"modified":"2024-11-15T23:55:56","modified_gmt":"2024-11-15T22:55:56","slug":"buchmuehlen-prospekt-drehpfluege-fuer-massey-ferguson-schlepper","status":"publish","type":"product","link":"https:\/\/www.agraritaeten-shop.com\/en\/shop\/sonstige\/buchmuehlen-prospekt-drehpfluege-fuer-massey-ferguson-schlepper\/","title":{"rendered":"BUCHM\u00dcHLEN Prospekt Drehpfl\u00fcge f\u00fcr Massey-Ferguson Schlepper"},"content":{"rendered":"<h1><span style=\"font-size: 100%;\"><strong>original brochure<\/strong><\/span><\/h1>\n<h1>Wilh. BUCHM\u00dcHLEN Drehpfl\u00fcge<br \/>\nf\u00fcr Massey-Ferguson Schlepper<\/h1>\n<ul>\n<li>A4 format<\/li>\n<li>1 sheet, printed on both sides<\/li>\n<li>German<\/li>\n<li>punched<\/li>\n<li>used<\/li>\n<li>folded multiple times<\/li>\n<li>worn condition, slightly creased, small tears<\/li>\n<li>100% original<\/li>\n<\/ul>","protected":false},"excerpt":{"rendered":"<p>original Prospekt Wilh. BUCHM\u00dcHLEN Drehpfl\u00fcge f\u00fcr Massey-Ferguson Schlepper A4 Format 1 Blatt, beidseitig bedruckt Deutsch gelocht gebraucht mehrmals geknickt abgegriffener Zustand, etwas zerknittert, kleine Risse 100% original<\/p>","protected":false},"featured_media":13900,"template":"","meta":[],"product_brand":[],"product_cat":[123,111,75,45,132],"product_tag":[1971,193,369,186],"class_list":{"0":"post-13949","1":"product","2":"type-product","3":"status-publish","4":"has-post-thumbnail","6":"product_cat-sonstige","7":"product_cat-prospekte_massey_ferguson_harris","8":"product_cat-massey-ferguson-harris","9":"product_cat-prospekte","10":"product_cat-sonstige-prospekte","11":"product_tag-buchmuehlen","12":"product_tag-massey-ferguson","13":"product_tag-pfluege","14":"product_tag-prospekt","16":"first","17":"instock","18":"shipping-taxable","19":"purchasable","20":"product-type-simple"},"_links":{"self":[{"href":"https:\/\/www.agraritaeten-shop.com\/en\/wp-json\/wp\/v2\/product\/13949","targetHints":{"allow":["GET"]}}],"collection":[{"href":"https:\/\/www.agraritaeten-shop.com\/en\/wp-json\/wp\/v2\/product"}],"about":[{"href":"https:\/\/www.agraritaeten-shop.com\/en\/wp-json\/wp\/v2\/types\/product"}],"wp:featuredmedia":[{"embeddable":true,"href":"https:\/\/www.agraritaeten-shop.com\/en\/wp-json\/wp\/v2\/media\/13900"}],"wp:attachment":[{"href":"https:\/\/www.agraritaeten-shop.com\/en\/wp-json\/wp\/v2\/media?parent=13949"}],"wp:term":[{"taxonomy":"product_brand","embeddable":true,"href":"https:\/\/www.agraritaeten-shop.com\/en\/wp-json\/wp\/v2\/product_brand?post=13949"},{"taxonomy":"product_cat","embeddable":true,"href":"https:\/\/www.agraritaeten-shop.com\/en\/wp-json\/wp\/v2\/product_cat?post=13949"},{"taxonomy":"product_tag","embeddable":true,"href":"https:\/\/www.agraritaeten-shop.com\/en\/wp-json\/wp\/v2\/product_tag?post=13949"}],"curies":[{"name":"wp","href":"https:\/\/api.w.org\/{rel}","templated":true}]}}