{"id":13970,"date":"2025-01-23T13:06:11","date_gmt":"2025-01-23T12:06:11","guid":{"rendered":"https:\/\/www.agraritaeten-shop.com\/?post_type=product&#038;p=13970"},"modified":"2026-03-13T21:26:07","modified_gmt":"2026-03-13T20:26:07","slug":"buchmuehlen-prospekt-drehpfluege-fuer-fordson-major","status":"publish","type":"product","link":"https:\/\/www.agraritaeten-shop.com\/en\/shop\/sonstige\/buchmuehlen-prospekt-drehpfluege-fuer-fordson-major\/","title":{"rendered":"BUCHM\u00dcHLEN Prospekt Drehpfl\u00fcge f\u00fcr FORDSON MAJOR"},"content":{"rendered":"<h1><span style=\"font-size: 100%;\"><strong>original brochure<\/strong><\/span><\/h1>\n<h1>Wilh. BUCHM\u00dcHLEN Drehpfl\u00fcge<br \/>\nerprobt am FORDSON MAJOR<\/h1>\n<ul>\n<li>A4 format<\/li>\n<li>1 sheet, printed on both sides<\/li>\n<li>German<\/li>\n<li>punched<\/li>\n<li>used<\/li>\n<li>folded multiple times<\/li>\n<li>slightly worn and scribbled but in good condition<\/li>\n<li>100% original<\/li>\n<li>Print No.: <em>Fo. 4. 55.<\/em><\/li>\n<\/ul>","protected":false},"excerpt":{"rendered":"<p>original Prospekt Wilh. BUCHM\u00dcHLEN Drehpfl\u00fcge erprobt am FORDSON MAJOR A4 Format 1 Blatt, beidseitig bedruckt Deutsch gelocht gebraucht mehrmals geknickt etwas abgegriffener Zustand und bekritzelt, aber guter Erhaltungszustand 100% original DruckNr. Fo. 4. 55.<\/p>","protected":false},"featured_media":13895,"template":"","meta":[],"product_brand":[],"product_cat":[123,321,126,45,132],"product_tag":[1971,1214,1245,1669,369,186],"class_list":{"0":"post-13970","1":"product","2":"type-product","3":"status-publish","4":"has-post-thumbnail","6":"product_cat-sonstige","7":"product_cat-prospekte_ford","8":"product_cat-ford","9":"product_cat-prospekte","10":"product_cat-sonstige-prospekte","11":"product_tag-buchmuehlen","12":"product_tag-ford","13":"product_tag-fordson","14":"product_tag-major","15":"product_tag-pfluege","16":"product_tag-prospekt","18":"first","19":"instock","20":"shipping-taxable","21":"purchasable","22":"product-type-simple"},"_links":{"self":[{"href":"https:\/\/www.agraritaeten-shop.com\/en\/wp-json\/wp\/v2\/product\/13970","targetHints":{"allow":["GET"]}}],"collection":[{"href":"https:\/\/www.agraritaeten-shop.com\/en\/wp-json\/wp\/v2\/product"}],"about":[{"href":"https:\/\/www.agraritaeten-shop.com\/en\/wp-json\/wp\/v2\/types\/product"}],"wp:featuredmedia":[{"embeddable":true,"href":"https:\/\/www.agraritaeten-shop.com\/en\/wp-json\/wp\/v2\/media\/13895"}],"wp:attachment":[{"href":"https:\/\/www.agraritaeten-shop.com\/en\/wp-json\/wp\/v2\/media?parent=13970"}],"wp:term":[{"taxonomy":"product_brand","embeddable":true,"href":"https:\/\/www.agraritaeten-shop.com\/en\/wp-json\/wp\/v2\/product_brand?post=13970"},{"taxonomy":"product_cat","embeddable":true,"href":"https:\/\/www.agraritaeten-shop.com\/en\/wp-json\/wp\/v2\/product_cat?post=13970"},{"taxonomy":"product_tag","embeddable":true,"href":"https:\/\/www.agraritaeten-shop.com\/en\/wp-json\/wp\/v2\/product_tag?post=13970"}],"curies":[{"name":"wp","href":"https:\/\/api.w.org\/{rel}","templated":true}]}}