{"id":14083,"date":"2025-01-25T19:32:51","date_gmt":"2025-01-25T18:32:51","guid":{"rendered":"https:\/\/www.agraritaeten-shop.com\/?post_type=product&#038;p=14083"},"modified":"2026-03-13T21:13:33","modified_gmt":"2026-03-13T20:13:33","slug":"claas-prospekt-poster-maehdrescher-90","status":"publish","type":"product","link":"https:\/\/www.agraritaeten-shop.com\/en\/shop\/prospekte\/prospekte_claas\/claas-prospekt-poster-maehdrescher-90\/","title":{"rendered":"CLAAS Prospekt\/Poster M\u00e4hdrescher 90"},"content":{"rendered":"<h1><strong>original brochure<br \/>\n<\/strong><\/h1>\n<h2>CLAAS Poster M\u00e4hdrescher 90<\/h2>\n<ul>\n<li>A4 format<\/li>\n<li>fold-out to 8-times its original size (A1 format)<\/li>\n<li>German<\/li>\n<li>not punched<\/li>\n<li>used<\/li>\n<li>very good condition<\/li>\n<li>100% original<\/li>\n<li>Print No.: <em>9\/89 (GDS) dt. 550\/189.236.1<\/em><\/li>\n<\/ul>","protected":false},"excerpt":{"rendered":"<p>original Prospekt CLAAS Poster M\u00e4hdrescher 90 A4 Format ausklappbar zum Poster in 8facher Gr\u00f6\u00dfe (A1 Format) Deutsch nicht gelocht gebraucht sehr guter Zustand 100% original DruckNr. 9\/89 (GDS) dt. 550\/189.236.1<\/p>","protected":false},"featured_media":14000,"template":"","meta":[],"product_brand":[],"product_cat":[101,100,45],"product_tag":[378,189,186],"class_list":{"0":"post-14083","1":"product","2":"type-product","3":"status-publish","4":"has-post-thumbnail","6":"product_cat-prospekte_claas","7":"product_cat-claas","8":"product_cat-prospekte","9":"product_tag-claas","10":"product_tag-maehdrescher","11":"product_tag-prospekt","13":"first","14":"instock","15":"shipping-taxable","16":"purchasable","17":"product-type-simple"},"_links":{"self":[{"href":"https:\/\/www.agraritaeten-shop.com\/en\/wp-json\/wp\/v2\/product\/14083","targetHints":{"allow":["GET"]}}],"collection":[{"href":"https:\/\/www.agraritaeten-shop.com\/en\/wp-json\/wp\/v2\/product"}],"about":[{"href":"https:\/\/www.agraritaeten-shop.com\/en\/wp-json\/wp\/v2\/types\/product"}],"wp:featuredmedia":[{"embeddable":true,"href":"https:\/\/www.agraritaeten-shop.com\/en\/wp-json\/wp\/v2\/media\/14000"}],"wp:attachment":[{"href":"https:\/\/www.agraritaeten-shop.com\/en\/wp-json\/wp\/v2\/media?parent=14083"}],"wp:term":[{"taxonomy":"product_brand","embeddable":true,"href":"https:\/\/www.agraritaeten-shop.com\/en\/wp-json\/wp\/v2\/product_brand?post=14083"},{"taxonomy":"product_cat","embeddable":true,"href":"https:\/\/www.agraritaeten-shop.com\/en\/wp-json\/wp\/v2\/product_cat?post=14083"},{"taxonomy":"product_tag","embeddable":true,"href":"https:\/\/www.agraritaeten-shop.com\/en\/wp-json\/wp\/v2\/product_tag?post=14083"}],"curies":[{"name":"wp","href":"https:\/\/api.w.org\/{rel}","templated":true}]}}