{"id":14093,"date":"2025-01-26T20:44:01","date_gmt":"2025-01-26T19:44:01","guid":{"rendered":"https:\/\/www.agraritaeten-shop.com\/?post_type=product&#038;p=14093"},"modified":"2026-03-13T21:07:18","modified_gmt":"2026-03-13T20:07:18","slug":"deutz-prospekt-dieselschlepper-30ps","status":"publish","type":"product","link":"https:\/\/www.agraritaeten-shop.com\/en\/shop\/prospekte\/deutz-fahr-prospekte\/deutz-prospekt-dieselschlepper-30ps\/","title":{"rendered":"DEUTZ Prospekt Dieselschlepper 30PS"},"content":{"rendered":"<h1><strong>original brochure<br \/>\n<\/strong><\/h1>\n<h2>DEUTZ Dieselschlepper 30PS<\/h2>\n<ul>\n<li>A4 format<\/li>\n<li>originally fold-out to four times its size however torn at the edges therefore the pages are partially loose<\/li>\n<li>German<\/li>\n<li>not punched<\/li>\n<li>used<\/li>\n<li>major damage<\/li>\n<li>edges torn therefore pages partially loose and partially reinforced with tape<\/li>\n<li>multiple tears, corners damaged<\/li>\n<li>100% original<\/li>\n<li>Print No.: <em>250 9 52, D 103\/1<\/em><\/li>\n<\/ul>","protected":false},"excerpt":{"rendered":"<p>original Prospekt DEUTZ Dieselschlepper 30PS A4 Format urspr\u00fcnglich ausklappbar zur 4fachen Gr\u00f6\u00dfe, jedoch an den Kanten gerissen, somit sind die Seiten teilweise lose Deutsch nicht gelocht gebraucht gr\u00f6bere Besch\u00e4digungen Kanten durchgerissen, daher Bl\u00e4tter teilweise lose und teilweise mit Klebeband wieder befestigt mehrere Risse, und Ecken besch\u00e4digt 100% original DruckNr. 250 9 52, D 103\/1<\/p>","protected":false},"featured_media":14008,"template":"","meta":[],"product_brand":[],"product_cat":[150,38,45],"product_tag":[301,186,256,188],"class_list":{"0":"post-14093","1":"product","2":"type-product","3":"status-publish","4":"has-post-thumbnail","6":"product_cat-deutz-fahr-prospekte","7":"product_cat-deutz_fahr","8":"product_cat-prospekte","9":"product_tag-deutz","10":"product_tag-prospekt","11":"product_tag-schlepper","12":"product_tag-traktor","14":"first","15":"instock","16":"shipping-taxable","17":"purchasable","18":"product-type-simple"},"_links":{"self":[{"href":"https:\/\/www.agraritaeten-shop.com\/en\/wp-json\/wp\/v2\/product\/14093","targetHints":{"allow":["GET"]}}],"collection":[{"href":"https:\/\/www.agraritaeten-shop.com\/en\/wp-json\/wp\/v2\/product"}],"about":[{"href":"https:\/\/www.agraritaeten-shop.com\/en\/wp-json\/wp\/v2\/types\/product"}],"wp:featuredmedia":[{"embeddable":true,"href":"https:\/\/www.agraritaeten-shop.com\/en\/wp-json\/wp\/v2\/media\/14008"}],"wp:attachment":[{"href":"https:\/\/www.agraritaeten-shop.com\/en\/wp-json\/wp\/v2\/media?parent=14093"}],"wp:term":[{"taxonomy":"product_brand","embeddable":true,"href":"https:\/\/www.agraritaeten-shop.com\/en\/wp-json\/wp\/v2\/product_brand?post=14093"},{"taxonomy":"product_cat","embeddable":true,"href":"https:\/\/www.agraritaeten-shop.com\/en\/wp-json\/wp\/v2\/product_cat?post=14093"},{"taxonomy":"product_tag","embeddable":true,"href":"https:\/\/www.agraritaeten-shop.com\/en\/wp-json\/wp\/v2\/product_tag?post=14093"}],"curies":[{"name":"wp","href":"https:\/\/api.w.org\/{rel}","templated":true}]}}