{"id":14151,"date":"2025-01-29T18:53:10","date_gmt":"2025-01-29T17:53:10","guid":{"rendered":"https:\/\/www.agraritaeten-shop.com\/?post_type=product&#038;p=14151"},"modified":"2026-03-13T20:52:13","modified_gmt":"2026-03-13T19:52:13","slug":"deutz-prospekt-traktoren-programm-d15-d25-d30s-d40l-d55-f3l514-f4l514","status":"publish","type":"product","link":"https:\/\/www.agraritaeten-shop.com\/en\/shop\/prospekte\/deutz-fahr-prospekte\/deutz-prospekt-traktoren-programm-d15-d25-d30s-d40l-d55-f3l514-f4l514\/","title":{"rendered":"DEUTZ Prospekt Traktoren-Programm D15, D25, D30S, D40L, D55, F3L514, F4L514"},"content":{"rendered":"<h1><strong>original brochure<br \/>\n<\/strong><\/h1>\n<h2>DEUTZ Traktoren-Programm<br \/>\nD15, D25, D30S, D40L, D55, F3L514, F4L514<\/h2>\n<ul>\n<li>approx. 20cm x 20cm<\/li>\n<li>fold-out along the length to 4 times its original size<\/li>\n<li>German<\/li>\n<li>not punched<\/li>\n<li>used<\/li>\n<li>very good condition<\/li>\n<li>100% original<\/li>\n<li>Print No.: <em>W 1099-97\/4, 600\/1\/64<\/em><\/li>\n<\/ul>","protected":false},"excerpt":{"rendered":"<p>original Prospekt DEUTZ Traktoren-Programm D15, D25, D30S, D40L, D55, F3L514, F4L514 ca. 20cm x 20cm der L\u00e4nge nach ausklappbar zur 4fachen Gr\u00f6\u00dfe Deutsch nicht gelocht gebraucht sehr guter Zustand 100% original DruckNr. W 1099-97\/4, 600\/1\/64<\/p>","protected":false},"featured_media":14061,"template":"","meta":[],"product_brand":[],"product_cat":[150,38,45],"product_tag":[301,186,256,188],"class_list":{"0":"post-14151","1":"product","2":"type-product","3":"status-publish","4":"has-post-thumbnail","6":"product_cat-deutz-fahr-prospekte","7":"product_cat-deutz_fahr","8":"product_cat-prospekte","9":"product_tag-deutz","10":"product_tag-prospekt","11":"product_tag-schlepper","12":"product_tag-traktor","14":"first","15":"instock","16":"shipping-taxable","17":"purchasable","18":"product-type-simple"},"_links":{"self":[{"href":"https:\/\/www.agraritaeten-shop.com\/en\/wp-json\/wp\/v2\/product\/14151","targetHints":{"allow":["GET"]}}],"collection":[{"href":"https:\/\/www.agraritaeten-shop.com\/en\/wp-json\/wp\/v2\/product"}],"about":[{"href":"https:\/\/www.agraritaeten-shop.com\/en\/wp-json\/wp\/v2\/types\/product"}],"wp:featuredmedia":[{"embeddable":true,"href":"https:\/\/www.agraritaeten-shop.com\/en\/wp-json\/wp\/v2\/media\/14061"}],"wp:attachment":[{"href":"https:\/\/www.agraritaeten-shop.com\/en\/wp-json\/wp\/v2\/media?parent=14151"}],"wp:term":[{"taxonomy":"product_brand","embeddable":true,"href":"https:\/\/www.agraritaeten-shop.com\/en\/wp-json\/wp\/v2\/product_brand?post=14151"},{"taxonomy":"product_cat","embeddable":true,"href":"https:\/\/www.agraritaeten-shop.com\/en\/wp-json\/wp\/v2\/product_cat?post=14151"},{"taxonomy":"product_tag","embeddable":true,"href":"https:\/\/www.agraritaeten-shop.com\/en\/wp-json\/wp\/v2\/product_tag?post=14151"}],"curies":[{"name":"wp","href":"https:\/\/api.w.org\/{rel}","templated":true}]}}