{"id":14152,"date":"2025-01-29T19:11:41","date_gmt":"2025-01-29T18:11:41","guid":{"rendered":"https:\/\/www.agraritaeten-shop.com\/?post_type=product&#038;p=14152"},"modified":"2025-11-05T17:08:30","modified_gmt":"2025-11-05T16:08:30","slug":"deutz-fahr-prospekt-programm-85","status":"publish","type":"product","link":"https:\/\/www.agraritaeten-shop.com\/en\/shop\/prospekte\/deutz-fahr-prospekte\/deutz-fahr-prospekt-programm-85\/","title":{"rendered":"DEUTZ-FAHR Prospekt Programm &#8217;85"},"content":{"rendered":"<h1><strong>original brochure<br \/>\n<\/strong><\/h1>\n<h2>DEUTZ FAHR Programm &#8217;85<br \/>\nTraktoren DX3, DX4, DX6, DX7, DX8, 07, Intrac<br \/>\nWeinbautraktoren, M\u00e4hdrescher<br \/>\nPressen, Kreiselm\u00e4her, Wagen, Heumaschinen, H\u00e4cksler<\/h2>\n<ul>\n<li>A4 format<\/li>\n<li>12 pages<\/li>\n<li>German<\/li>\n<li>punched<\/li>\n<li>used<\/li>\n<li>heavy soiling<\/li>\n<li>100% original<\/li>\n<li>DruckNr. 91 953 01<\/li>\n<\/ul>","protected":false},"excerpt":{"rendered":"<p>original Prospekt DEUTZ FAHR Programm &#8217;85 Traktoren DX3, DX4, DX6, DX7, DX8, 07, Intrac Weinbautraktoren, M\u00e4hdrescher Pressen, Kreiselm\u00e4her, Wagen, Heumaschinen, H\u00e4cksler A4 Format 12 Seiten Deutsch gelocht gebraucht gr\u00f6bere Verschmutzungen 100% original DruckNr. 91 953 01<\/p>","protected":false},"featured_media":14016,"template":"","meta":[],"product_brand":[],"product_cat":[150,38,45],"product_tag":[301,606,298,2036,487,1539,189,248,303,186,256,249,2035,2037],"class_list":{"0":"post-14152","1":"product","2":"type-product","3":"status-publish","4":"has-post-thumbnail","6":"product_cat-deutz-fahr-prospekte","7":"product_cat-deutz_fahr","8":"product_cat-prospekte","9":"product_tag-deutz","10":"product_tag-fahr","11":"product_tag-haecksler","12":"product_tag-heumaschinen","13":"product_tag-intrac","14":"product_tag-kreiselmaeher","15":"product_tag-maehdrescher","16":"product_tag-pressen","17":"product_tag-programm","18":"product_tag-prospekt","19":"product_tag-schlepper","20":"product_tag-traktoren","21":"product_tag-wagen","22":"product_tag-weinbautraktoren","24":"first","25":"outofstock","26":"shipping-taxable","27":"purchasable","28":"product-type-simple"},"_links":{"self":[{"href":"https:\/\/www.agraritaeten-shop.com\/en\/wp-json\/wp\/v2\/product\/14152","targetHints":{"allow":["GET"]}}],"collection":[{"href":"https:\/\/www.agraritaeten-shop.com\/en\/wp-json\/wp\/v2\/product"}],"about":[{"href":"https:\/\/www.agraritaeten-shop.com\/en\/wp-json\/wp\/v2\/types\/product"}],"wp:featuredmedia":[{"embeddable":true,"href":"https:\/\/www.agraritaeten-shop.com\/en\/wp-json\/wp\/v2\/media\/14016"}],"wp:attachment":[{"href":"https:\/\/www.agraritaeten-shop.com\/en\/wp-json\/wp\/v2\/media?parent=14152"}],"wp:term":[{"taxonomy":"product_brand","embeddable":true,"href":"https:\/\/www.agraritaeten-shop.com\/en\/wp-json\/wp\/v2\/product_brand?post=14152"},{"taxonomy":"product_cat","embeddable":true,"href":"https:\/\/www.agraritaeten-shop.com\/en\/wp-json\/wp\/v2\/product_cat?post=14152"},{"taxonomy":"product_tag","embeddable":true,"href":"https:\/\/www.agraritaeten-shop.com\/en\/wp-json\/wp\/v2\/product_tag?post=14152"}],"curies":[{"name":"wp","href":"https:\/\/api.w.org\/{rel}","templated":true}]}}