{"id":14153,"date":"2025-01-29T19:18:23","date_gmt":"2025-01-29T18:18:23","guid":{"rendered":"https:\/\/www.agraritaeten-shop.com\/?post_type=product&#038;p=14153"},"modified":"2026-03-13T20:52:07","modified_gmt":"2026-03-13T19:52:07","slug":"deutz-fahr-prospekt-programm","status":"publish","type":"product","link":"https:\/\/www.agraritaeten-shop.com\/en\/shop\/prospekte\/deutz-fahr-prospekte\/deutz-fahr-prospekt-programm\/","title":{"rendered":"DEUTZ-FAHR Prospekt Programm"},"content":{"rendered":"<h1><strong>original brochure<br \/>\n<\/strong><\/h1>\n<h2>DEUTZ FAHR Programm<br \/>\nTraktoren, M\u00e4hdrescher<br \/>\nPressen, Kreiselm\u00e4her, Schwader, Ladewagen, H\u00e4cksler<\/h2>\n<ul>\n<li>A4 format<\/li>\n<li><em>8<\/em> pages<\/li>\n<li>German<\/li>\n<li>not punched<\/li>\n<li>used<\/li>\n<li>very good condition<\/li>\n<li>100% original<\/li>\n<li>Print No.: <em>91 951 01<\/em><\/li>\n<\/ul>","protected":false},"excerpt":{"rendered":"<p>original Prospekt DEUTZ FAHR Programm Traktoren, M\u00e4hdrescher Pressen, Kreiselm\u00e4her, Schwader, Ladewagen, H\u00e4cksler A4 Format 8 Seiten Deutsch nicht gelocht gebraucht sehr guter Zustand 100% original DruckNr. 91 951 01<\/p>","protected":false},"featured_media":14011,"template":"","meta":[],"product_brand":[],"product_cat":[150,38,45],"product_tag":[301,606,298,1539,307,189,248,303,186,595,249],"class_list":{"0":"post-14153","1":"product","2":"type-product","3":"status-publish","4":"has-post-thumbnail","6":"product_cat-deutz-fahr-prospekte","7":"product_cat-deutz_fahr","8":"product_cat-prospekte","9":"product_tag-deutz","10":"product_tag-fahr","11":"product_tag-haecksler","12":"product_tag-kreiselmaeher","13":"product_tag-ladewagen","14":"product_tag-maehdrescher","15":"product_tag-pressen","16":"product_tag-programm","17":"product_tag-prospekt","18":"product_tag-schwader","19":"product_tag-traktoren","21":"first","22":"instock","23":"shipping-taxable","24":"purchasable","25":"product-type-simple"},"_links":{"self":[{"href":"https:\/\/www.agraritaeten-shop.com\/en\/wp-json\/wp\/v2\/product\/14153","targetHints":{"allow":["GET"]}}],"collection":[{"href":"https:\/\/www.agraritaeten-shop.com\/en\/wp-json\/wp\/v2\/product"}],"about":[{"href":"https:\/\/www.agraritaeten-shop.com\/en\/wp-json\/wp\/v2\/types\/product"}],"wp:featuredmedia":[{"embeddable":true,"href":"https:\/\/www.agraritaeten-shop.com\/en\/wp-json\/wp\/v2\/media\/14011"}],"wp:attachment":[{"href":"https:\/\/www.agraritaeten-shop.com\/en\/wp-json\/wp\/v2\/media?parent=14153"}],"wp:term":[{"taxonomy":"product_brand","embeddable":true,"href":"https:\/\/www.agraritaeten-shop.com\/en\/wp-json\/wp\/v2\/product_brand?post=14153"},{"taxonomy":"product_cat","embeddable":true,"href":"https:\/\/www.agraritaeten-shop.com\/en\/wp-json\/wp\/v2\/product_cat?post=14153"},{"taxonomy":"product_tag","embeddable":true,"href":"https:\/\/www.agraritaeten-shop.com\/en\/wp-json\/wp\/v2\/product_tag?post=14153"}],"curies":[{"name":"wp","href":"https:\/\/api.w.org\/{rel}","templated":true}]}}