{"id":14406,"date":"2024-11-24T14:11:33","date_gmt":"2024-11-24T13:11:33","guid":{"rendered":"https:\/\/www.agraritaeten-shop.com\/?post_type=product&#038;p=14406"},"modified":"2026-03-14T09:05:16","modified_gmt":"2026-03-14T08:05:16","slug":"ihc-mccormick-prospekt-traktorengeraete-die-goldene-serie","status":"publish","type":"product","link":"https:\/\/www.agraritaeten-shop.com\/en\/shop\/prospekte\/prospekte_ihc-international\/ihc-mccormick-prospekt-traktorengeraete-die-goldene-serie\/","title":{"rendered":"IHC McCormick Prospekt Traktoren+Ger\u00e4te &#8220; die goldene Serie&#8220;"},"content":{"rendered":"<h1><strong>original brochure<br \/>\n<\/strong><\/h1>\n<h2>IHC McCormick Traktoren &#8220; die goldene Serie&#8220;<br \/>\n<span style=\"font-size: 75%;\">D-212, D-214S, D-217, D-217S, D-320, D-324, D-430, D-440<br \/>\nAgriomatic, M\u00e4hdrescher D-61<br \/>\nHeurechen und Wender, M\u00e4her, Ballenpressen, Binder, Kartoffellegemaschine, D\u00fcngerstreuer<\/span><\/h2>\n<ul>\n<li>A4 format<\/li>\n<li>4 pages<\/li>\n<li>German<\/li>\n<li>punched<\/li>\n<li>used<\/li>\n<li>very good condition<\/li>\n<li>100% original<\/li>\n<li>Print No.: <em>GER 550-H<\/em><\/li>\n<\/ul>","protected":false},"excerpt":{"rendered":"<p>original Prospekt IHC McCormick Traktoren &#8220; die goldene Serie&#8220; D-212, D-214S, D-217, D-217S, D-320, D-324, D-430, D-440 Agriomatic, M\u00e4hdrescher D-61 Heurechen und Wender, M\u00e4her, Ballenpressen, Binder, Kartoffellegemaschine, D\u00fcngerstreuer A4 Format 4 Seiten Deutsch gelocht gebraucht sehr guter Zustand 100% original DruckNr. GER 550-H<\/p>","protected":false},"featured_media":14377,"template":"","meta":[],"product_brand":[],"product_cat":[122,42,82,138,45],"product_tag":[973,414,512,210,2072,185,187,2073,262,184,186,188],"class_list":{"0":"post-14406","1":"product","2":"type-product","3":"status-publish","4":"has-post-thumbnail","6":"product_cat-prospekte_ihc-international","7":"product_cat-ihc_international","8":"product_cat-mccormick","9":"product_cat-mccormick-prospekte","10":"product_cat-prospekte","11":"product_tag-agriomatic","12":"product_tag-ballenpressen","13":"product_tag-binder","14":"product_tag-duengerstreuer","15":"product_tag-heurechen-und-wender","16":"product_tag-ihc","17":"product_tag-international","18":"product_tag-kartoffellegemaschine","19":"product_tag-maeher","20":"product_tag-mccormick","21":"product_tag-prospekt","22":"product_tag-traktor","24":"first","25":"instock","26":"shipping-taxable","27":"purchasable","28":"product-type-simple"},"_links":{"self":[{"href":"https:\/\/www.agraritaeten-shop.com\/en\/wp-json\/wp\/v2\/product\/14406","targetHints":{"allow":["GET"]}}],"collection":[{"href":"https:\/\/www.agraritaeten-shop.com\/en\/wp-json\/wp\/v2\/product"}],"about":[{"href":"https:\/\/www.agraritaeten-shop.com\/en\/wp-json\/wp\/v2\/types\/product"}],"wp:featuredmedia":[{"embeddable":true,"href":"https:\/\/www.agraritaeten-shop.com\/en\/wp-json\/wp\/v2\/media\/14377"}],"wp:attachment":[{"href":"https:\/\/www.agraritaeten-shop.com\/en\/wp-json\/wp\/v2\/media?parent=14406"}],"wp:term":[{"taxonomy":"product_brand","embeddable":true,"href":"https:\/\/www.agraritaeten-shop.com\/en\/wp-json\/wp\/v2\/product_brand?post=14406"},{"taxonomy":"product_cat","embeddable":true,"href":"https:\/\/www.agraritaeten-shop.com\/en\/wp-json\/wp\/v2\/product_cat?post=14406"},{"taxonomy":"product_tag","embeddable":true,"href":"https:\/\/www.agraritaeten-shop.com\/en\/wp-json\/wp\/v2\/product_tag?post=14406"}],"curies":[{"name":"wp","href":"https:\/\/api.w.org\/{rel}","templated":true}]}}