{"id":14415,"date":"2025-02-13T18:43:23","date_gmt":"2025-02-13T17:43:23","guid":{"rendered":"https:\/\/www.agraritaeten-shop.com\/?post_type=product&#038;p=14415"},"modified":"2026-01-10T10:49:35","modified_gmt":"2026-01-10T09:49:35","slug":"landruf-prospekt-pumpen-daempfer-jauchefaesser","status":"publish","type":"product","link":"https:\/\/www.agraritaeten-shop.com\/en\/shop\/prospekte\/sonstige-prospekte\/landruf-prospekt-pumpen-daempfer-jauchefaesser\/","title":{"rendered":"LANDRUF Prospekt Pumpen, D\u00e4mpfer, Jauchef\u00e4sser"},"content":{"rendered":"<h1><strong>original brochure<br \/>\n<\/strong><\/h1>\n<h2>LANDRUF<br \/>\nMuser, Pumpen, D\u00e4mpfer, Jauchef\u00e4sser, R\u00e4ucherschrank<\/h2>\n<ul>\n<li>A4 format<\/li>\n<li>1 sheet, printed on both sides<\/li>\n<li>German<\/li>\n<li>punched<\/li>\n<li>used<\/li>\n<li>very good condition<\/li>\n<li>100% original<\/li>\n<\/ul>","protected":false},"excerpt":{"rendered":"<p>original Prospekt LANDRUF Muser, Pumpen, D\u00e4mpfer, Jauchef\u00e4sser, R\u00e4ucherschrank A4 Format 1 Blatt, beidseitig bedruckt Deutsch gelocht gebraucht sehr guter Zustand 100% original<\/p>","protected":false},"featured_media":14342,"template":"","meta":[],"product_brand":[],"product_cat":[45,123,132],"product_tag":[1785,2077,1778,1706,186,856,2078],"class_list":{"0":"post-14415","1":"product","2":"type-product","3":"status-publish","4":"has-post-thumbnail","6":"product_cat-prospekte","7":"product_cat-sonstige","8":"product_cat-sonstige-prospekte","9":"product_tag-daempfer","10":"product_tag-jauchefaesser","11":"product_tag-landruf","12":"product_tag-muser","13":"product_tag-prospekt","14":"product_tag-pumpen","15":"product_tag-raeucherschrank","17":"first","18":"instock","19":"shipping-taxable","20":"purchasable","21":"product-type-simple"},"_links":{"self":[{"href":"https:\/\/www.agraritaeten-shop.com\/en\/wp-json\/wp\/v2\/product\/14415","targetHints":{"allow":["GET"]}}],"collection":[{"href":"https:\/\/www.agraritaeten-shop.com\/en\/wp-json\/wp\/v2\/product"}],"about":[{"href":"https:\/\/www.agraritaeten-shop.com\/en\/wp-json\/wp\/v2\/types\/product"}],"wp:featuredmedia":[{"embeddable":true,"href":"https:\/\/www.agraritaeten-shop.com\/en\/wp-json\/wp\/v2\/media\/14342"}],"wp:attachment":[{"href":"https:\/\/www.agraritaeten-shop.com\/en\/wp-json\/wp\/v2\/media?parent=14415"}],"wp:term":[{"taxonomy":"product_brand","embeddable":true,"href":"https:\/\/www.agraritaeten-shop.com\/en\/wp-json\/wp\/v2\/product_brand?post=14415"},{"taxonomy":"product_cat","embeddable":true,"href":"https:\/\/www.agraritaeten-shop.com\/en\/wp-json\/wp\/v2\/product_cat?post=14415"},{"taxonomy":"product_tag","embeddable":true,"href":"https:\/\/www.agraritaeten-shop.com\/en\/wp-json\/wp\/v2\/product_tag?post=14415"}],"curies":[{"name":"wp","href":"https:\/\/api.w.org\/{rel}","templated":true}]}}