{"id":14423,"date":"2025-02-15T19:28:20","date_gmt":"2025-02-15T18:28:20","guid":{"rendered":"https:\/\/www.agraritaeten-shop.com\/?post_type=product&#038;p=14423"},"modified":"2026-03-12T19:28:04","modified_gmt":"2026-03-12T18:28:04","slug":"ug-ugerlose-prospekt-hackmaschinen","status":"publish","type":"product","link":"https:\/\/www.agraritaeten-shop.com\/en\/shop\/prospekte\/sonstige-prospekte\/ug-ugerlose-prospekt-hackmaschinen\/","title":{"rendered":"UG UGERLOSE Prospekt Hackmaschinen"},"content":{"rendered":"<h1><strong>original brochure<br \/>\n<\/strong><\/h1>\n<h2>UG UGERLOSE Maschinenfabrik, D\u00e4nemark<br \/>\nHackmaschinen f\u00fcr Reihen-Kulturen<\/h2>\n<ul>\n<li>A4 format<\/li>\n<li>1 sheet, double-sided printed (on thin paper)<\/li>\n<li>German<\/li>\n<li>not punched<\/li>\n<li>used<\/li>\n<li>very good condition<\/li>\n<li>100% original<\/li>\n<li>Print No.: <em>15000-4-66<\/em><\/li>\n<\/ul>","protected":false},"excerpt":{"rendered":"<p>original Prospekt UG UGERLOSE Maschinenfabrik, D\u00e4nemark Hackmaschinen f\u00fcr Reihen-Kulturen A4 Format 1 Blatt, beidseitig bedruckt (auf d\u00fcnnem Papier) Deutsch nicht gelocht gebraucht sehr guter Zustand 100% original DruckNr. 15000-4-66<\/p>","protected":false},"featured_media":14360,"template":"","meta":[],"product_brand":[],"product_cat":[45,132,123],"product_tag":[2083,186,2080,2081],"class_list":{"0":"post-14423","1":"product","2":"type-product","3":"status-publish","4":"has-post-thumbnail","6":"product_cat-prospekte","7":"product_cat-sonstige-prospekte","8":"product_cat-sonstige","9":"product_tag-hackmaschinen","10":"product_tag-prospekt","11":"product_tag-ug","12":"product_tag-ugerlose","14":"first","15":"instock","16":"shipping-taxable","17":"purchasable","18":"product-type-simple"},"_links":{"self":[{"href":"https:\/\/www.agraritaeten-shop.com\/en\/wp-json\/wp\/v2\/product\/14423","targetHints":{"allow":["GET"]}}],"collection":[{"href":"https:\/\/www.agraritaeten-shop.com\/en\/wp-json\/wp\/v2\/product"}],"about":[{"href":"https:\/\/www.agraritaeten-shop.com\/en\/wp-json\/wp\/v2\/types\/product"}],"wp:featuredmedia":[{"embeddable":true,"href":"https:\/\/www.agraritaeten-shop.com\/en\/wp-json\/wp\/v2\/media\/14360"}],"wp:attachment":[{"href":"https:\/\/www.agraritaeten-shop.com\/en\/wp-json\/wp\/v2\/media?parent=14423"}],"wp:term":[{"taxonomy":"product_brand","embeddable":true,"href":"https:\/\/www.agraritaeten-shop.com\/en\/wp-json\/wp\/v2\/product_brand?post=14423"},{"taxonomy":"product_cat","embeddable":true,"href":"https:\/\/www.agraritaeten-shop.com\/en\/wp-json\/wp\/v2\/product_cat?post=14423"},{"taxonomy":"product_tag","embeddable":true,"href":"https:\/\/www.agraritaeten-shop.com\/en\/wp-json\/wp\/v2\/product_tag?post=14423"}],"curies":[{"name":"wp","href":"https:\/\/api.w.org\/{rel}","templated":true}]}}