{"id":14716,"date":"2025-02-28T15:43:51","date_gmt":"2025-02-28T14:43:51","guid":{"rendered":"https:\/\/www.agraritaeten-shop.com\/?post_type=product&#038;p=14716"},"modified":"2025-03-13T13:37:26","modified_gmt":"2025-03-13T12:37:26","slug":"ug-ugerlose-prospekt-gruenfutterhaecksler","status":"publish","type":"product","link":"https:\/\/www.agraritaeten-shop.com\/en\/shop\/prospekte\/sonstige-prospekte\/ug-ugerlose-prospekt-gruenfutterhaecksler\/","title":{"rendered":"UG UGERLOSE Prospekt Gr\u00fcnfutterh\u00e4cksler"},"content":{"rendered":"<h1><strong>original brochure<br \/>\n<\/strong><\/h1>\n<h2>UG UGERLOSE Maschinenfabrik, D\u00e4nemark<br \/>\nGr\u00fcnfutterh\u00e4cksler<\/h2>\n<ul>\n<li>A4 format<\/li>\n<li>4 pages<\/li>\n<li>German<\/li>\n<li>not punched<\/li>\n<li>folded in the middle<\/li>\n<li>used<\/li>\n<li>good condition<\/li>\n<li>100% original<\/li>\n<\/ul>","protected":false},"excerpt":{"rendered":"<p>original Prospekt UG UGERLOSE Maschinenfabrik, D\u00e4nemark Gr\u00fcnfutterh\u00e4cksler A4 Format 4 Seiten Deutsch nicht gelocht in der Mitte geknickt gebraucht guter Zustand 100% original<\/p>","protected":false},"featured_media":14627,"template":"","meta":[],"product_brand":[],"product_cat":[45,123,132],"product_tag":[2140,298,186,2080,2081],"class_list":{"0":"post-14716","1":"product","2":"type-product","3":"status-publish","4":"has-post-thumbnail","6":"product_cat-prospekte","7":"product_cat-sonstige","8":"product_cat-sonstige-prospekte","9":"product_tag-gruenfutterhaecksler","10":"product_tag-haecksler","11":"product_tag-prospekt","12":"product_tag-ug","13":"product_tag-ugerlose","15":"first","16":"instock","17":"shipping-taxable","18":"purchasable","19":"product-type-simple"},"_links":{"self":[{"href":"https:\/\/www.agraritaeten-shop.com\/en\/wp-json\/wp\/v2\/product\/14716","targetHints":{"allow":["GET"]}}],"collection":[{"href":"https:\/\/www.agraritaeten-shop.com\/en\/wp-json\/wp\/v2\/product"}],"about":[{"href":"https:\/\/www.agraritaeten-shop.com\/en\/wp-json\/wp\/v2\/types\/product"}],"wp:featuredmedia":[{"embeddable":true,"href":"https:\/\/www.agraritaeten-shop.com\/en\/wp-json\/wp\/v2\/media\/14627"}],"wp:attachment":[{"href":"https:\/\/www.agraritaeten-shop.com\/en\/wp-json\/wp\/v2\/media?parent=14716"}],"wp:term":[{"taxonomy":"product_brand","embeddable":true,"href":"https:\/\/www.agraritaeten-shop.com\/en\/wp-json\/wp\/v2\/product_brand?post=14716"},{"taxonomy":"product_cat","embeddable":true,"href":"https:\/\/www.agraritaeten-shop.com\/en\/wp-json\/wp\/v2\/product_cat?post=14716"},{"taxonomy":"product_tag","embeddable":true,"href":"https:\/\/www.agraritaeten-shop.com\/en\/wp-json\/wp\/v2\/product_tag?post=14716"}],"curies":[{"name":"wp","href":"https:\/\/api.w.org\/{rel}","templated":true}]}}