{"id":14721,"date":"2025-02-14T18:07:41","date_gmt":"2025-02-14T17:07:41","guid":{"rendered":"https:\/\/www.agraritaeten-shop.com\/?post_type=product&#038;p=14721"},"modified":"2026-03-12T19:29:04","modified_gmt":"2026-03-12T18:29:04","slug":"ihc-mccormick-prospekt-traktoren-star-programm","status":"publish","type":"product","link":"https:\/\/www.agraritaeten-shop.com\/en\/shop\/prospekte\/prospekte_ihc-international\/ihc-mccormick-prospekt-traktoren-star-programm\/","title":{"rendered":"IHC McCormick Prospekt Traktoren &#8222;STAR Programm&#8220;"},"content":{"rendered":"<h1><strong>original brochure<br \/>\n<\/strong><\/h1>\n<h2>IHC McCormick Traktoren &#8222;STAR Programm&#8220;<br \/>\n<span style=\"font-size: 17.28px;\">Schlepper 323 353 423 523 624<\/span><\/h2>\n<ul>\n<li>A4 format<\/li>\n<li>fold-out to poster in 4 times its original size, A2 format<\/li>\n<li>German<\/li>\n<li>not punched<\/li>\n<li>used<\/li>\n<li>heavy signs of use at the edges and spine, partially tears and holes<\/li>\n<li>100% original<\/li>\n<li>Print No.: <em>GER-60-U<\/em><\/li>\n<\/ul>","protected":false},"excerpt":{"rendered":"<p>original Prospekt IHC McCormick Traktoren &#8222;STAR Programm&#8220; Schlepper 323 353 423 523 624 A4 Format ausklappbar zum Poster in 4facher Gr\u00f6\u00dfe ins A2 Format Deutsch nicht gelocht gebraucht gr\u00f6bere Gebrauchsspuren an Kanten und Bug, teilweise Risse und L\u00f6cher 100% original DruckNr. GER-60-U<\/p>","protected":false},"featured_media":14684,"template":"","meta":[],"product_brand":[],"product_cat":[122,42,138,82,45],"product_tag":[185,187,184,2074,256],"class_list":{"0":"post-14721","1":"product","2":"type-product","3":"status-publish","4":"has-post-thumbnail","6":"product_cat-prospekte_ihc-international","7":"product_cat-ihc_international","8":"product_cat-mccormick-prospekte","9":"product_cat-mccormick","10":"product_cat-prospekte","11":"product_tag-ihc","12":"product_tag-international","13":"product_tag-mccormick","14":"product_tag-prospekt-traktoren","15":"product_tag-schlepper","17":"first","18":"instock","19":"shipping-taxable","20":"purchasable","21":"product-type-simple"},"_links":{"self":[{"href":"https:\/\/www.agraritaeten-shop.com\/en\/wp-json\/wp\/v2\/product\/14721","targetHints":{"allow":["GET"]}}],"collection":[{"href":"https:\/\/www.agraritaeten-shop.com\/en\/wp-json\/wp\/v2\/product"}],"about":[{"href":"https:\/\/www.agraritaeten-shop.com\/en\/wp-json\/wp\/v2\/types\/product"}],"wp:featuredmedia":[{"embeddable":true,"href":"https:\/\/www.agraritaeten-shop.com\/en\/wp-json\/wp\/v2\/media\/14684"}],"wp:attachment":[{"href":"https:\/\/www.agraritaeten-shop.com\/en\/wp-json\/wp\/v2\/media?parent=14721"}],"wp:term":[{"taxonomy":"product_brand","embeddable":true,"href":"https:\/\/www.agraritaeten-shop.com\/en\/wp-json\/wp\/v2\/product_brand?post=14721"},{"taxonomy":"product_cat","embeddable":true,"href":"https:\/\/www.agraritaeten-shop.com\/en\/wp-json\/wp\/v2\/product_cat?post=14721"},{"taxonomy":"product_tag","embeddable":true,"href":"https:\/\/www.agraritaeten-shop.com\/en\/wp-json\/wp\/v2\/product_tag?post=14721"}],"curies":[{"name":"wp","href":"https:\/\/api.w.org\/{rel}","templated":true}]}}