{"id":14723,"date":"2025-02-15T18:32:34","date_gmt":"2025-02-15T17:32:34","guid":{"rendered":"https:\/\/www.agraritaeten-shop.com\/?post_type=product&#038;p=14723"},"modified":"2025-01-23T20:21:17","modified_gmt":"2025-01-23T19:21:17","slug":"f-hauer-prospekt-schneeraeum-u-planiergeraet","status":"publish","type":"product","link":"https:\/\/www.agraritaeten-shop.com\/en\/shop\/prospekte\/sonstige-prospekte\/f-hauer-prospekt-schneeraeum-u-planiergeraet\/","title":{"rendered":"F. HAUER Prospekt Schneer\u00e4um- u. Planierger\u00e4t"},"content":{"rendered":"<h1><strong><span style=\"font-size: 100%;\">original <\/span>brochure<br \/>\n<\/strong><\/h1>\n<h2>Franz HAUER Frontladerbau, \u00d6sterreich<br \/>\nSchneer\u00e4um- u. Planierger\u00e4t<\/h2>\n<ul>\n<li>A4 format<\/li>\n<li>1 sheet, printed on both sides<\/li>\n<li>German<\/li>\n<li>not punched<\/li>\n<li>used<\/li>\n<li>very good condition<\/li>\n<li>100% original<\/li>\n<\/ul>","protected":false},"excerpt":{"rendered":"<p>original Prospekt Franz HAUER Frontladerbau, \u00d6sterreich Schneer\u00e4um- u. Planierger\u00e4t A4 Format 1 Blatt, beidseitig bedruckt Deutsch nicht gelocht gebraucht sehr guter Zustand 100% original<\/p>","protected":false},"featured_media":14683,"template":"","meta":[],"product_brand":[],"product_cat":[45,123,132],"product_tag":[1815,2144,186,2143],"class_list":{"0":"post-14723","1":"product","2":"type-product","3":"status-publish","4":"has-post-thumbnail","6":"product_cat-prospekte","7":"product_cat-sonstige","8":"product_cat-sonstige-prospekte","9":"product_tag-hauer","10":"product_tag-planiergeraet","11":"product_tag-prospekt","12":"product_tag-schneeraeumung","14":"first","15":"instock","16":"shipping-taxable","17":"purchasable","18":"product-type-simple"},"_links":{"self":[{"href":"https:\/\/www.agraritaeten-shop.com\/en\/wp-json\/wp\/v2\/product\/14723","targetHints":{"allow":["GET"]}}],"collection":[{"href":"https:\/\/www.agraritaeten-shop.com\/en\/wp-json\/wp\/v2\/product"}],"about":[{"href":"https:\/\/www.agraritaeten-shop.com\/en\/wp-json\/wp\/v2\/types\/product"}],"wp:featuredmedia":[{"embeddable":true,"href":"https:\/\/www.agraritaeten-shop.com\/en\/wp-json\/wp\/v2\/media\/14683"}],"wp:attachment":[{"href":"https:\/\/www.agraritaeten-shop.com\/en\/wp-json\/wp\/v2\/media?parent=14723"}],"wp:term":[{"taxonomy":"product_brand","embeddable":true,"href":"https:\/\/www.agraritaeten-shop.com\/en\/wp-json\/wp\/v2\/product_brand?post=14723"},{"taxonomy":"product_cat","embeddable":true,"href":"https:\/\/www.agraritaeten-shop.com\/en\/wp-json\/wp\/v2\/product_cat?post=14723"},{"taxonomy":"product_tag","embeddable":true,"href":"https:\/\/www.agraritaeten-shop.com\/en\/wp-json\/wp\/v2\/product_tag?post=14723"}],"curies":[{"name":"wp","href":"https:\/\/api.w.org\/{rel}","templated":true}]}}