{"id":14733,"date":"2025-02-19T19:39:08","date_gmt":"2025-02-19T18:39:08","guid":{"rendered":"https:\/\/www.agraritaeten-shop.com\/?post_type=product&#038;p=14733"},"modified":"2026-03-12T19:06:05","modified_gmt":"2026-03-12T18:06:05","slug":"flemstofte-prospekt-programm","status":"publish","type":"product","link":"https:\/\/www.agraritaeten-shop.com\/en\/shop\/prospekte\/sonstige-prospekte\/flemstofte-prospekt-programm\/","title":{"rendered":"FLEMSTOFTE Prospekt Programm"},"content":{"rendered":"<h1><strong>original brochure<br \/>\n<\/strong><\/h1>\n<h2>FLEMSTOFTE Maschinenfabrik, D\u00e4nemark<br \/>\nproduct range<br \/>\n<span style=\"font-size: 75%;\">M\u00e4hfeldh\u00e4cksler, Kultureggen, Allzweckeggen, Grubber, M\u00e4hwerk<\/span><\/h2>\n<ul>\n<li><em>approx.<\/em> A5 format<\/li>\n<li>8 pages, folds out lengthwise<\/li>\n<li>German<\/li>\n<li>punched (holes damaged)<\/li>\n<li>used<\/li>\n<li>good condition<\/li>\n<li>100% original<\/li>\n<li>Date Stamp: <em>05\/1960<\/em><\/li>\n<\/ul>","protected":false},"excerpt":{"rendered":"<p>K\u00f6rner-Kanone<\/p>","protected":false},"featured_media":14648,"template":"","meta":[],"product_brand":[],"product_cat":[45,123,132],"product_tag":[2149,2132,745,2148,2137,492,303,186],"class_list":{"0":"post-14733","1":"product","2":"type-product","3":"status-publish","4":"has-post-thumbnail","6":"product_cat-prospekte","7":"product_cat-sonstige","8":"product_cat-sonstige-prospekte","9":"product_tag-allzweckeggen","10":"product_tag-flemstofte","11":"product_tag-grubber","12":"product_tag-kultureggen","13":"product_tag-maehfeldhaecksler","14":"product_tag-maehwerk","15":"product_tag-programm","16":"product_tag-prospekt","18":"first","19":"instock","20":"shipping-taxable","21":"purchasable","22":"product-type-simple"},"_links":{"self":[{"href":"https:\/\/www.agraritaeten-shop.com\/en\/wp-json\/wp\/v2\/product\/14733","targetHints":{"allow":["GET"]}}],"collection":[{"href":"https:\/\/www.agraritaeten-shop.com\/en\/wp-json\/wp\/v2\/product"}],"about":[{"href":"https:\/\/www.agraritaeten-shop.com\/en\/wp-json\/wp\/v2\/types\/product"}],"wp:featuredmedia":[{"embeddable":true,"href":"https:\/\/www.agraritaeten-shop.com\/en\/wp-json\/wp\/v2\/media\/14648"}],"wp:attachment":[{"href":"https:\/\/www.agraritaeten-shop.com\/en\/wp-json\/wp\/v2\/media?parent=14733"}],"wp:term":[{"taxonomy":"product_brand","embeddable":true,"href":"https:\/\/www.agraritaeten-shop.com\/en\/wp-json\/wp\/v2\/product_brand?post=14733"},{"taxonomy":"product_cat","embeddable":true,"href":"https:\/\/www.agraritaeten-shop.com\/en\/wp-json\/wp\/v2\/product_cat?post=14733"},{"taxonomy":"product_tag","embeddable":true,"href":"https:\/\/www.agraritaeten-shop.com\/en\/wp-json\/wp\/v2\/product_tag?post=14733"}],"curies":[{"name":"wp","href":"https:\/\/api.w.org\/{rel}","templated":true}]}}