{"id":14807,"date":"2025-03-08T01:29:44","date_gmt":"2025-03-08T00:29:44","guid":{"rendered":"https:\/\/www.agraritaeten-shop.com\/?post_type=product&#038;p=14807"},"modified":"2026-03-02T17:32:35","modified_gmt":"2026-03-02T16:32:35","slug":"stockey-schmitz-prospekt-scheibenmaeher","status":"publish","type":"product","link":"https:\/\/www.agraritaeten-shop.com\/en\/shop\/prospekte\/sonstige-prospekte\/stockey-schmitz-prospekt-scheibenmaeher\/","title":{"rendered":"STOCKEY &#038; SCHMITZ Prospekt Scheibenm\u00e4her"},"content":{"rendered":"<h1><strong>original brochure<br \/>\n<\/strong><\/h1>\n<h2>STOCKEY &amp; SCHMITZ Scheibenm\u00e4her<br \/>\nf\u00fcr Dreipunkt-Aufh\u00e4ngung<\/h2>\n<ul>\n<li>A4 landscape format<\/li>\n<li>1 sheet, printed on both sides<\/li>\n<li>German<\/li>\n<li>punched<\/li>\n<li>used<\/li>\n<li>slightly worn, mainly at the top edge<\/li>\n<li>100% original<\/li>\n<li>Print No.: <em>170-60<\/em><\/li>\n<\/ul>","protected":false},"excerpt":{"rendered":"<p>original Prospekt STOCKEY &amp; SCHMITZ Scheibenm\u00e4her f\u00fcr Dreipunkt-Aufh\u00e4ngung A4 Querformat 1 Blatt, beidseitig bedruckt Deutsch gelocht gebraucht etwas abgegriffen, vor allem an der oberen Kante 100% original DruckNr. 170-60<\/p>","protected":false},"featured_media":14753,"template":"","meta":[],"product_brand":[],"product_cat":[45,123,132],"product_tag":[777,186,796,2049,188],"class_list":{"0":"post-14807","1":"product","2":"type-product","3":"status-publish","4":"has-post-thumbnail","6":"product_cat-prospekte","7":"product_cat-sonstige","8":"product_cat-sonstige-prospekte","9":"product_tag-maehwerke","10":"product_tag-prospekt","11":"product_tag-scheibenmaeher","12":"product_tag-stockey-schmitz","13":"product_tag-traktor","15":"first","16":"instock","17":"shipping-taxable","18":"purchasable","19":"product-type-simple"},"_links":{"self":[{"href":"https:\/\/www.agraritaeten-shop.com\/en\/wp-json\/wp\/v2\/product\/14807","targetHints":{"allow":["GET"]}}],"collection":[{"href":"https:\/\/www.agraritaeten-shop.com\/en\/wp-json\/wp\/v2\/product"}],"about":[{"href":"https:\/\/www.agraritaeten-shop.com\/en\/wp-json\/wp\/v2\/types\/product"}],"wp:featuredmedia":[{"embeddable":true,"href":"https:\/\/www.agraritaeten-shop.com\/en\/wp-json\/wp\/v2\/media\/14753"}],"wp:attachment":[{"href":"https:\/\/www.agraritaeten-shop.com\/en\/wp-json\/wp\/v2\/media?parent=14807"}],"wp:term":[{"taxonomy":"product_brand","embeddable":true,"href":"https:\/\/www.agraritaeten-shop.com\/en\/wp-json\/wp\/v2\/product_brand?post=14807"},{"taxonomy":"product_cat","embeddable":true,"href":"https:\/\/www.agraritaeten-shop.com\/en\/wp-json\/wp\/v2\/product_cat?post=14807"},{"taxonomy":"product_tag","embeddable":true,"href":"https:\/\/www.agraritaeten-shop.com\/en\/wp-json\/wp\/v2\/product_tag?post=14807"}],"curies":[{"name":"wp","href":"https:\/\/api.w.org\/{rel}","templated":true}]}}