{"id":14943,"date":"2024-12-09T13:37:49","date_gmt":"2024-12-09T12:37:49","guid":{"rendered":"https:\/\/www.agraritaeten-shop.com\/?post_type=product&#038;p=14943"},"modified":"2025-03-13T13:07:38","modified_gmt":"2025-03-13T12:07:38","slug":"steyr-prospekt-produktuebersicht-traktoren-96","status":"publish","type":"product","link":"https:\/\/www.agraritaeten-shop.com\/en\/shop\/prospekte\/prospekt-steyr\/steyr-prospekt-produktuebersicht-traktoren-96\/","title":{"rendered":"STEYR Prospekt Produkt\u00fcbersicht Traktoren &#8217;96"},"content":{"rendered":"<h1><strong>original brochure<br \/>\n<\/strong><\/h1>\n<h2>STEYR Produkt\u00fcbersicht &#8217;96<br \/>\n<span style=\"font-size: 75%;\">Traktoren 600\/900\/M900\/M9000\/9000\/9100\/9200\/9300<br \/>\nSchmalspurtraktoren S2, Plantagentraktoren P2, Kommunaltraktoren K, Forsttraktoren F, Ladewagen Hamster<\/span><\/h2>\n<ul>\n<li>approx. 9cm x 21cm<\/li>\n<li>fold-out along the length to 8 times its original size<\/li>\n<li>German<\/li>\n<li>not punched<\/li>\n<li>used<\/li>\n<li>very good condition<\/li>\n<li>100% original<\/li>\n<\/ul>","protected":false},"excerpt":{"rendered":"<p>original Prospekt STEYR Produkt\u00fcbersicht &#8217;96 Traktoren 600\/900\/M900\/M9000\/9000\/9100\/9200\/9300 Schmalspurtraktoren S2, Plantagentraktoren P2, Kommunaltraktoren K, Forsttraktoren F, Ladewagen Hamster ca. 9cm x 21cm der L\u00e4nge nach ausklappbar zur 8fachen Gr\u00f6\u00dfe Deutsch nicht gelocht gebraucht sehr guter Zustand 100% original<\/p>","protected":false},"featured_media":14886,"template":"","meta":[],"product_brand":[],"product_cat":[45,115,53],"product_tag":[489,307,885,303,186,306,188],"class_list":{"0":"post-14943","1":"product","2":"type-product","3":"status-publish","4":"has-post-thumbnail","6":"product_cat-prospekte","7":"product_cat-prospekt-steyr","8":"product_cat-steyr","9":"product_tag-kommunal","10":"product_tag-ladewagen","11":"product_tag-produktuebersicht","12":"product_tag-programm","13":"product_tag-prospekt","14":"product_tag-steyr","15":"product_tag-traktor","17":"first","18":"instock","19":"shipping-taxable","20":"purchasable","21":"product-type-simple"},"_links":{"self":[{"href":"https:\/\/www.agraritaeten-shop.com\/en\/wp-json\/wp\/v2\/product\/14943","targetHints":{"allow":["GET"]}}],"collection":[{"href":"https:\/\/www.agraritaeten-shop.com\/en\/wp-json\/wp\/v2\/product"}],"about":[{"href":"https:\/\/www.agraritaeten-shop.com\/en\/wp-json\/wp\/v2\/types\/product"}],"wp:featuredmedia":[{"embeddable":true,"href":"https:\/\/www.agraritaeten-shop.com\/en\/wp-json\/wp\/v2\/media\/14886"}],"wp:attachment":[{"href":"https:\/\/www.agraritaeten-shop.com\/en\/wp-json\/wp\/v2\/media?parent=14943"}],"wp:term":[{"taxonomy":"product_brand","embeddable":true,"href":"https:\/\/www.agraritaeten-shop.com\/en\/wp-json\/wp\/v2\/product_brand?post=14943"},{"taxonomy":"product_cat","embeddable":true,"href":"https:\/\/www.agraritaeten-shop.com\/en\/wp-json\/wp\/v2\/product_cat?post=14943"},{"taxonomy":"product_tag","embeddable":true,"href":"https:\/\/www.agraritaeten-shop.com\/en\/wp-json\/wp\/v2\/product_tag?post=14943"}],"curies":[{"name":"wp","href":"https:\/\/api.w.org\/{rel}","templated":true}]}}