{"id":14946,"date":"2025-03-15T13:48:15","date_gmt":"2025-03-15T12:48:15","guid":{"rendered":"https:\/\/www.agraritaeten-shop.com\/?post_type=product&#038;p=14946"},"modified":"2026-03-02T17:08:05","modified_gmt":"2026-03-02T16:08:05","slug":"steyr-prospekt-produktuebersicht-traktoren-2001","status":"publish","type":"product","link":"https:\/\/www.agraritaeten-shop.com\/en\/shop\/prospekte\/prospekt-steyr\/steyr-prospekt-produktuebersicht-traktoren-2001\/","title":{"rendered":"STEYR Prospekt Produkt\u00fcbersicht Traktoren 2001"},"content":{"rendered":"<h1><strong>original brochure<br \/>\n<\/strong><\/h1>\n<h2>STEYR Produkt\u00fcbersicht 2001<br \/>\n<span style=\"font-size: 75%;\">Traktoren M900\/M9000\/9100\/CVT<br \/>\nKommunaltraktoren K, Forsttraktoren F<\/span><\/h2>\n<ul>\n<li>approx. 9cm x 21cm<\/li>\n<li>fold-out along the length to 6 times its original size<\/li>\n<li>German<\/li>\n<li>not punched<\/li>\n<li>used<\/li>\n<li>small scribbles on the title page, barely noticeable, otherwise in very good condition<\/li>\n<li>100% original<\/li>\n<li>Print No.: <em>SM\/02.01\/Printed by T&amp;W, Steyr, Austria\/ ZNR. 85320110\/CODE NO. 1S8000\/D00<\/em><\/li>\n<\/ul>","protected":false},"excerpt":{"rendered":"<p>original Prospekt STEYR Produkt\u00fcbersicht 2001 Traktoren M900\/M9000\/9100\/CVT Kommunaltraktoren K, Forsttraktoren F ca. 9cm x 21cm der L\u00e4nge nach ausklappbar zur 6fachen Gr\u00f6\u00dfe Deutsch nicht gelocht gebraucht kleine Bekritzelungen auf der Titelseite, was aber kaum erkennbar ist, ansonsten sehr guter Zustand 100% original DruckNr. SM\/02.01\/Printed by T&amp;W, Steyr, Austria\/ ZNR. 85320110\/CODE NO. 1S8000\/D00<\/p>","protected":false},"featured_media":14884,"template":"","meta":[],"product_brand":[],"product_cat":[45,53,115],"product_tag":[754,489,885,303,186,306,188],"class_list":{"0":"post-14946","1":"product","2":"type-product","3":"status-publish","4":"has-post-thumbnail","6":"product_cat-prospekte","7":"product_cat-steyr","8":"product_cat-prospekt-steyr","9":"product_tag-forst","10":"product_tag-kommunal","11":"product_tag-produktuebersicht","12":"product_tag-programm","13":"product_tag-prospekt","14":"product_tag-steyr","15":"product_tag-traktor","17":"first","18":"instock","19":"shipping-taxable","20":"purchasable","21":"product-type-simple"},"_links":{"self":[{"href":"https:\/\/www.agraritaeten-shop.com\/en\/wp-json\/wp\/v2\/product\/14946","targetHints":{"allow":["GET"]}}],"collection":[{"href":"https:\/\/www.agraritaeten-shop.com\/en\/wp-json\/wp\/v2\/product"}],"about":[{"href":"https:\/\/www.agraritaeten-shop.com\/en\/wp-json\/wp\/v2\/types\/product"}],"wp:featuredmedia":[{"embeddable":true,"href":"https:\/\/www.agraritaeten-shop.com\/en\/wp-json\/wp\/v2\/media\/14884"}],"wp:attachment":[{"href":"https:\/\/www.agraritaeten-shop.com\/en\/wp-json\/wp\/v2\/media?parent=14946"}],"wp:term":[{"taxonomy":"product_brand","embeddable":true,"href":"https:\/\/www.agraritaeten-shop.com\/en\/wp-json\/wp\/v2\/product_brand?post=14946"},{"taxonomy":"product_cat","embeddable":true,"href":"https:\/\/www.agraritaeten-shop.com\/en\/wp-json\/wp\/v2\/product_cat?post=14946"},{"taxonomy":"product_tag","embeddable":true,"href":"https:\/\/www.agraritaeten-shop.com\/en\/wp-json\/wp\/v2\/product_tag?post=14946"}],"curies":[{"name":"wp","href":"https:\/\/api.w.org\/{rel}","templated":true}]}}