{"id":14947,"date":"2025-03-25T14:03:45","date_gmt":"2025-03-25T13:03:45","guid":{"rendered":"https:\/\/www.agraritaeten-shop.com\/?post_type=product&#038;p=14947"},"modified":"2026-03-02T13:20:54","modified_gmt":"2026-03-02T12:20:54","slug":"steyr-prospekt-produktuebersicht-traktoren-2","status":"publish","type":"product","link":"https:\/\/www.agraritaeten-shop.com\/en\/shop\/prospekte\/prospekt-steyr\/steyr-prospekt-produktuebersicht-traktoren-2\/","title":{"rendered":"STEYR Prospekt Produkt\u00fcbersicht Traktoren"},"content":{"rendered":"<h1><strong>original brochure<br \/>\n<\/strong><\/h1>\n<h2>STEYR Produkt\u00fcbersicht Traktoren<br \/>\n<span style=\"font-size: 75%;\">Traktoren Kompakt\/9000M\/Profi\/CVT\/<br \/>\nKommunaltraktoren K, Forsttraktoren F<\/span><\/h2>\n<ul>\n<li>approx. 9cm x 21cm<\/li>\n<li>fold-out along the length to 6 times its original size<\/li>\n<li>German<\/li>\n<li>not punched<\/li>\n<li>used<\/li>\n<li>one corner creased, otherwise in good condition<\/li>\n<li>100% original<\/li>\n<li>Print No.: <em>TP04\/SM\/09.05, Cod.n. 5S8000\/D00<\/em><\/li>\n<\/ul>","protected":false},"excerpt":{"rendered":"<p>original Prospekt STEYR Produkt\u00fcbersicht Traktoren Traktoren Kompakt\/9000M\/Profi\/CVT\/ Kommunaltraktoren K, Forsttraktoren F ca. 9cm x 21cm der L\u00e4nge nach ausklappbar zur 6fachen Gr\u00f6\u00dfe Deutsch nicht gelocht gebraucht eine Ecke geknickt, ansonsten guter Zustand 100% original DruckNr. TP04\/SM\/09.05, Cod.n. 5S8000\/D00<\/p>","protected":false},"featured_media":14883,"template":"","meta":[],"product_brand":[],"product_cat":[45,53,115],"product_tag":[754,489,885,303,186,306,188],"class_list":{"0":"post-14947","1":"product","2":"type-product","3":"status-publish","4":"has-post-thumbnail","6":"product_cat-prospekte","7":"product_cat-steyr","8":"product_cat-prospekt-steyr","9":"product_tag-forst","10":"product_tag-kommunal","11":"product_tag-produktuebersicht","12":"product_tag-programm","13":"product_tag-prospekt","14":"product_tag-steyr","15":"product_tag-traktor","17":"first","18":"instock","19":"shipping-taxable","20":"purchasable","21":"product-type-simple"},"_links":{"self":[{"href":"https:\/\/www.agraritaeten-shop.com\/en\/wp-json\/wp\/v2\/product\/14947","targetHints":{"allow":["GET"]}}],"collection":[{"href":"https:\/\/www.agraritaeten-shop.com\/en\/wp-json\/wp\/v2\/product"}],"about":[{"href":"https:\/\/www.agraritaeten-shop.com\/en\/wp-json\/wp\/v2\/types\/product"}],"wp:featuredmedia":[{"embeddable":true,"href":"https:\/\/www.agraritaeten-shop.com\/en\/wp-json\/wp\/v2\/media\/14883"}],"wp:attachment":[{"href":"https:\/\/www.agraritaeten-shop.com\/en\/wp-json\/wp\/v2\/media?parent=14947"}],"wp:term":[{"taxonomy":"product_brand","embeddable":true,"href":"https:\/\/www.agraritaeten-shop.com\/en\/wp-json\/wp\/v2\/product_brand?post=14947"},{"taxonomy":"product_cat","embeddable":true,"href":"https:\/\/www.agraritaeten-shop.com\/en\/wp-json\/wp\/v2\/product_cat?post=14947"},{"taxonomy":"product_tag","embeddable":true,"href":"https:\/\/www.agraritaeten-shop.com\/en\/wp-json\/wp\/v2\/product_tag?post=14947"}],"curies":[{"name":"wp","href":"https:\/\/api.w.org\/{rel}","templated":true}]}}