{"id":14950,"date":"2025-03-10T14:11:52","date_gmt":"2025-03-10T13:11:52","guid":{"rendered":"https:\/\/www.agraritaeten-shop.com\/?post_type=product&#038;p=14950"},"modified":"2026-03-02T17:26:25","modified_gmt":"2026-03-02T16:26:25","slug":"deutz-prospekt-dieselschlepper-14-100ps","status":"publish","type":"product","link":"https:\/\/www.agraritaeten-shop.com\/en\/shop\/prospekte\/deutz-fahr-prospekte\/deutz-prospekt-dieselschlepper-14-100ps\/","title":{"rendered":"DEUTZ Prospekt Dieselschlepper 14-100PS"},"content":{"rendered":"<h1><strong>original brochure<br \/>\n<\/strong><\/h1>\n<h2>DEUTZ Dieselschlepper 14-100PS<br \/>\nD15, D25, D25S, D40, D40S, D50, 50PS, 65PS, DK75, DK100<\/h2>\n<ul>\n<li>9,5cm x 20cm<\/li>\n<li>fold-out along the length to 5 times its original size<\/li>\n<li>German<\/li>\n<li>not punched<\/li>\n<li>used<\/li>\n<li>partially scribbled (notes) but in very good condition<\/li>\n<li>100% original<\/li>\n<li>Print No.: <em>W 1099-82\/1, 2000\/04\/60<\/em><\/li>\n<\/ul>","protected":false},"excerpt":{"rendered":"<p>original Prospekt DEUTZ Dieselschlepper 14-100PS D15, D25, D25S, D40, D40S, D50, 50PS, 65PS, DK75, DK100 9,5cm x 20cm der L\u00e4nge nach ausklappbar zur 5fachen Gr\u00f6\u00dfe Deutsch nicht gelocht gebraucht teilweise bekritzelt (Notizen), aber sehr guter Zustand 100% original DruckNr. W 1099-82\/1, 2000\/04\/60<\/p>","protected":false},"featured_media":14887,"template":"","meta":[],"product_brand":[],"product_cat":[150,38,45],"product_tag":[301,186,256,188],"class_list":{"0":"post-14950","1":"product","2":"type-product","3":"status-publish","4":"has-post-thumbnail","6":"product_cat-deutz-fahr-prospekte","7":"product_cat-deutz_fahr","8":"product_cat-prospekte","9":"product_tag-deutz","10":"product_tag-prospekt","11":"product_tag-schlepper","12":"product_tag-traktor","14":"first","15":"instock","16":"shipping-taxable","17":"purchasable","18":"product-type-simple"},"_links":{"self":[{"href":"https:\/\/www.agraritaeten-shop.com\/en\/wp-json\/wp\/v2\/product\/14950","targetHints":{"allow":["GET"]}}],"collection":[{"href":"https:\/\/www.agraritaeten-shop.com\/en\/wp-json\/wp\/v2\/product"}],"about":[{"href":"https:\/\/www.agraritaeten-shop.com\/en\/wp-json\/wp\/v2\/types\/product"}],"wp:featuredmedia":[{"embeddable":true,"href":"https:\/\/www.agraritaeten-shop.com\/en\/wp-json\/wp\/v2\/media\/14887"}],"wp:attachment":[{"href":"https:\/\/www.agraritaeten-shop.com\/en\/wp-json\/wp\/v2\/media?parent=14950"}],"wp:term":[{"taxonomy":"product_brand","embeddable":true,"href":"https:\/\/www.agraritaeten-shop.com\/en\/wp-json\/wp\/v2\/product_brand?post=14950"},{"taxonomy":"product_cat","embeddable":true,"href":"https:\/\/www.agraritaeten-shop.com\/en\/wp-json\/wp\/v2\/product_cat?post=14950"},{"taxonomy":"product_tag","embeddable":true,"href":"https:\/\/www.agraritaeten-shop.com\/en\/wp-json\/wp\/v2\/product_tag?post=14950"}],"curies":[{"name":"wp","href":"https:\/\/api.w.org\/{rel}","templated":true}]}}